{"id":6463,"date":"2025-04-24T09:56:19","date_gmt":"2025-04-24T09:56:19","guid":{"rendered":"https:\/\/imf-defense.com\/?page_id=6463"},"modified":"2025-12-19T12:51:19","modified_gmt":"2025-12-19T12:51:19","slug":"impressum","status":"publish","type":"page","link":"https:\/\/imf-defense.com\/vi\/dau-an\/","title":{"rendered":"d\u1ea5u \u1ea5n"},"content":{"rendered":"<div data-elementor-type=\"wp-page\" data-elementor-id=\"6463\" class=\"elementor elementor-6463\" data-elementor-post-type=\"page\">\n\t\t\t\t<div class=\"elementor-element elementor-element-89f9380 e-con-full e-flex e-con e-parent\" data-id=\"89f9380\" data-element_type=\"container\" data-settings=\"{&quot;background_background&quot;:&quot;classic&quot;}\">\n\t\t\t\t<\/div>\n\t\t<div class=\"elementor-element elementor-element-f875d08 e-con-full e-flex e-con e-parent\" data-id=\"f875d08\" data-element_type=\"container\">\n\t\t\t\t<div class=\"elementor-element elementor-element-4768b9e elementor-widget elementor-widget-text-editor\" data-id=\"4768b9e\" data-element_type=\"widget\" data-widget_type=\"text-editor.default\">\n\t\t\t\t<div class=\"elementor-widget-container\">\n\t\t\t\t\t\t\t\t\t<h2>d\u1ea5u \u1ea5n<\/h2><p>C\u00f4ng ty TNHH B\u1ecdt kim lo\u1ea1i qu\u1ed1c t\u1ebf<br \/>Zeltweg 11, CH-8023 Z\u00fcrich<\/p><p><strong>E-mail:<\/strong> info@imf-ag.com<br \/><strong>\u0110i\u1ec7n tho\u1ea1i:<\/strong> +41 44 256 16 07<br \/><strong>Trang web:<\/strong> imf-ag.com<br \/><strong>H\u1ed9i \u0111\u1ed3ng qu\u1ea3n tr\u1ecb:<\/strong> Frank Schiffer, Zurich<br \/><strong>H\u1ed9i \u0111\u1ed3ng qu\u1ea3n tr\u1ecb:<\/strong> Gi\u00e1o s\u01b0 Ti\u1ebfn s\u0129-Ing. Dirk Zielke, Brandenburg an der Havel<br \/><strong>S\u1ed5 \u0111\u0103ng k\u00fd th\u01b0\u01a1ng m\u1ea1i:<\/strong> S\u1ed5 \u0111\u0103ng k\u00fd th\u01b0\u01a1ng m\u1ea1i Zurich<br \/><strong>M\u00e3 s\u1ed1 thu\u1ebf GTGT:<\/strong> CHE-106.156.173<\/p><h3>Th\u00f4ng b\u00e1o ph\u00e1p l\u00fd<\/h3><p>Gi\u1ea3i quy\u1ebft tranh ch\u1ea5p t\u1ea1i EU Ng\u01b0\u1eddi ti\u00eau d\u00f9ng c\u00f3 c\u01a1 h\u1ed9i g\u1eedi khi\u1ebfu n\u1ea1i t\u1edbi n\u1ec1n t\u1ea3ng gi\u1ea3i quy\u1ebft tranh ch\u1ea5p tr\u1ef1c tuy\u1ebfn c\u1ee7a EU: <a href=\"https:\/\/ec.europa.eu\/consumers\/odr\/main\">https:\/\/ec.europa.eu\/consumers\/odr\/main<\/a> ho\u1eb7c n\u1ebfu b\u1ea1n s\u1ed1ng \u1edf \u00c1o: <a href=\"https:\/\/europakonsument.at\">https:\/\/europakonsument.at<\/a> B\u1ea1n c\u0169ng c\u00f3 th\u1ec3 g\u1eedi b\u1ea5t k\u1ef3 khi\u1ebfu n\u1ea1i n\u00e0o \u0111\u1ebfn \u0111\u1ecba ch\u1ec9 email \u0111\u01b0\u1ee3c cung c\u1ea5p \u1edf tr\u00ean.<\/p><p>L\u01b0u \u00fd v\u1ec1 gi\u1ea3i quy\u1ebft tranh ch\u1ea5p Ch\u00fang t\u00f4i kh\u00f4ng s\u1eb5n l\u00f2ng ho\u1eb7c kh\u00f4ng c\u00f3 ngh\u0129a v\u1ee5 tham gia v\u00e0o qu\u00e1 tr\u00ecnh gi\u1ea3i quy\u1ebft tranh ch\u1ea5p tr\u01b0\u1edbc h\u1ed9i \u0111\u1ed3ng tr\u1ecdng t\u00e0i ng\u01b0\u1eddi ti\u00eau d\u00f9ng.<\/p><p>Tuy\u00ean b\u1ed1 mi\u1ec5n tr\u1eeb tr\u00e1ch nhi\u1ec7m v\u1ec1 n\u1ed9i dung v\u00e0 li\u00ean k\u1ebft Ch\u00fang t\u00f4i n\u1ed7 l\u1ef1c li\u00ean t\u1ee5c c\u1eadp nh\u1eadt v\u00e0 tr\u00ecnh b\u00e0y ch\u00ednh x\u00e1c n\u1ed9i dung \u0111\u01b0\u1ee3c cung c\u1ea5p tr\u00ean trang web n\u00e0y. Tuy nhi\u00ean, ch\u00fang t\u00f4i kh\u00f4ng ch\u1ecbu tr\u00e1ch nhi\u1ec7m v\u1ec1 t\u00ednh ch\u00ednh x\u00e1c, \u0111\u1ea7y \u0111\u1ee7 ho\u1eb7c k\u1ecbp th\u1eddi c\u1ee7a th\u00f4ng tin \u0111\u01b0\u1ee3c cung c\u1ea5p, \u0111\u1eb7c bi\u1ec7t l\u00e0 th\u00f4ng tin do b\u00ean th\u1ee9 ba cung c\u1ea5p. Ch\u00fang t\u00f4i b\u1ea3o l\u01b0u quy\u1ec1n thay \u0111\u1ed5i, th\u00eam ho\u1eb7c x\u00f3a n\u1ed9i dung m\u00e0 kh\u00f4ng c\u1ea7n th\u00f4ng b\u00e1o tr\u01b0\u1edbc.<\/p><p>Trang web c\u1ee7a ch\u00fang t\u00f4i ch\u1ee9a c\u00e1c li\u00ean k\u1ebft \u0111\u1ebfn c\u00e1c trang web b\u00ean th\u1ee9 ba b\u00ean ngo\u00e0i m\u00e0 ch\u00fang t\u00f4i kh\u00f4ng th\u1ec3 t\u00e1c \u0111\u1ed9ng \u0111\u1ebfn n\u1ed9i dung c\u1ee7a ch\u00fang. Nh\u00e0 cung c\u1ea5p ho\u1eb7c nh\u00e0 \u0111i\u1ec1u h\u00e0nh t\u01b0\u01a1ng \u1ee9ng c\u1ee7a c\u00e1c trang \u0111\u01b0\u1ee3c li\u00ean k\u1ebft lu\u00f4n ch\u1ecbu tr\u00e1ch nhi\u1ec7m v\u1ec1 n\u1ed9i dung c\u1ee7a c\u00e1c trang \u0111\u01b0\u1ee3c li\u00ean k\u1ebft. T\u1ea1i th\u1eddi \u0111i\u1ec3m li\u00ean k\u1ebft, kh\u00f4ng c\u00f3 n\u1ed9i dung b\u1ea5t h\u1ee3p ph\u00e1p n\u00e0o \u0111\u01b0\u1ee3c ph\u00e1t hi\u1ec7n. Tuy nhi\u00ean, vi\u1ec7c gi\u00e1m s\u00e1t li\u00ean t\u1ee5c n\u1ed9i dung c\u1ee7a c\u00e1c trang \u0111\u01b0\u1ee3c li\u00ean k\u1ebft l\u00e0 kh\u00f4ng h\u1ee3p l\u00fd n\u1ebfu kh\u00f4ng c\u00f3 b\u1eb1ng ch\u1ee9ng c\u1ee5 th\u1ec3 v\u1ec1 h\u00e0nh vi vi ph\u1ea1m ph\u00e1p lu\u1eadt. Khi \u0111\u01b0\u1ee3c th\u00f4ng b\u00e1o v\u1ec1 b\u1ea5t k\u1ef3 h\u00e0nh vi vi ph\u1ea1m ph\u00e1p lu\u1eadt n\u00e0o, c\u00e1c li\u00ean k\u1ebft \u0111\u00f3 s\u1ebd b\u1ecb x\u00f3a ngay l\u1eadp t\u1ee9c.<\/p><p>L\u01b0u \u00fd B\u1ea3n quy\u1ec1n: N\u1ed9i dung \u0111\u01b0\u1ee3c \u0111\u0103ng t\u1ea3i tr\u00ean trang web n\u00e0y, bao g\u1ed3m \u0111\u1ed3 h\u1ecda, h\u00ecnh \u1ea3nh, \u1ea3nh ch\u1ee5p, v\u0103n b\u1ea3n v\u00e0 video (sau \u0111\u00e2y g\u1ecdi l\u00e0 &quot;n\u1ed9i dung&quot;), \u0111\u1ec1u thu\u1ed9c b\u1ea3n quy\u1ec1n. Ch\u00fang t\u00f4i c\u1ed1 g\u1eafng ch\u1ec9 s\u1eed d\u1ee5ng n\u1ed9i dung t\u1ef1 t\u1ea1o ho\u1eb7c t\u00e0i li\u1ec7u kh\u00f4ng c\u00f3 gi\u1ea5y ph\u00e9p, \u0111\u1ed3ng th\u1eddi tu\u00e2n th\u1ee7 lu\u1eadt b\u1ea3n quy\u1ec1n hi\u1ec7n h\u00e0nh.<\/p><p>B\u1ea3n quy\u1ec1n cho m\u1ed9t s\u1ed1 \u0111\u1ed3 h\u1ecda, h\u00ecnh \u1ea3nh v\u00e0 \u1ea3nh ch\u1ee5p \u0111\u01b0\u1ee3c s\u1eed d\u1ee5ng tr\u00ean trang web n\u00e0y \u0111\u00e3 \u0111\u01b0\u1ee3c mua th\u00f4ng qua c\u00e1c nh\u00e0 cung c\u1ea5p b\u00ean ngo\u00e0i. M\u1ecdi h\u00e0nh vi s\u1eed d\u1ee5ng n\u1ed9i dung \u0111\u01b0\u1ee3c c\u1ea5p ph\u00e9p n\u00e0y \u0111\u1ec1u ph\u1ea3i tu\u00e2n theo c\u00e1c \u0111i\u1ec1u kho\u1ea3n c\u1ea5p ph\u00e9p t\u01b0\u01a1ng \u1ee9ng. Nghi\u00eam c\u1ea5m vi\u1ec7c t\u00e1i s\u1eed d\u1ee5ng, sao ch\u00e9p, ch\u1ec9nh s\u1eeda ho\u1eb7c ph\u00e2n ph\u1ed1i n\u1ed9i dung n\u00e0y n\u1ebfu kh\u00f4ng c\u00f3 s\u1ef1 \u0111\u1ed3ng \u00fd r\u00f5 r\u00e0ng c\u1ee7a ch\u00fang t\u00f4i v\u00e0 kh\u00f4ng tu\u00e2n th\u1ee7 c\u00e1c \u0111i\u1ec1u kho\u1ea3n c\u1ea5p ph\u00e9p hi\u1ec7n h\u00e0nh.<\/p><p>N\u1ed9i dung c\u1ee7a trang web n\u00e0y do ch\u00fang t\u00f4i t\u1ea1o ra kh\u00f4ng \u0111\u01b0\u1ee3c ph\u00e9p sao ch\u00e9p, ch\u1ec9nh s\u1eeda, ph\u00e2n ph\u1ed1i ho\u1eb7c s\u1eed d\u1ee5ng theo c\u00e1ch kh\u00e1c m\u00e0 kh\u00f4ng c\u00f3 s\u1ef1 cho ph\u00e9p tr\u01b0\u1edbc b\u1eb1ng v\u0103n b\u1ea3n.<\/p><p>N\u1ed9i dung c\u1ee7a b\u00ean th\u1ee9 ba \u0111\u01b0\u1ee3c \u0111\u00e1nh d\u1ea5u l\u00e0 vi ph\u1ea1m b\u1ea3n quy\u1ec1n tr\u1eeb khi n\u1ed9i dung \u0111\u00f3 \u0111\u1ebfn t\u1eeb ch\u00fang t\u00f4i. Tuy nhi\u00ean, n\u1ebfu b\u1ea1n ph\u00e1t hi\u1ec7n c\u00f3 kh\u1ea3 n\u0103ng vi ph\u1ea1m b\u1ea3n quy\u1ec1n, ch\u00fang t\u00f4i y\u00eau c\u1ea7u b\u1ea1n th\u00f4ng b\u00e1o ngay cho ch\u00fang t\u00f4i. Khi nh\u1eadn \u0111\u01b0\u1ee3c th\u00f4ng b\u00e1o v\u1ec1 b\u1ea5t k\u1ef3 vi ph\u1ea1m n\u00e0o, ch\u00fang t\u00f4i s\u1ebd x\u00f3a n\u1ed9i dung b\u1ecb \u1ea3nh h\u01b0\u1edfng ngay l\u1eadp t\u1ee9c.<\/p>\t\t\t\t\t\t\t\t<\/div>\n\t\t\t\t<\/div>\n\t\t\t\t<\/div>\n\t\t\t\t<\/div>","protected":false},"excerpt":{"rendered":"<p>Impressum International Metal Foam AGZeltweg 11, CH-8023 Z\u00fcrich E-Mail: info@imf-ag.comTelefon: +41 44 256 16 07Website: imf-ag.comVerwaltungsrat: Frank Schiffer, Z\u00fcrichVerwaltungsrat: Prof. Dr.-Ing. Dirk Zielke, Brandenburg a. d. HavelHandelsregister: Handelsregister Z\u00fcrichUID-Nummer: CHE-106.156.173 Rechtliche Hinweise EU-Streitschlichtung Verbraucher haben die M\u00f6glichkeit, Beschwerden an die Online-Streitbeilegungsplattform der EU zu richten: https:\/\/ec.europa.eu\/consumers\/odr\/main oder ggf. wenn Sie in \u00d6sterreich leben: https:\/\/europakonsument.at . [&hellip;]<\/p>","protected":false},"author":1,"featured_media":0,"parent":0,"menu_order":0,"comment_status":"closed","ping_status":"closed","template":"","meta":{"_acf_changed":false,"iawp_total_views":163,"footnotes":""},"class_list":["post-6463","page","type-page","status-publish","hentry"],"yoast_head":"<!-- This site is optimized with the Yoast SEO plugin v24.9 - https:\/\/yoast.com\/wordpress\/plugins\/seo\/ -->\n<title>Rechtliche Angaben &amp; Kontakt | IMF Defense<\/title>\n<meta name=\"description\" content=\"Impressum: Hier finden Sie alle rechtlichen Angaben, Handelsregistereintrag, Vertretungsberechtigte und Kontaktm\u00f6glichkeiten in Z\u00fcrich.\" \/>\n<meta name=\"robots\" content=\"index, follow, max-snippet:-1, max-image-preview:large, max-video-preview:-1\" \/>\n<link rel=\"canonical\" href=\"https:\/\/imf-defense.com\/vi\/dau-an\/\" \/>\n<meta property=\"og:locale\" content=\"vi_VN\" \/>\n<meta property=\"og:type\" content=\"article\" \/>\n<meta property=\"og:title\" content=\"Rechtliche Angaben &amp; Kontakt | IMF Defense\" \/>\n<meta property=\"og:description\" content=\"Impressum: Hier finden Sie alle rechtlichen Angaben, Handelsregistereintrag, Vertretungsberechtigte und Kontaktm\u00f6glichkeiten in Z\u00fcrich.\" \/>\n<meta property=\"og:url\" content=\"https:\/\/imf-defense.com\/vi\/dau-an\/\" \/>\n<meta property=\"og:site_name\" content=\"International Metal Foam AG\" \/>\n<meta property=\"article:modified_time\" content=\"2025-12-19T12:51:19+00:00\" \/>\n<meta name=\"twitter:card\" content=\"summary_large_image\" \/>\n<meta name=\"twitter:label1\" content=\"\u01af\u1edbc t\u00ednh th\u1eddi gian \u0111\u1ecdc\" \/>\n\t<meta name=\"twitter:data1\" content=\"2 ph\u00fat\" \/>\n<script type=\"application\/ld+json\" class=\"yoast-schema-graph\">{\"@context\":\"https:\/\/schema.org\",\"@graph\":[{\"@type\":\"WebPage\",\"@id\":\"https:\/\/imf-defense.com\/impressum\/\",\"url\":\"https:\/\/imf-defense.com\/impressum\/\",\"name\":\"Rechtliche Angaben & Kontakt | IMF Defense\",\"isPartOf\":{\"@id\":\"https:\/\/imf-defense.com\/#website\"},\"datePublished\":\"2025-04-24T09:56:19+00:00\",\"dateModified\":\"2025-12-19T12:51:19+00:00\",\"description\":\"Impressum: Hier finden Sie alle rechtlichen Angaben, Handelsregistereintrag, Vertretungsberechtigte und Kontaktm\u00f6glichkeiten in Z\u00fcrich.\",\"breadcrumb\":{\"@id\":\"https:\/\/imf-defense.com\/impressum\/#breadcrumb\"},\"inLanguage\":\"vi\",\"potentialAction\":[{\"@type\":\"ReadAction\",\"target\":[\"https:\/\/imf-defense.com\/impressum\/\"]}]},{\"@type\":\"BreadcrumbList\",\"@id\":\"https:\/\/imf-defense.com\/impressum\/#breadcrumb\",\"itemListElement\":[{\"@type\":\"ListItem\",\"position\":1,\"name\":\"Startseite\",\"item\":\"https:\/\/imf-defense.com\/\"},{\"@type\":\"ListItem\",\"position\":2,\"name\":\"Impressum\"}]},{\"@type\":\"WebSite\",\"@id\":\"https:\/\/imf-defense.com\/#website\",\"url\":\"https:\/\/imf-defense.com\/\",\"name\":\"International Metal Foam AG\",\"description\":\"\",\"potentialAction\":[{\"@type\":\"SearchAction\",\"target\":{\"@type\":\"EntryPoint\",\"urlTemplate\":\"https:\/\/imf-defense.com\/?s={search_term_string}\"},\"query-input\":{\"@type\":\"PropertyValueSpecification\",\"valueRequired\":true,\"valueName\":\"search_term_string\"}}],\"inLanguage\":\"vi\"}]}<\/script>\n<!-- \/ Yoast SEO plugin. -->","yoast_head_json":{"title":"Rechtliche Angaben & Kontakt | IMF Defense","description":"Impressum: Hier finden Sie alle rechtlichen Angaben, Handelsregistereintrag, Vertretungsberechtigte und Kontaktm\u00f6glichkeiten in Z\u00fcrich.","robots":{"index":"index","follow":"follow","max-snippet":"max-snippet:-1","max-image-preview":"max-image-preview:large","max-video-preview":"max-video-preview:-1"},"canonical":"https:\/\/imf-defense.com\/vi\/dau-an\/","og_locale":"vi_VN","og_type":"article","og_title":"Rechtliche Angaben & Kontakt | IMF Defense","og_description":"Impressum: Hier finden Sie alle rechtlichen Angaben, Handelsregistereintrag, Vertretungsberechtigte und Kontaktm\u00f6glichkeiten in Z\u00fcrich.","og_url":"https:\/\/imf-defense.com\/vi\/dau-an\/","og_site_name":"International Metal Foam AG","article_modified_time":"2025-12-19T12:51:19+00:00","twitter_card":"summary_large_image","twitter_misc":{"\u01af\u1edbc t\u00ednh th\u1eddi gian \u0111\u1ecdc":"2 ph\u00fat"},"schema":{"@context":"https:\/\/schema.org","@graph":[{"@type":"WebPage","@id":"https:\/\/imf-defense.com\/impressum\/","url":"https:\/\/imf-defense.com\/impressum\/","name":"Rechtliche Angaben & Kontakt | IMF Defense","isPartOf":{"@id":"https:\/\/imf-defense.com\/#website"},"datePublished":"2025-04-24T09:56:19+00:00","dateModified":"2025-12-19T12:51:19+00:00","description":"Impressum: Hier finden Sie alle rechtlichen Angaben, Handelsregistereintrag, Vertretungsberechtigte und Kontaktm\u00f6glichkeiten in Z\u00fcrich.","breadcrumb":{"@id":"https:\/\/imf-defense.com\/impressum\/#breadcrumb"},"inLanguage":"vi","potentialAction":[{"@type":"ReadAction","target":["https:\/\/imf-defense.com\/impressum\/"]}]},{"@type":"BreadcrumbList","@id":"https:\/\/imf-defense.com\/impressum\/#breadcrumb","itemListElement":[{"@type":"ListItem","position":1,"name":"Startseite","item":"https:\/\/imf-defense.com\/"},{"@type":"ListItem","position":2,"name":"Impressum"}]},{"@type":"WebSite","@id":"https:\/\/imf-defense.com\/#website","url":"https:\/\/imf-defense.com\/","name":"International Metal Foam AG","description":"","potentialAction":[{"@type":"SearchAction","target":{"@type":"EntryPoint","urlTemplate":"https:\/\/imf-defense.com\/?s={search_term_string}"},"query-input":{"@type":"PropertyValueSpecification","valueRequired":true,"valueName":"search_term_string"}}],"inLanguage":"vi"}]}},"acf":[],"_links":{"self":[{"href":"https:\/\/imf-defense.com\/vi\/wp-json\/wp\/v2\/pages\/6463","targetHints":{"allow":["GET"]}}],"collection":[{"href":"https:\/\/imf-defense.com\/vi\/wp-json\/wp\/v2\/pages"}],"about":[{"href":"https:\/\/imf-defense.com\/vi\/wp-json\/wp\/v2\/types\/page"}],"author":[{"embeddable":true,"href":"https:\/\/imf-defense.com\/vi\/wp-json\/wp\/v2\/users\/1"}],"replies":[{"embeddable":true,"href":"https:\/\/imf-defense.com\/vi\/wp-json\/wp\/v2\/comments?post=6463"}],"version-history":[{"count":25,"href":"https:\/\/imf-defense.com\/vi\/wp-json\/wp\/v2\/pages\/6463\/revisions"}],"predecessor-version":[{"id":7935,"href":"https:\/\/imf-defense.com\/vi\/wp-json\/wp\/v2\/pages\/6463\/revisions\/7935"}],"wp:attachment":[{"href":"https:\/\/imf-defense.com\/vi\/wp-json\/wp\/v2\/media?parent=6463"}],"curies":[{"name":"wp","href":"https:\/\/api.w.org\/{rel}","templated":true}]}}