{"id":6463,"date":"2025-04-24T09:56:19","date_gmt":"2025-04-24T09:56:19","guid":{"rendered":"https:\/\/imf-defense.com\/?page_id=6463"},"modified":"2025-12-19T12:51:19","modified_gmt":"2025-12-19T12:51:19","slug":"impressum","status":"publish","type":"page","link":"https:\/\/imf-defense.com\/th\/%e0%b8%a3%e0%b8%ad%e0%b8%a2%e0%b8%9b%e0%b8%a3%e0%b8%b0%e0%b8%97%e0%b8%b1%e0%b8%9a\/","title":{"rendered":"\u0e15\u0e23\u0e32\u0e1b\u0e23\u0e30\u0e17\u0e31\u0e1a"},"content":{"rendered":"<div data-elementor-type=\"wp-page\" data-elementor-id=\"6463\" class=\"elementor elementor-6463\" data-elementor-post-type=\"page\">\n\t\t\t\t<div class=\"elementor-element elementor-element-89f9380 e-con-full e-flex e-con e-parent\" data-id=\"89f9380\" data-element_type=\"container\" data-settings=\"{&quot;background_background&quot;:&quot;classic&quot;}\">\n\t\t\t\t<\/div>\n\t\t<div class=\"elementor-element elementor-element-f875d08 e-con-full e-flex e-con e-parent\" data-id=\"f875d08\" data-element_type=\"container\">\n\t\t\t\t<div class=\"elementor-element elementor-element-4768b9e elementor-widget elementor-widget-text-editor\" data-id=\"4768b9e\" data-element_type=\"widget\" data-widget_type=\"text-editor.default\">\n\t\t\t\t<div class=\"elementor-widget-container\">\n\t\t\t\t\t\t\t\t\t<h2>\u0e15\u0e23\u0e32\u0e1b\u0e23\u0e30\u0e17\u0e31\u0e1a<\/h2><p>\u0e2d\u0e34\u0e19\u0e40\u0e15\u0e2d\u0e23\u0e4c\u0e40\u0e19\u0e0a\u0e31\u0e48\u0e19\u0e41\u0e19\u0e25 \u0e40\u0e21\u0e17\u0e31\u0e25\u0e42\u0e1f\u0e21 \u0e40\u0e2d\u0e08\u0e35<br \/>Zeltweg 11, CH-8023 Z\u00fcrich<\/p><p><strong>\u0e2d\u0e35\u0e40\u0e21\u0e25:<\/strong> info@imf-ag.com<br \/><strong>\u0e42\u0e17\u0e23\u0e28\u0e31\u0e1e\u0e17\u0e4c:<\/strong> +41 44 256 16 07<br \/><strong>\u0e40\u0e27\u0e47\u0e1a\u0e44\u0e0b\u0e15\u0e4c:<\/strong> imf-ag.com<br \/><strong>\u0e04\u0e13\u0e30\u0e01\u0e23\u0e23\u0e21\u0e01\u0e32\u0e23\u0e1a\u0e23\u0e34\u0e2b\u0e32\u0e23:<\/strong> \u0e41\u0e1f\u0e23\u0e07\u0e04\u0e4c \u0e0a\u0e34\u0e1f\u0e40\u0e1f\u0e2d\u0e23\u0e4c \u0e0b\u0e39\u0e23\u0e34\u0e04<br \/><strong>\u0e04\u0e13\u0e30\u0e01\u0e23\u0e23\u0e21\u0e01\u0e32\u0e23\u0e1a\u0e23\u0e34\u0e2b\u0e32\u0e23:<\/strong> \u0e23\u0e28.\u0e14\u0e23.-\u0e2d\u0e34\u0e07 \u0e40\u0e14\u0e34\u0e23\u0e4c\u0e04 \u0e0b\u0e35\u0e25\u0e40\u0e04\u0e2d, \u0e1a\u0e23\u0e31\u0e19\u0e40\u0e14\u0e34\u0e19\u0e1a\u0e27\u0e23\u0e4c\u0e01 \u0e2d\u0e31\u0e19 \u0e41\u0e14\u0e23\u0e4c \u0e2e\u0e32\u0e40\u0e27\u0e34\u0e25<br \/><strong>\u0e17\u0e30\u0e40\u0e1a\u0e35\u0e22\u0e19\u0e1e\u0e32\u0e13\u0e34\u0e0a\u0e22\u0e4c :<\/strong> \u0e17\u0e30\u0e40\u0e1a\u0e35\u0e22\u0e19\u0e1e\u0e32\u0e13\u0e34\u0e0a\u0e22\u0e4c\u0e0b\u0e39\u0e23\u0e34\u0e01<br \/><strong>\u0e40\u0e25\u0e02\u0e1b\u0e23\u0e30\u0e08\u0e33\u0e15\u0e31\u0e27\u0e1c\u0e39\u0e49\u0e40\u0e2a\u0e35\u0e22\u0e20\u0e32\u0e29\u0e35\u0e21\u0e39\u0e25\u0e04\u0e48\u0e32\u0e40\u0e1e\u0e34\u0e48\u0e21 :<\/strong> \u0e40\u0e0a-106.156.173<\/p><h3>\u0e1b\u0e23\u0e30\u0e01\u0e32\u0e28\u0e17\u0e32\u0e07\u0e01\u0e0e\u0e2b\u0e21\u0e32\u0e22<\/h3><p>\u0e1c\u0e39\u0e49\u0e1a\u0e23\u0e34\u0e42\u0e20\u0e04\u0e43\u0e19\u0e01\u0e32\u0e23\u0e41\u0e01\u0e49\u0e44\u0e02\u0e02\u0e49\u0e2d\u0e1e\u0e34\u0e1e\u0e32\u0e17\u0e02\u0e2d\u0e07\u0e2a\u0e2b\u0e20\u0e32\u0e1e\u0e22\u0e38\u0e42\u0e23\u0e1b\u0e21\u0e35\u0e42\u0e2d\u0e01\u0e32\u0e2a\u0e17\u0e35\u0e48\u0e08\u0e30\u0e2a\u0e48\u0e07\u0e04\u0e33\u0e23\u0e49\u0e2d\u0e07\u0e40\u0e23\u0e35\u0e22\u0e19\u0e44\u0e1b\u0e22\u0e31\u0e07\u0e41\u0e1e\u0e25\u0e15\u0e1f\u0e2d\u0e23\u0e4c\u0e21\u0e01\u0e32\u0e23\u0e41\u0e01\u0e49\u0e44\u0e02\u0e02\u0e49\u0e2d\u0e1e\u0e34\u0e1e\u0e32\u0e17\u0e2d\u0e2d\u0e19\u0e44\u0e25\u0e19\u0e4c\u0e02\u0e2d\u0e07\u0e2a\u0e2b\u0e20\u0e32\u0e1e\u0e22\u0e38\u0e42\u0e23\u0e1b: <a href=\"https:\/\/ec.europa.eu\/consumers\/odr\/main\">https:\/\/ec.europa.eu\/consumers\/odr\/main<\/a> \u0e2b\u0e23\u0e37\u0e2d\u0e2b\u0e32\u0e01\u0e04\u0e38\u0e13\u0e2d\u0e32\u0e28\u0e31\u0e22\u0e2d\u0e22\u0e39\u0e48\u0e43\u0e19\u0e2d\u0e2d\u0e2a\u0e40\u0e15\u0e23\u0e35\u0e22: <a href=\"https:\/\/europakonsument.at\">https:\/\/europakonsument.at<\/a> \u0e04\u0e38\u0e13\u0e2a\u0e32\u0e21\u0e32\u0e23\u0e16\u0e2a\u0e48\u0e07\u0e02\u0e49\u0e2d\u0e23\u0e49\u0e2d\u0e07\u0e40\u0e23\u0e35\u0e22\u0e19\u0e43\u0e14\u0e46 \u0e44\u0e1b\u0e22\u0e31\u0e07\u0e17\u0e35\u0e48\u0e2d\u0e22\u0e39\u0e48\u0e2d\u0e35\u0e40\u0e21\u0e25\u0e17\u0e35\u0e48\u0e43\u0e2b\u0e49\u0e44\u0e27\u0e49\u0e02\u0e49\u0e32\u0e07\u0e15\u0e49\u0e19\u0e44\u0e14\u0e49<\/p><p>\u0e2b\u0e21\u0e32\u0e22\u0e40\u0e2b\u0e15\u0e38\u0e40\u0e01\u0e35\u0e48\u0e22\u0e27\u0e01\u0e31\u0e1a\u0e01\u0e32\u0e23\u0e41\u0e01\u0e49\u0e44\u0e02\u0e02\u0e49\u0e2d\u0e1e\u0e34\u0e1e\u0e32\u0e17 \u0e40\u0e23\u0e32\u0e44\u0e21\u0e48\u0e40\u0e15\u0e47\u0e21\u0e43\u0e08\u0e2b\u0e23\u0e37\u0e2d\u0e21\u0e35\u0e1e\u0e31\u0e19\u0e18\u0e30\u0e17\u0e35\u0e48\u0e08\u0e30\u0e40\u0e02\u0e49\u0e32\u0e23\u0e48\u0e27\u0e21\u0e43\u0e19\u0e01\u0e23\u0e30\u0e1a\u0e27\u0e19\u0e01\u0e32\u0e23\u0e41\u0e01\u0e49\u0e44\u0e02\u0e02\u0e49\u0e2d\u0e1e\u0e34\u0e1e\u0e32\u0e17\u0e15\u0e48\u0e2d\u0e2b\u0e19\u0e49\u0e32\u0e04\u0e13\u0e30\u0e2d\u0e19\u0e38\u0e0d\u0e32\u0e42\u0e15\u0e15\u0e38\u0e25\u0e32\u0e01\u0e32\u0e23\u0e1c\u0e39\u0e49\u0e1a\u0e23\u0e34\u0e42\u0e20\u0e04<\/p><p>\u0e02\u0e49\u0e2d\u0e2a\u0e07\u0e27\u0e19\u0e2a\u0e34\u0e17\u0e18\u0e34\u0e4c\u0e2a\u0e33\u0e2b\u0e23\u0e31\u0e1a\u0e40\u0e19\u0e37\u0e49\u0e2d\u0e2b\u0e32\u0e41\u0e25\u0e30\u0e25\u0e34\u0e07\u0e01\u0e4c \u0e40\u0e23\u0e32\u0e21\u0e38\u0e48\u0e07\u0e21\u0e31\u0e48\u0e19\u0e17\u0e35\u0e48\u0e08\u0e30\u0e2d\u0e31\u0e1b\u0e40\u0e14\u0e15\u0e41\u0e25\u0e30\u0e19\u0e33\u0e40\u0e2a\u0e19\u0e2d\u0e40\u0e19\u0e37\u0e49\u0e2d\u0e2b\u0e32\u0e1a\u0e19\u0e40\u0e27\u0e47\u0e1a\u0e44\u0e0b\u0e15\u0e4c\u0e19\u0e35\u0e49\u0e2d\u0e22\u0e48\u0e32\u0e07\u0e16\u0e39\u0e01\u0e15\u0e49\u0e2d\u0e07\u0e41\u0e25\u0e30\u0e41\u0e21\u0e48\u0e19\u0e22\u0e33\u0e2d\u0e22\u0e48\u0e32\u0e07\u0e15\u0e48\u0e2d\u0e40\u0e19\u0e37\u0e48\u0e2d\u0e07 \u0e2d\u0e22\u0e48\u0e32\u0e07\u0e44\u0e23\u0e01\u0e47\u0e15\u0e32\u0e21 \u0e40\u0e23\u0e32\u0e44\u0e21\u0e48\u0e23\u0e31\u0e1a\u0e1c\u0e34\u0e14\u0e0a\u0e2d\u0e1a\u0e15\u0e48\u0e2d\u0e04\u0e27\u0e32\u0e21\u0e16\u0e39\u0e01\u0e15\u0e49\u0e2d\u0e07 \u0e04\u0e27\u0e32\u0e21\u0e2a\u0e21\u0e1a\u0e39\u0e23\u0e13\u0e4c \u0e2b\u0e23\u0e37\u0e2d\u0e04\u0e27\u0e32\u0e21\u0e17\u0e31\u0e19\u0e40\u0e27\u0e25\u0e32\u0e02\u0e2d\u0e07\u0e02\u0e49\u0e2d\u0e21\u0e39\u0e25\u0e17\u0e35\u0e48\u0e43\u0e2b\u0e49\u0e44\u0e27\u0e49 \u0e42\u0e14\u0e22\u0e40\u0e09\u0e1e\u0e32\u0e30\u0e2d\u0e22\u0e48\u0e32\u0e07\u0e22\u0e34\u0e48\u0e07\u0e02\u0e49\u0e2d\u0e21\u0e39\u0e25\u0e17\u0e35\u0e48\u0e43\u0e2b\u0e49\u0e44\u0e27\u0e49\u0e42\u0e14\u0e22\u0e1a\u0e38\u0e04\u0e04\u0e25\u0e17\u0e35\u0e48\u0e2a\u0e32\u0e21 \u0e40\u0e23\u0e32\u0e02\u0e2d\u0e2a\u0e07\u0e27\u0e19\u0e2a\u0e34\u0e17\u0e18\u0e34\u0e4c\u0e43\u0e19\u0e01\u0e32\u0e23\u0e40\u0e1b\u0e25\u0e35\u0e48\u0e22\u0e19\u0e41\u0e1b\u0e25\u0e07 \u0e40\u0e1e\u0e34\u0e48\u0e21\u0e40\u0e15\u0e34\u0e21 \u0e2b\u0e23\u0e37\u0e2d\u0e25\u0e1a\u0e40\u0e19\u0e37\u0e49\u0e2d\u0e2b\u0e32\u0e42\u0e14\u0e22\u0e44\u0e21\u0e48\u0e15\u0e49\u0e2d\u0e07\u0e41\u0e08\u0e49\u0e07\u0e43\u0e2b\u0e49\u0e17\u0e23\u0e32\u0e1a\u0e25\u0e48\u0e27\u0e07\u0e2b\u0e19\u0e49\u0e32<\/p><p>\u0e40\u0e27\u0e47\u0e1a\u0e44\u0e0b\u0e15\u0e4c\u0e02\u0e2d\u0e07\u0e40\u0e23\u0e32\u0e21\u0e35\u0e25\u0e34\u0e07\u0e01\u0e4c\u0e44\u0e1b\u0e22\u0e31\u0e07\u0e40\u0e27\u0e47\u0e1a\u0e44\u0e0b\u0e15\u0e4c\u0e20\u0e32\u0e22\u0e19\u0e2d\u0e01\u0e1a\u0e38\u0e04\u0e04\u0e25\u0e17\u0e35\u0e48\u0e2a\u0e32\u0e21\u0e0b\u0e36\u0e48\u0e07\u0e40\u0e23\u0e32\u0e44\u0e21\u0e48\u0e2a\u0e32\u0e21\u0e32\u0e23\u0e16\u0e04\u0e27\u0e1a\u0e04\u0e38\u0e21\u0e40\u0e19\u0e37\u0e49\u0e2d\u0e2b\u0e32\u0e44\u0e14\u0e49 \u0e1c\u0e39\u0e49\u0e43\u0e2b\u0e49\u0e1a\u0e23\u0e34\u0e01\u0e32\u0e23\u0e2b\u0e23\u0e37\u0e2d\u0e1c\u0e39\u0e49\u0e14\u0e33\u0e40\u0e19\u0e34\u0e19\u0e01\u0e32\u0e23\u0e2b\u0e19\u0e49\u0e32\u0e40\u0e27\u0e47\u0e1a\u0e17\u0e35\u0e48\u0e40\u0e0a\u0e37\u0e48\u0e2d\u0e21\u0e42\u0e22\u0e07\u0e19\u0e31\u0e49\u0e19\u0e08\u0e30\u0e15\u0e49\u0e2d\u0e07\u0e23\u0e31\u0e1a\u0e1c\u0e34\u0e14\u0e0a\u0e2d\u0e1a\u0e15\u0e48\u0e2d\u0e40\u0e19\u0e37\u0e49\u0e2d\u0e2b\u0e32\u0e02\u0e2d\u0e07\u0e2b\u0e19\u0e49\u0e32\u0e40\u0e27\u0e47\u0e1a\u0e17\u0e35\u0e48\u0e40\u0e0a\u0e37\u0e48\u0e2d\u0e21\u0e42\u0e22\u0e07\u0e19\u0e31\u0e49\u0e19\u0e40\u0e2a\u0e21\u0e2d \u0e13 \u0e40\u0e27\u0e25\u0e32\u0e17\u0e35\u0e48\u0e40\u0e0a\u0e37\u0e48\u0e2d\u0e21\u0e42\u0e22\u0e07 \u0e44\u0e21\u0e48\u0e1e\u0e1a\u0e40\u0e19\u0e37\u0e49\u0e2d\u0e2b\u0e32\u0e17\u0e35\u0e48\u0e1c\u0e34\u0e14\u0e01\u0e0e\u0e2b\u0e21\u0e32\u0e22 \u0e2d\u0e22\u0e48\u0e32\u0e07\u0e44\u0e23\u0e01\u0e47\u0e15\u0e32\u0e21 \u0e01\u0e32\u0e23\u0e15\u0e23\u0e27\u0e08\u0e2a\u0e2d\u0e1a\u0e40\u0e19\u0e37\u0e49\u0e2d\u0e2b\u0e32\u0e02\u0e2d\u0e07\u0e2b\u0e19\u0e49\u0e32\u0e40\u0e27\u0e47\u0e1a\u0e17\u0e35\u0e48\u0e40\u0e0a\u0e37\u0e48\u0e2d\u0e21\u0e42\u0e22\u0e07\u0e2d\u0e22\u0e48\u0e32\u0e07\u0e15\u0e48\u0e2d\u0e40\u0e19\u0e37\u0e48\u0e2d\u0e07\u0e16\u0e37\u0e2d\u0e40\u0e1b\u0e47\u0e19\u0e01\u0e32\u0e23\u0e01\u0e23\u0e30\u0e17\u0e33\u0e17\u0e35\u0e48\u0e44\u0e21\u0e48\u0e2a\u0e21\u0e40\u0e2b\u0e15\u0e38\u0e2a\u0e21\u0e1c\u0e25\u0e2b\u0e32\u0e01\u0e44\u0e21\u0e48\u0e21\u0e35\u0e2b\u0e25\u0e31\u0e01\u0e10\u0e32\u0e19\u0e17\u0e35\u0e48\u0e0a\u0e31\u0e14\u0e40\u0e08\u0e19\u0e27\u0e48\u0e32\u0e21\u0e35\u0e01\u0e32\u0e23\u0e1d\u0e48\u0e32\u0e1d\u0e37\u0e19\u0e01\u0e0e\u0e2b\u0e21\u0e32\u0e22 \u0e40\u0e21\u0e37\u0e48\u0e2d\u0e21\u0e35\u0e01\u0e32\u0e23\u0e41\u0e08\u0e49\u0e07\u0e01\u0e32\u0e23\u0e25\u0e30\u0e40\u0e21\u0e34\u0e14\u0e01\u0e0e\u0e2b\u0e21\u0e32\u0e22\u0e43\u0e14\u0e46 \u0e25\u0e34\u0e07\u0e01\u0e4c\u0e14\u0e31\u0e07\u0e01\u0e25\u0e48\u0e32\u0e27\u0e08\u0e30\u0e16\u0e39\u0e01\u0e25\u0e1a\u0e2d\u0e2d\u0e01\u0e17\u0e31\u0e19\u0e17\u0e35<\/p><p>\u0e1b\u0e23\u0e30\u0e01\u0e32\u0e28\u0e40\u0e01\u0e35\u0e48\u0e22\u0e27\u0e01\u0e31\u0e1a\u0e25\u0e34\u0e02\u0e2a\u0e34\u0e17\u0e18\u0e34\u0e4c: \u0e40\u0e19\u0e37\u0e49\u0e2d\u0e2b\u0e32\u0e17\u0e35\u0e48\u0e40\u0e1c\u0e22\u0e41\u0e1e\u0e23\u0e48\u0e1a\u0e19\u0e40\u0e27\u0e47\u0e1a\u0e44\u0e0b\u0e15\u0e4c\u0e19\u0e35\u0e49 \u0e23\u0e27\u0e21\u0e16\u0e36\u0e07\u0e01\u0e23\u0e32\u0e1f\u0e34\u0e01 \u0e23\u0e39\u0e1b\u0e20\u0e32\u0e1e \u0e20\u0e32\u0e1e\u0e16\u0e48\u0e32\u0e22 \u0e02\u0e49\u0e2d\u0e04\u0e27\u0e32\u0e21 \u0e41\u0e25\u0e30\u0e27\u0e34\u0e14\u0e35\u0e42\u0e2d (\u0e15\u0e48\u0e2d\u0e44\u0e1b\u0e19\u0e35\u0e49\u0e08\u0e30\u0e40\u0e23\u0e35\u0e22\u0e01\u0e27\u0e48\u0e32 &quot;\u0e40\u0e19\u0e37\u0e49\u0e2d\u0e2b\u0e32&quot;) \u0e2d\u0e22\u0e39\u0e48\u0e20\u0e32\u0e22\u0e43\u0e15\u0e49\u0e25\u0e34\u0e02\u0e2a\u0e34\u0e17\u0e18\u0e34\u0e4c \u0e40\u0e23\u0e32\u0e21\u0e38\u0e48\u0e07\u0e21\u0e31\u0e48\u0e19\u0e17\u0e35\u0e48\u0e08\u0e30\u0e43\u0e0a\u0e49\u0e40\u0e09\u0e1e\u0e32\u0e30\u0e40\u0e19\u0e37\u0e49\u0e2d\u0e2b\u0e32\u0e17\u0e35\u0e48\u0e2a\u0e23\u0e49\u0e32\u0e07\u0e02\u0e36\u0e49\u0e19\u0e40\u0e2d\u0e07\u0e2b\u0e23\u0e37\u0e2d\u0e40\u0e19\u0e37\u0e49\u0e2d\u0e2b\u0e32\u0e17\u0e35\u0e48\u0e44\u0e21\u0e48\u0e21\u0e35\u0e25\u0e34\u0e02\u0e2a\u0e34\u0e17\u0e18\u0e34\u0e4c \u0e42\u0e14\u0e22\u0e40\u0e04\u0e32\u0e23\u0e1e\u0e01\u0e0e\u0e2b\u0e21\u0e32\u0e22\u0e25\u0e34\u0e02\u0e2a\u0e34\u0e17\u0e18\u0e34\u0e4c\u0e17\u0e35\u0e48\u0e40\u0e01\u0e35\u0e48\u0e22\u0e27\u0e02\u0e49\u0e2d\u0e07<\/p><p>\u0e25\u0e34\u0e02\u0e2a\u0e34\u0e17\u0e18\u0e34\u0e4c\u0e2a\u0e33\u0e2b\u0e23\u0e31\u0e1a\u0e01\u0e23\u0e32\u0e1f\u0e34\u0e01 \u0e23\u0e39\u0e1b\u0e20\u0e32\u0e1e \u0e41\u0e25\u0e30\u0e20\u0e32\u0e1e\u0e16\u0e48\u0e32\u0e22\u0e1a\u0e32\u0e07\u0e2a\u0e48\u0e27\u0e19\u0e17\u0e35\u0e48\u0e43\u0e0a\u0e49\u0e1a\u0e19\u0e40\u0e27\u0e47\u0e1a\u0e44\u0e0b\u0e15\u0e4c\u0e19\u0e35\u0e49\u0e44\u0e14\u0e49\u0e23\u0e31\u0e1a\u0e21\u0e32\u0e08\u0e32\u0e01\u0e1c\u0e39\u0e49\u0e43\u0e2b\u0e49\u0e1a\u0e23\u0e34\u0e01\u0e32\u0e23\u0e20\u0e32\u0e22\u0e19\u0e2d\u0e01 \u0e01\u0e32\u0e23\u0e43\u0e0a\u0e49\u0e07\u0e32\u0e19\u0e40\u0e19\u0e37\u0e49\u0e2d\u0e2b\u0e32\u0e17\u0e35\u0e48\u0e44\u0e14\u0e49\u0e23\u0e31\u0e1a\u0e2d\u0e19\u0e38\u0e0d\u0e32\u0e15\u0e19\u0e35\u0e49\u0e15\u0e49\u0e2d\u0e07\u0e40\u0e1b\u0e47\u0e19\u0e44\u0e1b\u0e15\u0e32\u0e21\u0e02\u0e49\u0e2d\u0e01\u0e33\u0e2b\u0e19\u0e14\u0e2a\u0e34\u0e17\u0e18\u0e34\u0e4c\u0e01\u0e32\u0e23\u0e43\u0e0a\u0e49\u0e07\u0e32\u0e19\u0e17\u0e35\u0e48\u0e40\u0e01\u0e35\u0e48\u0e22\u0e27\u0e02\u0e49\u0e2d\u0e07 \u0e2b\u0e49\u0e32\u0e21\u0e21\u0e34\u0e43\u0e2b\u0e49\u0e19\u0e33\u0e40\u0e19\u0e37\u0e49\u0e2d\u0e2b\u0e32\u0e19\u0e35\u0e49\u0e44\u0e1b\u0e43\u0e0a\u0e49\u0e0b\u0e49\u0e33 \u0e17\u0e33\u0e0b\u0e49\u0e33 \u0e41\u0e01\u0e49\u0e44\u0e02 \u0e2b\u0e23\u0e37\u0e2d\u0e40\u0e1c\u0e22\u0e41\u0e1e\u0e23\u0e48\u0e42\u0e14\u0e22\u0e44\u0e21\u0e48\u0e44\u0e14\u0e49\u0e23\u0e31\u0e1a\u0e04\u0e27\u0e32\u0e21\u0e22\u0e34\u0e19\u0e22\u0e2d\u0e21\u0e2d\u0e22\u0e48\u0e32\u0e07\u0e0a\u0e31\u0e14\u0e41\u0e08\u0e49\u0e07\u0e08\u0e32\u0e01\u0e40\u0e23\u0e32 \u0e41\u0e25\u0e30\u0e2b\u0e32\u0e01\u0e44\u0e21\u0e48\u0e1b\u0e0f\u0e34\u0e1a\u0e31\u0e15\u0e34\u0e15\u0e32\u0e21\u0e02\u0e49\u0e2d\u0e01\u0e33\u0e2b\u0e19\u0e14\u0e2a\u0e34\u0e17\u0e18\u0e34\u0e4c\u0e01\u0e32\u0e23\u0e43\u0e0a\u0e49\u0e07\u0e32\u0e19\u0e17\u0e35\u0e48\u0e40\u0e01\u0e35\u0e48\u0e22\u0e27\u0e02\u0e49\u0e2d\u0e07<\/p><p>\u0e40\u0e19\u0e37\u0e49\u0e2d\u0e2b\u0e32\u0e43\u0e19\u0e40\u0e27\u0e47\u0e1a\u0e44\u0e0b\u0e15\u0e4c\u0e19\u0e35\u0e49\u0e17\u0e35\u0e48\u0e40\u0e23\u0e32\u0e2a\u0e23\u0e49\u0e32\u0e07\u0e02\u0e36\u0e49\u0e19\u0e44\u0e21\u0e48\u0e2d\u0e32\u0e08\u0e17\u0e33\u0e0b\u0e49\u0e33 \u0e41\u0e01\u0e49\u0e44\u0e02 \u0e41\u0e08\u0e01\u0e08\u0e48\u0e32\u0e22 \u0e2b\u0e23\u0e37\u0e2d\u0e43\u0e0a\u0e49\u0e43\u0e19\u0e23\u0e39\u0e1b\u0e41\u0e1a\u0e1a\u0e2d\u0e37\u0e48\u0e19\u0e43\u0e14\u0e44\u0e14\u0e49 \u0e40\u0e27\u0e49\u0e19\u0e41\u0e15\u0e48\u0e08\u0e30\u0e44\u0e14\u0e49\u0e23\u0e31\u0e1a\u0e2d\u0e19\u0e38\u0e0d\u0e32\u0e15\u0e40\u0e1b\u0e47\u0e19\u0e25\u0e32\u0e22\u0e25\u0e31\u0e01\u0e29\u0e13\u0e4c\u0e2d\u0e31\u0e01\u0e29\u0e23\u0e25\u0e48\u0e27\u0e07\u0e2b\u0e19\u0e49\u0e32<\/p><p>\u0e40\u0e19\u0e37\u0e49\u0e2d\u0e2b\u0e32\u0e02\u0e2d\u0e07\u0e1a\u0e38\u0e04\u0e04\u0e25\u0e17\u0e35\u0e48\u0e2a\u0e32\u0e21\u0e08\u0e30\u0e16\u0e39\u0e01\u0e17\u0e33\u0e40\u0e04\u0e23\u0e37\u0e48\u0e2d\u0e07\u0e2b\u0e21\u0e32\u0e22\u0e44\u0e27\u0e49 \u0e40\u0e27\u0e49\u0e19\u0e41\u0e15\u0e48\u0e40\u0e19\u0e37\u0e49\u0e2d\u0e2b\u0e32\u0e19\u0e31\u0e49\u0e19\u0e08\u0e30\u0e21\u0e32\u0e08\u0e32\u0e01\u0e40\u0e23\u0e32 \u0e2b\u0e32\u0e01\u0e04\u0e38\u0e13\u0e17\u0e23\u0e32\u0e1a\u0e16\u0e36\u0e07\u0e01\u0e32\u0e23\u0e25\u0e30\u0e40\u0e21\u0e34\u0e14\u0e25\u0e34\u0e02\u0e2a\u0e34\u0e17\u0e18\u0e34\u0e4c\u0e17\u0e35\u0e48\u0e2d\u0e32\u0e08\u0e40\u0e01\u0e34\u0e14\u0e02\u0e36\u0e49\u0e19 \u0e42\u0e1b\u0e23\u0e14\u0e41\u0e08\u0e49\u0e07\u0e43\u0e2b\u0e49\u0e40\u0e23\u0e32\u0e17\u0e23\u0e32\u0e1a\u0e17\u0e31\u0e19\u0e17\u0e35 \u0e40\u0e21\u0e37\u0e48\u0e2d\u0e44\u0e14\u0e49\u0e23\u0e31\u0e1a\u0e41\u0e08\u0e49\u0e07\u0e01\u0e32\u0e23\u0e25\u0e30\u0e40\u0e21\u0e34\u0e14\u0e25\u0e34\u0e02\u0e2a\u0e34\u0e17\u0e18\u0e34\u0e4c\u0e43\u0e14\u0e46 \u0e40\u0e23\u0e32\u0e08\u0e30\u0e25\u0e1a\u0e40\u0e19\u0e37\u0e49\u0e2d\u0e2b\u0e32\u0e17\u0e35\u0e48\u0e44\u0e14\u0e49\u0e23\u0e31\u0e1a\u0e1c\u0e25\u0e01\u0e23\u0e30\u0e17\u0e1a\u0e17\u0e31\u0e19\u0e17\u0e35<\/p>\t\t\t\t\t\t\t\t<\/div>\n\t\t\t\t<\/div>\n\t\t\t\t<\/div>\n\t\t\t\t<\/div>","protected":false},"excerpt":{"rendered":"<p>Impressum International Metal Foam AGZeltweg 11, CH-8023 Z\u00fcrich E-Mail: info@imf-ag.comTelefon: +41 44 256 16 07Website: imf-ag.comVerwaltungsrat: Frank Schiffer, Z\u00fcrichVerwaltungsrat: Prof. Dr.-Ing. Dirk Zielke, Brandenburg a. d. HavelHandelsregister: Handelsregister Z\u00fcrichUID-Nummer: CHE-106.156.173 Rechtliche Hinweise EU-Streitschlichtung Verbraucher haben die M\u00f6glichkeit, Beschwerden an die Online-Streitbeilegungsplattform der EU zu richten: https:\/\/ec.europa.eu\/consumers\/odr\/main oder ggf. wenn Sie in \u00d6sterreich leben: https:\/\/europakonsument.at . [&hellip;]<\/p>","protected":false},"author":1,"featured_media":0,"parent":0,"menu_order":0,"comment_status":"closed","ping_status":"closed","template":"","meta":{"_acf_changed":false,"iawp_total_views":163,"footnotes":""},"class_list":["post-6463","page","type-page","status-publish","hentry"],"yoast_head":"<!-- This site is optimized with the Yoast SEO plugin v24.9 - https:\/\/yoast.com\/wordpress\/plugins\/seo\/ -->\n<title>Rechtliche Angaben &amp; Kontakt | IMF Defense<\/title>\n<meta name=\"description\" content=\"Impressum: Hier finden Sie alle rechtlichen Angaben, Handelsregistereintrag, Vertretungsberechtigte und Kontaktm\u00f6glichkeiten in Z\u00fcrich.\" \/>\n<meta name=\"robots\" content=\"index, follow, max-snippet:-1, max-image-preview:large, max-video-preview:-1\" \/>\n<link rel=\"canonical\" href=\"https:\/\/imf-defense.com\/th\/\u0e23\u0e2d\u0e22\u0e1b\u0e23\u0e30\u0e17\u0e31\u0e1a\/\" \/>\n<meta property=\"og:locale\" content=\"th_TH\" \/>\n<meta property=\"og:type\" content=\"article\" \/>\n<meta property=\"og:title\" content=\"Rechtliche Angaben &amp; Kontakt | IMF Defense\" \/>\n<meta property=\"og:description\" content=\"Impressum: Hier finden Sie alle rechtlichen Angaben, Handelsregistereintrag, Vertretungsberechtigte und Kontaktm\u00f6glichkeiten in Z\u00fcrich.\" \/>\n<meta property=\"og:url\" content=\"https:\/\/imf-defense.com\/th\/\u0e23\u0e2d\u0e22\u0e1b\u0e23\u0e30\u0e17\u0e31\u0e1a\/\" \/>\n<meta property=\"og:site_name\" content=\"International Metal Foam AG\" \/>\n<meta property=\"article:modified_time\" content=\"2025-12-19T12:51:19+00:00\" \/>\n<meta name=\"twitter:card\" content=\"summary_large_image\" \/>\n<meta name=\"twitter:label1\" content=\"Est. reading time\" \/>\n\t<meta name=\"twitter:data1\" content=\"2 \u0e19\u0e32\u0e17\u0e35\" \/>\n<script type=\"application\/ld+json\" class=\"yoast-schema-graph\">{\"@context\":\"https:\/\/schema.org\",\"@graph\":[{\"@type\":\"WebPage\",\"@id\":\"https:\/\/imf-defense.com\/impressum\/\",\"url\":\"https:\/\/imf-defense.com\/impressum\/\",\"name\":\"Rechtliche Angaben & Kontakt | IMF Defense\",\"isPartOf\":{\"@id\":\"https:\/\/imf-defense.com\/#website\"},\"datePublished\":\"2025-04-24T09:56:19+00:00\",\"dateModified\":\"2025-12-19T12:51:19+00:00\",\"description\":\"Impressum: Hier finden Sie alle rechtlichen Angaben, Handelsregistereintrag, Vertretungsberechtigte und Kontaktm\u00f6glichkeiten in Z\u00fcrich.\",\"breadcrumb\":{\"@id\":\"https:\/\/imf-defense.com\/impressum\/#breadcrumb\"},\"inLanguage\":\"th\",\"potentialAction\":[{\"@type\":\"ReadAction\",\"target\":[\"https:\/\/imf-defense.com\/impressum\/\"]}]},{\"@type\":\"BreadcrumbList\",\"@id\":\"https:\/\/imf-defense.com\/impressum\/#breadcrumb\",\"itemListElement\":[{\"@type\":\"ListItem\",\"position\":1,\"name\":\"Startseite\",\"item\":\"https:\/\/imf-defense.com\/\"},{\"@type\":\"ListItem\",\"position\":2,\"name\":\"Impressum\"}]},{\"@type\":\"WebSite\",\"@id\":\"https:\/\/imf-defense.com\/#website\",\"url\":\"https:\/\/imf-defense.com\/\",\"name\":\"International Metal Foam AG\",\"description\":\"\",\"potentialAction\":[{\"@type\":\"SearchAction\",\"target\":{\"@type\":\"EntryPoint\",\"urlTemplate\":\"https:\/\/imf-defense.com\/?s={search_term_string}\"},\"query-input\":{\"@type\":\"PropertyValueSpecification\",\"valueRequired\":true,\"valueName\":\"search_term_string\"}}],\"inLanguage\":\"th\"}]}<\/script>\n<!-- \/ Yoast SEO plugin. -->","yoast_head_json":{"title":"Rechtliche Angaben & Kontakt | IMF Defense","description":"Impressum: Hier finden Sie alle rechtlichen Angaben, Handelsregistereintrag, Vertretungsberechtigte und Kontaktm\u00f6glichkeiten in Z\u00fcrich.","robots":{"index":"index","follow":"follow","max-snippet":"max-snippet:-1","max-image-preview":"max-image-preview:large","max-video-preview":"max-video-preview:-1"},"canonical":"https:\/\/imf-defense.com\/th\/\u0e23\u0e2d\u0e22\u0e1b\u0e23\u0e30\u0e17\u0e31\u0e1a\/","og_locale":"th_TH","og_type":"article","og_title":"Rechtliche Angaben & Kontakt | IMF Defense","og_description":"Impressum: Hier finden Sie alle rechtlichen Angaben, Handelsregistereintrag, Vertretungsberechtigte und Kontaktm\u00f6glichkeiten in Z\u00fcrich.","og_url":"https:\/\/imf-defense.com\/th\/\u0e23\u0e2d\u0e22\u0e1b\u0e23\u0e30\u0e17\u0e31\u0e1a\/","og_site_name":"International Metal Foam AG","article_modified_time":"2025-12-19T12:51:19+00:00","twitter_card":"summary_large_image","twitter_misc":{"Est. reading time":"2 \u0e19\u0e32\u0e17\u0e35"},"schema":{"@context":"https:\/\/schema.org","@graph":[{"@type":"WebPage","@id":"https:\/\/imf-defense.com\/impressum\/","url":"https:\/\/imf-defense.com\/impressum\/","name":"Rechtliche Angaben & Kontakt | IMF Defense","isPartOf":{"@id":"https:\/\/imf-defense.com\/#website"},"datePublished":"2025-04-24T09:56:19+00:00","dateModified":"2025-12-19T12:51:19+00:00","description":"Impressum: Hier finden Sie alle rechtlichen Angaben, Handelsregistereintrag, Vertretungsberechtigte und Kontaktm\u00f6glichkeiten in Z\u00fcrich.","breadcrumb":{"@id":"https:\/\/imf-defense.com\/impressum\/#breadcrumb"},"inLanguage":"th","potentialAction":[{"@type":"ReadAction","target":["https:\/\/imf-defense.com\/impressum\/"]}]},{"@type":"BreadcrumbList","@id":"https:\/\/imf-defense.com\/impressum\/#breadcrumb","itemListElement":[{"@type":"ListItem","position":1,"name":"Startseite","item":"https:\/\/imf-defense.com\/"},{"@type":"ListItem","position":2,"name":"Impressum"}]},{"@type":"WebSite","@id":"https:\/\/imf-defense.com\/#website","url":"https:\/\/imf-defense.com\/","name":"International Metal Foam AG","description":"","potentialAction":[{"@type":"SearchAction","target":{"@type":"EntryPoint","urlTemplate":"https:\/\/imf-defense.com\/?s={search_term_string}"},"query-input":{"@type":"PropertyValueSpecification","valueRequired":true,"valueName":"search_term_string"}}],"inLanguage":"th"}]}},"acf":[],"_links":{"self":[{"href":"https:\/\/imf-defense.com\/th\/wp-json\/wp\/v2\/pages\/6463","targetHints":{"allow":["GET"]}}],"collection":[{"href":"https:\/\/imf-defense.com\/th\/wp-json\/wp\/v2\/pages"}],"about":[{"href":"https:\/\/imf-defense.com\/th\/wp-json\/wp\/v2\/types\/page"}],"author":[{"embeddable":true,"href":"https:\/\/imf-defense.com\/th\/wp-json\/wp\/v2\/users\/1"}],"replies":[{"embeddable":true,"href":"https:\/\/imf-defense.com\/th\/wp-json\/wp\/v2\/comments?post=6463"}],"version-history":[{"count":25,"href":"https:\/\/imf-defense.com\/th\/wp-json\/wp\/v2\/pages\/6463\/revisions"}],"predecessor-version":[{"id":7935,"href":"https:\/\/imf-defense.com\/th\/wp-json\/wp\/v2\/pages\/6463\/revisions\/7935"}],"wp:attachment":[{"href":"https:\/\/imf-defense.com\/th\/wp-json\/wp\/v2\/media?parent=6463"}],"curies":[{"name":"wp","href":"https:\/\/api.w.org\/{rel}","templated":true}]}}