{"id":6463,"date":"2025-04-24T09:56:19","date_gmt":"2025-04-24T09:56:19","guid":{"rendered":"https:\/\/imf-defense.com\/?page_id=6463"},"modified":"2025-12-19T12:51:19","modified_gmt":"2025-12-19T12:51:19","slug":"impressum","status":"publish","type":"page","link":"https:\/\/imf-defense.com\/sq\/gjurme\/","title":{"rendered":"gjurm\u00eb"},"content":{"rendered":"<div data-elementor-type=\"wp-page\" data-elementor-id=\"6463\" class=\"elementor elementor-6463\" data-elementor-post-type=\"page\">\n\t\t\t\t<div class=\"elementor-element elementor-element-89f9380 e-con-full e-flex e-con e-parent\" data-id=\"89f9380\" data-element_type=\"container\" data-settings=\"{&quot;background_background&quot;:&quot;classic&quot;}\">\n\t\t\t\t<\/div>\n\t\t<div class=\"elementor-element elementor-element-f875d08 e-con-full e-flex e-con e-parent\" data-id=\"f875d08\" data-element_type=\"container\">\n\t\t\t\t<div class=\"elementor-element elementor-element-4768b9e elementor-widget elementor-widget-text-editor\" data-id=\"4768b9e\" data-element_type=\"widget\" data-widget_type=\"text-editor.default\">\n\t\t\t\t<div class=\"elementor-widget-container\">\n\t\t\t\t\t\t\t\t\t<h2>gjurm\u00eb<\/h2><p>International Metal Foam AG<br \/>Zeltweg 11, CH-8023 Z\u00fcrich<\/p><p><strong>Email:<\/strong> info@imf-ag.com<br \/><strong>Telefoni:<\/strong> +41 44 256 16 07<br \/><strong>Uebfaqe:<\/strong> imf-ag.com<br \/><strong>Bordi i Drejtor\u00ebve:<\/strong> Frank Schiffer, Cyrih<br \/><strong>Bordi i Drejtor\u00ebve:<\/strong> Prof Dr.-Ing. Dirk Zielke, Brandenburg dhe Havel<br \/><strong>Regjistri Tregtar:<\/strong> Regjistri Tregtar i Cyrihut<br \/><strong>Numri i TVSH-s\u00eb:<\/strong> CHE-106.156.173<\/p><h3>Njoftim Ligjor<\/h3><p>Zgjidhja e Mosmarr\u00ebveshjeve n\u00eb BE Konsumator\u00ebt kan\u00eb mund\u00ebsin\u00eb t\u00eb paraqesin ankesa n\u00eb platform\u00ebn online t\u00eb zgjidhjes s\u00eb mosmarr\u00ebveshjeve t\u00eb BE-s\u00eb: <a href=\"https:\/\/ec.europa.eu\/consumers\/odr\/main\">https:\/\/ec.europa.eu\/consumers\/odr\/main<\/a> ose n\u00ebse jetoni n\u00eb Austri: <a href=\"https:\/\/europakonsument.at\">https:\/\/europakonsument.at<\/a> Gjithashtu, mund t\u00eb d\u00ebrgoni \u00e7do ankes\u00eb n\u00eb adres\u00ebn e email-it t\u00eb dh\u00ebn\u00eb m\u00eb sip\u00ebr.<\/p><p>Sh\u00ebnim mbi zgjidhjen e mosmarr\u00ebveshjeve Ne nuk jemi t\u00eb gatsh\u00ebm ose t\u00eb detyruar t\u00eb marrim pjes\u00eb n\u00eb procedurat e zgjidhjes s\u00eb mosmarr\u00ebveshjeve para nj\u00eb bordi arbitrazhi t\u00eb konsumatorit.<\/p><p>Mohim p\u00ebrgjegj\u00ebsie p\u00ebr p\u00ebrmbajtjen dhe lidhjet Ne p\u00ebrpiqemi t\u00eb p\u00ebrdit\u00ebsojm\u00eb vazhdimisht dhe ta paraqesim me sakt\u00ebsi p\u00ebrmbajtjen n\u00eb k\u00ebt\u00eb faqe interneti. Megjithat\u00eb, ne nuk marrim p\u00ebrsip\u00ebr asnj\u00eb p\u00ebrgjegj\u00ebsi p\u00ebr sakt\u00ebsin\u00eb, plot\u00ebsin\u00eb ose aktualitetin e informacionit t\u00eb ofruar, ve\u00e7an\u00ebrisht at\u00eb t\u00eb ofruar nga pal\u00ebt e treta. Ne rezervojm\u00eb t\u00eb drejt\u00ebn p\u00ebr t\u00eb ndryshuar, shtuar ose hequr p\u00ebrmbajtje pa njoftim paraprak.<\/p><p>Uebsajti yn\u00eb p\u00ebrmban lidhje me faqe interneti t\u00eb pal\u00ebve t\u00eb treta t\u00eb jashtme, mbi p\u00ebrmbajtjen e t\u00eb cilave ne nuk kemi ndikim. Ofruesi ose operatori p\u00ebrkat\u00ebs i faqeve t\u00eb lidhura \u00ebsht\u00eb gjithmon\u00eb p\u00ebrgjegj\u00ebs p\u00ebr p\u00ebrmbajtjen e faqeve t\u00eb lidhura. N\u00eb koh\u00ebn e lidhjes, nuk ishte e dukshme asnj\u00eb p\u00ebrmbajtje e paligjshme. Megjithat\u00eb, monitorimi i p\u00ebrhersh\u00ebm i p\u00ebrmbajtjes s\u00eb faqeve t\u00eb lidhura \u00ebsht\u00eb i paarsyesh\u00ebm pa prova konkrete t\u00eb nj\u00eb shkeljeje ligjore. Pas njoftimit p\u00ebr \u00e7do shkelje ligjore, lidhje t\u00eb tilla do t\u00eb hiqen menj\u00ebher\u00eb.<\/p><p>Njoftim p\u00ebr t\u00eb Drejtat e Autorit P\u00ebrmbajtja e publikuar n\u00eb k\u00ebt\u00eb faqe interneti, duke p\u00ebrfshir\u00eb grafik\u00ebt, imazhet, fotot, tekstin dhe videot (n\u00eb tekstin e m\u00ebposht\u00ebm t\u00eb referuara si &quot;p\u00ebrmbajtje&quot;), i n\u00ebnshtrohet t\u00eb drejt\u00ebs s\u00eb autorit. Ne p\u00ebrpiqemi t\u00eb p\u00ebrdorim vet\u00ebm p\u00ebrmbajtje t\u00eb krijuar vet\u00eb ose materiale pa licenc\u00eb, duke respektuar ligjet p\u00ebrkat\u00ebse t\u00eb t\u00eb drejtave t\u00eb autorit.<\/p><p>Licencat p\u00ebr grafik\u00eb, imazhe dhe foto t\u00eb caktuara t\u00eb p\u00ebrdorura n\u00eb k\u00ebt\u00eb faqe interneti jan\u00eb siguruar nga ofrues t\u00eb jasht\u00ebm. \u00c7do p\u00ebrdorim i k\u00ebsaj p\u00ebrmbajtjeje t\u00eb licencuar i n\u00ebnshtrohet kushteve p\u00ebrkat\u00ebse t\u00eb licenc\u00ebs. Rip\u00ebrdorimi, riprodhimi, redaktimi ose shp\u00ebrndarja e k\u00ebsaj p\u00ebrmbajtjeje nuk lejohet pa p\u00eblqimin ton\u00eb t\u00eb shprehur dhe pa respektuar kushtet p\u00ebrkat\u00ebse t\u00eb licenc\u00ebs.<\/p><p>P\u00ebrmbajtja e k\u00ebsaj faqeje interneti t\u00eb krijuar nga ne nuk mund t\u00eb riprodhohet, modifikohet, shp\u00ebrndahet ose p\u00ebrdoret ndryshe pa leje paraprake me shkrim.<\/p><p>P\u00ebrmbajtja e pal\u00ebve t\u00eb treta sh\u00ebnohet si e till\u00eb, p\u00ebrve\u00e7 n\u00ebse buron nga ne. Megjithat\u00eb, n\u00ebse vini re nj\u00eb shkelje t\u00eb mundshme t\u00eb t\u00eb drejtave t\u00eb autorit, ju lutemi na njoftoni menj\u00ebher\u00eb. Pas njoftimit p\u00ebr \u00e7do shkelje t\u00eb till\u00eb, ne do ta heqim menj\u00ebher\u00eb p\u00ebrmbajtjen e prekur.<\/p>\t\t\t\t\t\t\t\t<\/div>\n\t\t\t\t<\/div>\n\t\t\t\t<\/div>\n\t\t\t\t<\/div>","protected":false},"excerpt":{"rendered":"<p>Impressum International Metal Foam AGZeltweg 11, CH-8023 Z\u00fcrich E-Mail: info@imf-ag.comTelefon: +41 44 256 16 07Website: imf-ag.comVerwaltungsrat: Frank Schiffer, Z\u00fcrichVerwaltungsrat: Prof. Dr.-Ing. Dirk Zielke, Brandenburg a. d. HavelHandelsregister: Handelsregister Z\u00fcrichUID-Nummer: CHE-106.156.173 Rechtliche Hinweise EU-Streitschlichtung Verbraucher haben die M\u00f6glichkeit, Beschwerden an die Online-Streitbeilegungsplattform der EU zu richten: https:\/\/ec.europa.eu\/consumers\/odr\/main oder ggf. wenn Sie in \u00d6sterreich leben: https:\/\/europakonsument.at . [&hellip;]<\/p>","protected":false},"author":1,"featured_media":0,"parent":0,"menu_order":0,"comment_status":"closed","ping_status":"closed","template":"","meta":{"_acf_changed":false,"iawp_total_views":165,"footnotes":""},"class_list":["post-6463","page","type-page","status-publish","hentry"],"yoast_head":"<!-- This site is optimized with the Yoast SEO plugin v24.9 - https:\/\/yoast.com\/wordpress\/plugins\/seo\/ -->\n<title>Rechtliche Angaben &amp; Kontakt | IMF Defense<\/title>\n<meta name=\"description\" content=\"Impressum: Hier finden Sie alle rechtlichen Angaben, Handelsregistereintrag, Vertretungsberechtigte und Kontaktm\u00f6glichkeiten in Z\u00fcrich.\" \/>\n<meta name=\"robots\" content=\"index, follow, max-snippet:-1, max-image-preview:large, max-video-preview:-1\" \/>\n<link rel=\"canonical\" href=\"https:\/\/imf-defense.com\/sq\/gjurme\/\" \/>\n<meta property=\"og:locale\" content=\"sq_AL\" \/>\n<meta property=\"og:type\" content=\"article\" \/>\n<meta property=\"og:title\" content=\"Rechtliche Angaben &amp; Kontakt | IMF Defense\" \/>\n<meta property=\"og:description\" content=\"Impressum: Hier finden Sie alle rechtlichen Angaben, Handelsregistereintrag, Vertretungsberechtigte und Kontaktm\u00f6glichkeiten in Z\u00fcrich.\" \/>\n<meta property=\"og:url\" content=\"https:\/\/imf-defense.com\/sq\/gjurme\/\" \/>\n<meta property=\"og:site_name\" content=\"International Metal Foam AG\" \/>\n<meta property=\"article:modified_time\" content=\"2025-12-19T12:51:19+00:00\" \/>\n<meta name=\"twitter:card\" content=\"summary_large_image\" \/>\n<meta name=\"twitter:label1\" content=\"Est. reading time\" \/>\n\t<meta name=\"twitter:data1\" content=\"2 minuta\" \/>\n<script type=\"application\/ld+json\" class=\"yoast-schema-graph\">{\"@context\":\"https:\/\/schema.org\",\"@graph\":[{\"@type\":\"WebPage\",\"@id\":\"https:\/\/imf-defense.com\/impressum\/\",\"url\":\"https:\/\/imf-defense.com\/impressum\/\",\"name\":\"Rechtliche Angaben & Kontakt | IMF Defense\",\"isPartOf\":{\"@id\":\"https:\/\/imf-defense.com\/#website\"},\"datePublished\":\"2025-04-24T09:56:19+00:00\",\"dateModified\":\"2025-12-19T12:51:19+00:00\",\"description\":\"Impressum: Hier finden Sie alle rechtlichen Angaben, Handelsregistereintrag, Vertretungsberechtigte und Kontaktm\u00f6glichkeiten in Z\u00fcrich.\",\"breadcrumb\":{\"@id\":\"https:\/\/imf-defense.com\/impressum\/#breadcrumb\"},\"inLanguage\":\"sq\",\"potentialAction\":[{\"@type\":\"ReadAction\",\"target\":[\"https:\/\/imf-defense.com\/impressum\/\"]}]},{\"@type\":\"BreadcrumbList\",\"@id\":\"https:\/\/imf-defense.com\/impressum\/#breadcrumb\",\"itemListElement\":[{\"@type\":\"ListItem\",\"position\":1,\"name\":\"Startseite\",\"item\":\"https:\/\/imf-defense.com\/\"},{\"@type\":\"ListItem\",\"position\":2,\"name\":\"Impressum\"}]},{\"@type\":\"WebSite\",\"@id\":\"https:\/\/imf-defense.com\/#website\",\"url\":\"https:\/\/imf-defense.com\/\",\"name\":\"International Metal Foam AG\",\"description\":\"\",\"potentialAction\":[{\"@type\":\"SearchAction\",\"target\":{\"@type\":\"EntryPoint\",\"urlTemplate\":\"https:\/\/imf-defense.com\/?s={search_term_string}\"},\"query-input\":{\"@type\":\"PropertyValueSpecification\",\"valueRequired\":true,\"valueName\":\"search_term_string\"}}],\"inLanguage\":\"sq\"}]}<\/script>\n<!-- \/ Yoast SEO plugin. -->","yoast_head_json":{"title":"Rechtliche Angaben & Kontakt | IMF Defense","description":"Impressum: Hier finden Sie alle rechtlichen Angaben, Handelsregistereintrag, Vertretungsberechtigte und Kontaktm\u00f6glichkeiten in Z\u00fcrich.","robots":{"index":"index","follow":"follow","max-snippet":"max-snippet:-1","max-image-preview":"max-image-preview:large","max-video-preview":"max-video-preview:-1"},"canonical":"https:\/\/imf-defense.com\/sq\/gjurme\/","og_locale":"sq_AL","og_type":"article","og_title":"Rechtliche Angaben & Kontakt | IMF Defense","og_description":"Impressum: Hier finden Sie alle rechtlichen Angaben, Handelsregistereintrag, Vertretungsberechtigte und Kontaktm\u00f6glichkeiten in Z\u00fcrich.","og_url":"https:\/\/imf-defense.com\/sq\/gjurme\/","og_site_name":"International Metal Foam AG","article_modified_time":"2025-12-19T12:51:19+00:00","twitter_card":"summary_large_image","twitter_misc":{"Est. reading time":"2 minuta"},"schema":{"@context":"https:\/\/schema.org","@graph":[{"@type":"WebPage","@id":"https:\/\/imf-defense.com\/impressum\/","url":"https:\/\/imf-defense.com\/impressum\/","name":"Rechtliche Angaben & Kontakt | IMF Defense","isPartOf":{"@id":"https:\/\/imf-defense.com\/#website"},"datePublished":"2025-04-24T09:56:19+00:00","dateModified":"2025-12-19T12:51:19+00:00","description":"Impressum: Hier finden Sie alle rechtlichen Angaben, Handelsregistereintrag, Vertretungsberechtigte und Kontaktm\u00f6glichkeiten in Z\u00fcrich.","breadcrumb":{"@id":"https:\/\/imf-defense.com\/impressum\/#breadcrumb"},"inLanguage":"sq","potentialAction":[{"@type":"ReadAction","target":["https:\/\/imf-defense.com\/impressum\/"]}]},{"@type":"BreadcrumbList","@id":"https:\/\/imf-defense.com\/impressum\/#breadcrumb","itemListElement":[{"@type":"ListItem","position":1,"name":"Startseite","item":"https:\/\/imf-defense.com\/"},{"@type":"ListItem","position":2,"name":"Impressum"}]},{"@type":"WebSite","@id":"https:\/\/imf-defense.com\/#website","url":"https:\/\/imf-defense.com\/","name":"International Metal Foam AG","description":"","potentialAction":[{"@type":"SearchAction","target":{"@type":"EntryPoint","urlTemplate":"https:\/\/imf-defense.com\/?s={search_term_string}"},"query-input":{"@type":"PropertyValueSpecification","valueRequired":true,"valueName":"search_term_string"}}],"inLanguage":"sq"}]}},"acf":[],"_links":{"self":[{"href":"https:\/\/imf-defense.com\/sq\/wp-json\/wp\/v2\/pages\/6463","targetHints":{"allow":["GET"]}}],"collection":[{"href":"https:\/\/imf-defense.com\/sq\/wp-json\/wp\/v2\/pages"}],"about":[{"href":"https:\/\/imf-defense.com\/sq\/wp-json\/wp\/v2\/types\/page"}],"author":[{"embeddable":true,"href":"https:\/\/imf-defense.com\/sq\/wp-json\/wp\/v2\/users\/1"}],"replies":[{"embeddable":true,"href":"https:\/\/imf-defense.com\/sq\/wp-json\/wp\/v2\/comments?post=6463"}],"version-history":[{"count":25,"href":"https:\/\/imf-defense.com\/sq\/wp-json\/wp\/v2\/pages\/6463\/revisions"}],"predecessor-version":[{"id":7935,"href":"https:\/\/imf-defense.com\/sq\/wp-json\/wp\/v2\/pages\/6463\/revisions\/7935"}],"wp:attachment":[{"href":"https:\/\/imf-defense.com\/sq\/wp-json\/wp\/v2\/media?parent=6463"}],"curies":[{"name":"wp","href":"https:\/\/api.w.org\/{rel}","templated":true}]}}