{"id":6463,"date":"2025-04-24T09:56:19","date_gmt":"2025-04-24T09:56:19","guid":{"rendered":"https:\/\/imf-defense.com\/?page_id=6463"},"modified":"2025-12-19T12:51:19","modified_gmt":"2025-12-19T12:51:19","slug":"impressum","status":"publish","type":"page","link":"https:\/\/imf-defense.com\/pt\/impressao\/","title":{"rendered":"Impress\u00e3o"},"content":{"rendered":"<div data-elementor-type=\"wp-page\" data-elementor-id=\"6463\" class=\"elementor elementor-6463\" data-elementor-post-type=\"page\">\n\t\t\t\t<div class=\"elementor-element elementor-element-89f9380 e-con-full e-flex e-con e-parent\" data-id=\"89f9380\" data-element_type=\"container\" data-settings=\"{&quot;background_background&quot;:&quot;classic&quot;}\">\n\t\t\t\t<\/div>\n\t\t<div class=\"elementor-element elementor-element-f875d08 e-con-full e-flex e-con e-parent\" data-id=\"f875d08\" data-element_type=\"container\">\n\t\t\t\t<div class=\"elementor-element elementor-element-4768b9e elementor-widget elementor-widget-text-editor\" data-id=\"4768b9e\" data-element_type=\"widget\" data-widget_type=\"text-editor.default\">\n\t\t\t\t<div class=\"elementor-widget-container\">\n\t\t\t\t\t\t\t\t\t<h2>Impress\u00e3o<\/h2><p>International Metal Foam AG<br \/>Zeltweg 11, CH-8023 Z\u00fcrich<\/p><p><strong>E-Mail:<\/strong> info@imf-ag.com<br \/><strong>Telefone:<\/strong> +41 44 256 16 07<br \/><strong>S\u00edtio Web:<\/strong> imf-ag.com<br \/><strong>Conselho de Administra\u00e7\u00e3o:<\/strong> Frank Schiffer, Zurique<br \/><strong>Conselho de Administra\u00e7\u00e3o:<\/strong> Dr. Dirk Zielke, Brandenburg a. d. Havel<br \/><strong>Registo comercial:<\/strong> Registo Comercial de Zurique<br \/><strong>N\u00famero de IVA:<\/strong> CHE-106.156.173<\/p><h3>Informa\u00e7\u00e3o jur\u00eddica<\/h3><p>Resolu\u00e7\u00e3o de lit\u00edgios na UE Os consumidores t\u00eam a possibilidade de apresentar queixas na plataforma de resolu\u00e7\u00e3o de lit\u00edgios em linha da UE: <a href=\"https:\/\/ec.europa.eu\/consumers\/odr\/main\">https:\/\/ec.europa.eu\/consumers\/odr\/main<\/a> ou se vive na \u00c1ustria: <a href=\"https:\/\/europakonsument.at\">https:\/\/europakonsument.at<\/a> . Pode tamb\u00e9m enviar as suas queixas para o endere\u00e7o eletr\u00f3nico acima indicado.<\/p><p>Nota sobre a resolu\u00e7\u00e3o de lit\u00edgios N\u00e3o estamos dispostos nem somos obrigados a participar num processo de resolu\u00e7\u00e3o de lit\u00edgios perante uma comiss\u00e3o de arbitragem de consumidores.<\/p><p>Declara\u00e7\u00e3o de exonera\u00e7\u00e3o de responsabilidade relativa aos conte\u00fados e liga\u00e7\u00f5es Esfor\u00e7amo-nos por atualizar constantemente os conte\u00fados deste s\u00edtio Web e por apresent\u00e1-los corretamente. No entanto, n\u00e3o garantimos a exatid\u00e3o, a exaustividade e a atualidade das informa\u00e7\u00f5es fornecidas, especialmente as que prov\u00eam de terceiros. Reservamo-nos o direito de alterar, completar ou eliminar conte\u00fados sem aviso pr\u00e9vio.<\/p><p>O nosso s\u00edtio Web cont\u00e9m liga\u00e7\u00f5es para s\u00edtios Web externos de terceiros sobre cujo conte\u00fado n\u00e3o temos qualquer influ\u00eancia. O respetivo fornecedor ou operador das p\u00e1ginas \u00e9 sempre respons\u00e1vel pelo conte\u00fado das p\u00e1ginas ligadas. No momento da liga\u00e7\u00e3o, n\u00e3o foi detectado qualquer conte\u00fado ilegal. No entanto, o controlo permanente do conte\u00fado das p\u00e1ginas ligadas n\u00e3o \u00e9 razo\u00e1vel sem provas concretas de uma infra\u00e7\u00e3o. Se tivermos conhecimento de quaisquer infrac\u00e7\u00f5es legais, essas liga\u00e7\u00f5es ser\u00e3o imediatamente removidas.<\/p><p>Aviso de direitos de autor Os conte\u00fados publicados neste s\u00edtio Web, incluindo gr\u00e1ficos, imagens, fotografias, textos e v\u00eddeos (a seguir designados por \"conte\u00fados\"), est\u00e3o sujeitos a direitos de autor. Esfor\u00e7amo-nos por utilizar apenas conte\u00fados criados por n\u00f3s pr\u00f3prios ou por utilizar materiais isentos de licen\u00e7a e por cumprir as leis de direitos de autor aplic\u00e1veis.<\/p><p>As licen\u00e7as para determinados gr\u00e1ficos, imagens e fotografias utilizados neste s\u00edtio Web foram adquiridas a fornecedores externos. Qualquer utiliza\u00e7\u00e3o destes conte\u00fados licenciados est\u00e1 sujeita \u00e0s respectivas condi\u00e7\u00f5es de licen\u00e7a. Qualquer outra utiliza\u00e7\u00e3o, duplica\u00e7\u00e3o, processamento ou distribui\u00e7\u00e3o destes conte\u00fados n\u00e3o \u00e9 permitida sem o nosso consentimento expresso e sem o cumprimento das respectivas condi\u00e7\u00f5es de licen\u00e7a.<\/p><p>O conte\u00fado deste s\u00edtio Web criado por n\u00f3s tamb\u00e9m n\u00e3o pode ser reproduzido, editado, distribu\u00eddo ou utilizado de qualquer outra forma sem autoriza\u00e7\u00e3o pr\u00e9via por escrito.<\/p><p>Os conte\u00fados de terceiros s\u00e3o rotulados como tal, exceto se forem da nossa autoria. No entanto, se tiver conhecimento de uma poss\u00edvel infra\u00e7\u00e3o aos direitos de autor, informe-nos imediatamente. Se tivermos conhecimento de quaisquer infrac\u00e7\u00f5es, removeremos imediatamente o conte\u00fado em causa.<\/p>\t\t\t\t\t\t\t\t<\/div>\n\t\t\t\t<\/div>\n\t\t\t\t<\/div>\n\t\t\t\t<\/div>","protected":false},"excerpt":{"rendered":"<p>Impressum International Metal Foam AGZeltweg 11, CH-8023 Z\u00fcrich E-Mail: info@imf-ag.comTelefon: +41 44 256 16 07Website: imf-ag.comVerwaltungsrat: Frank Schiffer, Z\u00fcrichVerwaltungsrat: Prof. Dr.-Ing. Dirk Zielke, Brandenburg a. d. HavelHandelsregister: Handelsregister Z\u00fcrichUID-Nummer: CHE-106.156.173 Rechtliche Hinweise EU-Streitschlichtung Verbraucher haben die M\u00f6glichkeit, Beschwerden an die Online-Streitbeilegungsplattform der EU zu richten: https:\/\/ec.europa.eu\/consumers\/odr\/main oder ggf. wenn Sie in \u00d6sterreich leben: https:\/\/europakonsument.at . [&hellip;]<\/p>","protected":false},"author":1,"featured_media":0,"parent":0,"menu_order":0,"comment_status":"closed","ping_status":"closed","template":"","meta":{"_acf_changed":false,"iawp_total_views":163,"footnotes":""},"class_list":["post-6463","page","type-page","status-publish","hentry"],"yoast_head":"<!-- This site is optimized with the Yoast SEO plugin v24.9 - https:\/\/yoast.com\/wordpress\/plugins\/seo\/ -->\n<title>Rechtliche Angaben &amp; Kontakt | IMF Defense<\/title>\n<meta name=\"description\" content=\"Impressum: Hier finden Sie alle rechtlichen Angaben, Handelsregistereintrag, Vertretungsberechtigte und Kontaktm\u00f6glichkeiten in Z\u00fcrich.\" \/>\n<meta name=\"robots\" content=\"index, follow, max-snippet:-1, max-image-preview:large, max-video-preview:-1\" \/>\n<link rel=\"canonical\" href=\"https:\/\/imf-defense.com\/pt\/impressao\/\" \/>\n<meta property=\"og:locale\" content=\"pt_PT\" \/>\n<meta property=\"og:type\" content=\"article\" \/>\n<meta property=\"og:title\" content=\"Rechtliche Angaben &amp; Kontakt | IMF Defense\" \/>\n<meta property=\"og:description\" content=\"Impressum: Hier finden Sie alle rechtlichen Angaben, Handelsregistereintrag, Vertretungsberechtigte und Kontaktm\u00f6glichkeiten in Z\u00fcrich.\" \/>\n<meta property=\"og:url\" content=\"https:\/\/imf-defense.com\/pt\/impressao\/\" \/>\n<meta property=\"og:site_name\" content=\"International Metal Foam AG\" \/>\n<meta property=\"article:modified_time\" content=\"2025-12-19T12:51:19+00:00\" \/>\n<meta name=\"twitter:card\" content=\"summary_large_image\" \/>\n<meta name=\"twitter:label1\" content=\"Tempo estimado de leitura\" \/>\n\t<meta name=\"twitter:data1\" content=\"2 minutos\" \/>\n<script type=\"application\/ld+json\" class=\"yoast-schema-graph\">{\"@context\":\"https:\/\/schema.org\",\"@graph\":[{\"@type\":\"WebPage\",\"@id\":\"https:\/\/imf-defense.com\/impressum\/\",\"url\":\"https:\/\/imf-defense.com\/impressum\/\",\"name\":\"Rechtliche Angaben & Kontakt | IMF Defense\",\"isPartOf\":{\"@id\":\"https:\/\/imf-defense.com\/#website\"},\"datePublished\":\"2025-04-24T09:56:19+00:00\",\"dateModified\":\"2025-12-19T12:51:19+00:00\",\"description\":\"Impressum: Hier finden Sie alle rechtlichen Angaben, Handelsregistereintrag, Vertretungsberechtigte und Kontaktm\u00f6glichkeiten in Z\u00fcrich.\",\"breadcrumb\":{\"@id\":\"https:\/\/imf-defense.com\/impressum\/#breadcrumb\"},\"inLanguage\":\"pt-PT\",\"potentialAction\":[{\"@type\":\"ReadAction\",\"target\":[\"https:\/\/imf-defense.com\/impressum\/\"]}]},{\"@type\":\"BreadcrumbList\",\"@id\":\"https:\/\/imf-defense.com\/impressum\/#breadcrumb\",\"itemListElement\":[{\"@type\":\"ListItem\",\"position\":1,\"name\":\"Startseite\",\"item\":\"https:\/\/imf-defense.com\/\"},{\"@type\":\"ListItem\",\"position\":2,\"name\":\"Impressum\"}]},{\"@type\":\"WebSite\",\"@id\":\"https:\/\/imf-defense.com\/#website\",\"url\":\"https:\/\/imf-defense.com\/\",\"name\":\"International Metal Foam AG\",\"description\":\"\",\"potentialAction\":[{\"@type\":\"SearchAction\",\"target\":{\"@type\":\"EntryPoint\",\"urlTemplate\":\"https:\/\/imf-defense.com\/?s={search_term_string}\"},\"query-input\":{\"@type\":\"PropertyValueSpecification\",\"valueRequired\":true,\"valueName\":\"search_term_string\"}}],\"inLanguage\":\"pt-PT\"}]}<\/script>\n<!-- \/ Yoast SEO plugin. -->","yoast_head_json":{"title":"Rechtliche Angaben & Kontakt | IMF Defense","description":"Impressum: Hier finden Sie alle rechtlichen Angaben, Handelsregistereintrag, Vertretungsberechtigte und Kontaktm\u00f6glichkeiten in Z\u00fcrich.","robots":{"index":"index","follow":"follow","max-snippet":"max-snippet:-1","max-image-preview":"max-image-preview:large","max-video-preview":"max-video-preview:-1"},"canonical":"https:\/\/imf-defense.com\/pt\/impressao\/","og_locale":"pt_PT","og_type":"article","og_title":"Rechtliche Angaben & Kontakt | IMF Defense","og_description":"Impressum: Hier finden Sie alle rechtlichen Angaben, Handelsregistereintrag, Vertretungsberechtigte und Kontaktm\u00f6glichkeiten in Z\u00fcrich.","og_url":"https:\/\/imf-defense.com\/pt\/impressao\/","og_site_name":"International Metal Foam AG","article_modified_time":"2025-12-19T12:51:19+00:00","twitter_card":"summary_large_image","twitter_misc":{"Tempo estimado de leitura":"2 minutos"},"schema":{"@context":"https:\/\/schema.org","@graph":[{"@type":"WebPage","@id":"https:\/\/imf-defense.com\/impressum\/","url":"https:\/\/imf-defense.com\/impressum\/","name":"Rechtliche Angaben & Kontakt | IMF Defense","isPartOf":{"@id":"https:\/\/imf-defense.com\/#website"},"datePublished":"2025-04-24T09:56:19+00:00","dateModified":"2025-12-19T12:51:19+00:00","description":"Impressum: Hier finden Sie alle rechtlichen Angaben, Handelsregistereintrag, Vertretungsberechtigte und Kontaktm\u00f6glichkeiten in Z\u00fcrich.","breadcrumb":{"@id":"https:\/\/imf-defense.com\/impressum\/#breadcrumb"},"inLanguage":"pt-PT","potentialAction":[{"@type":"ReadAction","target":["https:\/\/imf-defense.com\/impressum\/"]}]},{"@type":"BreadcrumbList","@id":"https:\/\/imf-defense.com\/impressum\/#breadcrumb","itemListElement":[{"@type":"ListItem","position":1,"name":"Startseite","item":"https:\/\/imf-defense.com\/"},{"@type":"ListItem","position":2,"name":"Impressum"}]},{"@type":"WebSite","@id":"https:\/\/imf-defense.com\/#website","url":"https:\/\/imf-defense.com\/","name":"International Metal Foam AG","description":"","potentialAction":[{"@type":"SearchAction","target":{"@type":"EntryPoint","urlTemplate":"https:\/\/imf-defense.com\/?s={search_term_string}"},"query-input":{"@type":"PropertyValueSpecification","valueRequired":true,"valueName":"search_term_string"}}],"inLanguage":"pt-PT"}]}},"acf":[],"_links":{"self":[{"href":"https:\/\/imf-defense.com\/pt\/wp-json\/wp\/v2\/pages\/6463","targetHints":{"allow":["GET"]}}],"collection":[{"href":"https:\/\/imf-defense.com\/pt\/wp-json\/wp\/v2\/pages"}],"about":[{"href":"https:\/\/imf-defense.com\/pt\/wp-json\/wp\/v2\/types\/page"}],"author":[{"embeddable":true,"href":"https:\/\/imf-defense.com\/pt\/wp-json\/wp\/v2\/users\/1"}],"replies":[{"embeddable":true,"href":"https:\/\/imf-defense.com\/pt\/wp-json\/wp\/v2\/comments?post=6463"}],"version-history":[{"count":25,"href":"https:\/\/imf-defense.com\/pt\/wp-json\/wp\/v2\/pages\/6463\/revisions"}],"predecessor-version":[{"id":7935,"href":"https:\/\/imf-defense.com\/pt\/wp-json\/wp\/v2\/pages\/6463\/revisions\/7935"}],"wp:attachment":[{"href":"https:\/\/imf-defense.com\/pt\/wp-json\/wp\/v2\/media?parent=6463"}],"curies":[{"name":"wp","href":"https:\/\/api.w.org\/{rel}","templated":true}]}}