{"id":6490,"date":"2025-04-24T12:23:51","date_gmt":"2025-04-24T12:23:51","guid":{"rendered":"https:\/\/imf-defense.com\/opt-out-preferences\/"},"modified":"2025-04-24T12:23:51","modified_gmt":"2025-04-24T12:23:51","slug":"opt-out-preferences","status":"publish","type":"page","link":"https:\/\/imf-defense.com\/nb\/velge-bort-preferanser\/","title":{"rendered":"Preferanser for utmelding"},"content":{"rendered":"<!-- Legal document generated by Complianz | GDPR\/CCPA Cookie Consent https:\/\/wordpress.org\/plugins\/complianz-gdpr -->\n<div id=\"cmplz-document\" class=\"cmplz-document cookie-statement cmplz-document-us\"><p><i>This page was last changed on mai 27, 2025, last checked on mai 27, 2025 and applies to citizens and legal permanent residents of the United States. <\/i><br \/><\/p><h2>1. Innledning<\/h2><p>Nettstedet v\u00e5rt, <a href=\"https:\/\/imf-defense.com\/nb\">https:\/\/imf-defense.com\/nb<\/a> (heretter kalt \"nettstedet\") bruker informasjonskapsler og andre relaterte teknologier (for enkelhets skyld omtales alle teknologier som \"informasjonskapsler\"). Informasjonskapsler plasseres ogs\u00e5 av tredjeparter som vi har engasjert. I dokumentet nedenfor informerer vi deg om bruken av informasjonskapsler p\u00e5 nettstedet v\u00e5rt.<\/p><h2>2. Informasjonskapsler<\/h2><p>N\u00e5r du bes\u00f8ker nettstedet v\u00e5rt, kan det v\u00e6re n\u00f8dvendig \u00e5 lagre og\/eller lese visse data fra enheten din ved hjelp av teknologier som informasjonskapsler.<\/p><p class=\"cmplz-subtitle\">2.1 Tekniske eller funksjonelle informasjonskapsler<\/p><p>Noen informasjonskapsler s\u00f8rger for at visse deler av nettstedet fungerer som de skal, og at brukerpreferansene dine forblir kjent. Ved \u00e5 plassere funksjonelle informasjonskapsler gj\u00f8r vi det enklere for deg \u00e5 bes\u00f8ke nettstedet v\u00e5rt. P\u00e5 denne m\u00e5ten trenger du ikke \u00e5 oppgi den samme informasjonen gjentatte ganger n\u00e5r du bes\u00f8ker nettstedet v\u00e5rt, og varene blir for eksempel liggende i handlekurven din til du har betalt. Vi kan plassere disse informasjonskapslene uten ditt samtykke.<\/p><p class=\"cmplz-subtitle\">2.2 Informasjonskapsler for statistikk<\/p><p>Vi bruker statistikk-informasjonskapsler for \u00e5 optimalisere opplevelsen av nettstedet for brukerne v\u00e5re. Med disse statistikk-informasjonskapslene f\u00e5r vi innsikt i bruken av nettstedet v\u00e5rt.<\/p><h2>3. plasserte informasjonskapsler<\/h2><p><p>De fleste av disse teknologiene har en funksjon, et form\u00e5l og en utl\u00f8psperiode.<\/p><ol>\n                      <li>En funksjon er en bestemt oppgave en teknologi har. En funksjon kan alts\u00e5 v\u00e6re \u00e5 \"lagre visse data\".<\/li>\n                      <li>Form\u00e5let er \"hvorfor\" bak funksjonen. Kanskje lagres dataene fordi de er n\u00f8dvendige for statistikk.<\/li>\n                      <li>Utl\u00f8psperioden viser hvor lenge den brukte teknologien kan \"lagre eller lese visse data\".<\/li>\n                  <\/ol><\/p><div id=\"cmplz-cookies-overview\"><details class=\"cmplz-dropdown cmplz-service-desc cmplz-dropdown-cookiepolicy\">\n\t<summary class=\"cmplz-service-header\"><div>\n\t\t<h3>Elementor<\/h3>\n\t\t<p>Form\u00e5l venter p\u00e5 kontroll<\/p>\n\t\t<label for=\"cmplz_service_elementor\" class=\"cmplz_consent_per_service_label\"><span class=\"screen-reader-text\">Samtykke til tjeneste Elementor<\/span><\/label>\n\t\t<input type=\"checkbox\" id=\"cmplz_service_elementor\" class=\"cmplz-accept-service cmplz-hidden\" data-service=\"elementor\" data-category=\"functional\"><\/div>\n\t<\/summary>\n\t<div class=\"cmplz-service-description\">\n\t\t<h4>Bruk<\/h4>\n\t\t<p><\/p>\n\t<\/div>\n\t<div class=\"cmplz-sharing-data\">\n\t\t<h4>Deling av data<\/h4>\n\t\t<p>Disse data er ikke delt med tredjeparts-akt\u00f8rer.<\/p>\n\t<\/div>\n\t<div class=\"cookies-per-purpose\">\n    <div class=\"purpose\"><h4>Form\u00e5l venter p\u00e5 kontroll<\/h4><\/div>\n    <div class=\"name-header\">\n\t<h5>Navn<\/h5>\n<\/div>\n<div class=\"name\"><a target=\"_blank\" rel=\"noopener noreferrer nofollow\" href=\"https:\/\/cookiedatabase.org\/cookie\/unknown-service\/elementor\/\">elementor<\/a><\/div>\n<div class=\"retention-header\">\n\t<h5>Utl\u00f8p<\/h5>\n<\/div>\n<div class=\"retention\"><\/div>\n<div class=\"function-header\">\n\t<h5>Funksjon<\/h5>\n<\/div>\n<div class=\"function\"><\/div>\n\n<\/div>\n<\/details>\n<details class=\"cmplz-dropdown cmplz-service-desc cmplz-dropdown-cookiepolicy\">\n\t<summary class=\"cmplz-service-header\"><div>\n\t\t<h3>WordPress<\/h3>\n\t\t<p>Form\u00e5l venter p\u00e5 kontroll<\/p>\n\t\t<label for=\"cmplz_service_wordpress\" class=\"cmplz_consent_per_service_label\"><span class=\"screen-reader-text\">Samtykke til tjenesten WordPress<\/span><\/label>\n\t\t<input type=\"checkbox\" id=\"cmplz_service_wordpress\" class=\"cmplz-accept-service cmplz-hidden\" data-service=\"wordpress\" data-category=\"functional\"><\/div>\n\t<\/summary>\n\t<div class=\"cmplz-service-description\">\n\t\t<h4>Bruk<\/h4>\n\t\t<p><\/p>\n\t<\/div>\n\t<div class=\"cmplz-sharing-data\">\n\t\t<h4>Deling av data<\/h4>\n\t\t<p>Disse data er ikke delt med tredjeparts-akt\u00f8rer.<\/p>\n\t<\/div>\n\t<div class=\"cookies-per-purpose\">\n    <div class=\"purpose\"><h4>Form\u00e5l venter p\u00e5 kontroll<\/h4><\/div>\n    <div class=\"name-header\">\n\t<h5>Navn<\/h5>\n<\/div>\n<div class=\"name\"><a target=\"_blank\" rel=\"noopener noreferrer nofollow\" href=\"https:\/\/cookiedatabase.org\/cookie\/unknown-service\/wpemojisettingssupports\/\">wpEmojiSettingsSt\u00f8tter<\/a><\/div>\n<div class=\"retention-header\">\n\t<h5>Utl\u00f8p<\/h5>\n<\/div>\n<div class=\"retention\"><\/div>\n<div class=\"function-header\">\n\t<h5>Funksjon<\/h5>\n<\/div>\n<div class=\"function\"><\/div>\n<div class=\"name-header\">\n\t<h5>Navn<\/h5>\n<\/div>\n<div class=\"name\"><a target=\"_blank\" rel=\"noopener noreferrer nofollow\" href=\"https:\/\/cookiedatabase.org\/cookie\/unknown-service\/wp-settings-time\/\">wp-settings-tid-*<\/a><\/div>\n<div class=\"retention-header\">\n\t<h5>Utl\u00f8p<\/h5>\n<\/div>\n<div class=\"retention\"><\/div>\n<div class=\"function-header\">\n\t<h5>Funksjon<\/h5>\n<\/div>\n<div class=\"function\"><\/div>\n<div class=\"name-header\">\n\t<h5>Navn<\/h5>\n<\/div>\n<div class=\"name\"><a target=\"_blank\" rel=\"noopener noreferrer nofollow\" href=\"https:\/\/cookiedatabase.org\/cookie\/unknown-service\/wordpress_test_cookie\/\">wordpress_test_cookie<\/a><\/div>\n<div class=\"retention-header\">\n\t<h5>Utl\u00f8p<\/h5>\n<\/div>\n<div class=\"retention\"><\/div>\n<div class=\"function-header\">\n\t<h5>Funksjon<\/h5>\n<\/div>\n<div class=\"function\"><\/div>\n<div class=\"name-header\">\n\t<h5>Navn<\/h5>\n<\/div>\n<div class=\"name\"><a target=\"_blank\" rel=\"noopener noreferrer nofollow\" href=\"https:\/\/cookiedatabase.org\/cookie\/unknown-service\/wordpress_logged_in_\/\">wordpress_innlogget_*<\/a><\/div>\n<div class=\"retention-header\">\n\t<h5>Utl\u00f8p<\/h5>\n<\/div>\n<div class=\"retention\"><\/div>\n<div class=\"function-header\">\n\t<h5>Funksjon<\/h5>\n<\/div>\n<div class=\"function\"><\/div>\n<div class=\"name-header\">\n\t<h5>Navn<\/h5>\n<\/div>\n<div class=\"name\"><a target=\"_blank\" rel=\"noopener noreferrer nofollow\" href=\"https:\/\/cookiedatabase.org\/cookie\/unknown-service\/wp-settings\/\">wp-innstillinger-*<\/a><\/div>\n<div class=\"retention-header\">\n\t<h5>Utl\u00f8p<\/h5>\n<\/div>\n<div class=\"retention\"><\/div>\n<div class=\"function-header\">\n\t<h5>Funksjon<\/h5>\n<\/div>\n<div class=\"function\"><\/div>\n\n<\/div>\n<\/details>\n<details class=\"cmplz-dropdown cmplz-service-desc cmplz-dropdown-cookiepolicy\">\n\t<summary class=\"cmplz-service-header\"><div>\n\t\t<h3>Complianz<\/h3>\n\t\t<p>Form\u00e5l venter p\u00e5 kontroll<\/p>\n\t\t<label for=\"cmplz_service_complianz\" class=\"cmplz_consent_per_service_label\"><span class=\"screen-reader-text\">Samtykke til tjenesteoverensstemmelse<\/span><\/label>\n\t\t<input type=\"checkbox\" id=\"cmplz_service_complianz\" class=\"cmplz-accept-service cmplz-hidden\" data-service=\"complianz\" data-category=\"functional\"><\/div>\n\t<\/summary>\n\t<div class=\"cmplz-service-description\">\n\t\t<h4>Bruk<\/h4>\n\t\t<p><\/p>\n\t<\/div>\n\t<div class=\"cmplz-sharing-data\">\n\t\t<h4>Deling av data<\/h4>\n\t\t<p>Disse data er ikke delt med tredjeparts-akt\u00f8rer.&nbsp;For mer informasjon, vennligst les <a target=\"_blank\" rel=\"noopener noreferrer\" href=\"https:\/\/complianz.io\/legal\/privacy-statement\/\">Complianz Personvernerkl\u00e6ringen<\/a>.<\/p>\n\t<\/div>\n\t<div class=\"cookies-per-purpose\">\n    <div class=\"purpose\"><h4>Form\u00e5l venter p\u00e5 kontroll<\/h4><\/div>\n    <div class=\"name-header\">\n\t<h5>Navn<\/h5>\n<\/div>\n<div class=\"name\"><a target=\"_blank\" rel=\"noopener noreferrer nofollow\" href=\"https:\/\/cookiedatabase.org\/cookie\/unknown-service\/cmplz_saved_categories\/\">cmplz_lagrede_kategorier<\/a><\/div>\n<div class=\"retention-header\">\n\t<h5>Utl\u00f8p<\/h5>\n<\/div>\n<div class=\"retention\">365 dager<\/div>\n<div class=\"function-header\">\n\t<h5>Funksjon<\/h5>\n<\/div>\n<div class=\"function\"><\/div>\n<div class=\"name-header\">\n\t<h5>Navn<\/h5>\n<\/div>\n<div class=\"name\"><a target=\"_blank\" rel=\"noopener noreferrer nofollow\" href=\"https:\/\/cookiedatabase.org\/cookie\/unknown-service\/cmplz_saved_services\/\">cmplz_lagrede_tjenester<\/a><\/div>\n<div class=\"retention-header\">\n\t<h5>Utl\u00f8p<\/h5>\n<\/div>\n<div class=\"retention\">365 dager<\/div>\n<div class=\"function-header\">\n\t<h5>Funksjon<\/h5>\n<\/div>\n<div class=\"function\"><\/div>\n<div class=\"name-header\">\n\t<h5>Navn<\/h5>\n<\/div>\n<div class=\"name\"><a target=\"_blank\" rel=\"noopener noreferrer nofollow\" href=\"https:\/\/cookiedatabase.org\/cookie\/unknown-service\/cmplz_id\/\">cmplz_id<\/a><\/div>\n<div class=\"retention-header\">\n\t<h5>Utl\u00f8p<\/h5>\n<\/div>\n<div class=\"retention\">365 dager<\/div>\n<div class=\"function-header\">\n\t<h5>Funksjon<\/h5>\n<\/div>\n<div class=\"function\"><\/div>\n<div class=\"name-header\">\n\t<h5>Navn<\/h5>\n<\/div>\n<div class=\"name\"><a target=\"_blank\" rel=\"noopener noreferrer nofollow\" href=\"https:\/\/cookiedatabase.org\/cookie\/unknown-service\/cmplz_banner-status\/\">cmplz_banner-status<\/a><\/div>\n<div class=\"retention-header\">\n\t<h5>Utl\u00f8p<\/h5>\n<\/div>\n<div class=\"retention\">365 dager<\/div>\n<div class=\"function-header\">\n\t<h5>Funksjon<\/h5>\n<\/div>\n<div class=\"function\"><\/div>\n<div class=\"name-header\">\n\t<h5>Navn<\/h5>\n<\/div>\n<div class=\"name\"><a target=\"_blank\" rel=\"noopener noreferrer nofollow\" href=\"https:\/\/cookiedatabase.org\/cookie\/unknown-service\/cmplz_consented_services\/\">cmplz_godkjente_tjenester<\/a><\/div>\n<div class=\"retention-header\">\n\t<h5>Utl\u00f8p<\/h5>\n<\/div>\n<div class=\"retention\">365 dager<\/div>\n<div class=\"function-header\">\n\t<h5>Funksjon<\/h5>\n<\/div>\n<div class=\"function\"><\/div>\n<div class=\"name-header\">\n\t<h5>Navn<\/h5>\n<\/div>\n<div class=\"name\"><a target=\"_blank\" rel=\"noopener noreferrer nofollow\" href=\"https:\/\/cookiedatabase.org\/cookie\/unknown-service\/cmplz_policy_id\/\">cmplz_policy_id<\/a><\/div>\n<div class=\"retention-header\">\n\t<h5>Utl\u00f8p<\/h5>\n<\/div>\n<div class=\"retention\">365 dager<\/div>\n<div class=\"function-header\">\n\t<h5>Funksjon<\/h5>\n<\/div>\n<div class=\"function\"><\/div>\n<div class=\"name-header\">\n\t<h5>Navn<\/h5>\n<\/div>\n<div class=\"name\"><a target=\"_blank\" rel=\"noopener noreferrer nofollow\" href=\"https:\/\/cookiedatabase.org\/cookie\/unknown-service\/cmplz_marketing\/\">cmplz_markedsf\u00f8ring<\/a><\/div>\n<div class=\"retention-header\">\n\t<h5>Utl\u00f8p<\/h5>\n<\/div>\n<div class=\"retention\">365 dager<\/div>\n<div class=\"function-header\">\n\t<h5>Funksjon<\/h5>\n<\/div>\n<div class=\"function\"><\/div>\n<div class=\"name-header\">\n\t<h5>Navn<\/h5>\n<\/div>\n<div class=\"name\"><a target=\"_blank\" rel=\"noopener noreferrer nofollow\" href=\"https:\/\/cookiedatabase.org\/cookie\/unknown-service\/cmplz_statistics\/\">cmplz_statistikk<\/a><\/div>\n<div class=\"retention-header\">\n\t<h5>Utl\u00f8p<\/h5>\n<\/div>\n<div class=\"retention\">365 dager<\/div>\n<div class=\"function-header\">\n\t<h5>Funksjon<\/h5>\n<\/div>\n<div class=\"function\"><\/div>\n<div class=\"name-header\">\n\t<h5>Navn<\/h5>\n<\/div>\n<div class=\"name\"><a target=\"_blank\" rel=\"noopener noreferrer nofollow\" href=\"https:\/\/cookiedatabase.org\/cookie\/unknown-service\/cmplz_preferences\/\">cmplz_preferanser<\/a><\/div>\n<div class=\"retention-header\">\n\t<h5>Utl\u00f8p<\/h5>\n<\/div>\n<div class=\"retention\">365 dager<\/div>\n<div class=\"function-header\">\n\t<h5>Funksjon<\/h5>\n<\/div>\n<div class=\"function\"><\/div>\n<div class=\"name-header\">\n\t<h5>Navn<\/h5>\n<\/div>\n<div class=\"name\"><a target=\"_blank\" rel=\"noopener noreferrer nofollow\" href=\"https:\/\/cookiedatabase.org\/cookie\/unknown-service\/cmplz_functional\/\">cmplz_funksjonell<\/a><\/div>\n<div class=\"retention-header\">\n\t<h5>Utl\u00f8p<\/h5>\n<\/div>\n<div class=\"retention\">365 dager<\/div>\n<div class=\"function-header\">\n\t<h5>Funksjon<\/h5>\n<\/div>\n<div class=\"function\"><\/div>\n<div class=\"name-header\">\n\t<h5>Navn<\/h5>\n<\/div>\n<div class=\"name\"><a target=\"_blank\" rel=\"noopener noreferrer nofollow\" href=\"https:\/\/cookiedatabase.org\/cookie\/unknown-service\/cmplz_user_data\/\">cmplz_brukerdata<\/a><\/div>\n<div class=\"retention-header\">\n\t<h5>Utl\u00f8p<\/h5>\n<\/div>\n<div class=\"retention\">365 dager<\/div>\n<div class=\"function-header\">\n\t<h5>Funksjon<\/h5>\n<\/div>\n<div class=\"function\"><\/div>\n\n<\/div>\n<\/details>\n<details class=\"cmplz-dropdown cmplz-service-desc cmplz-dropdown-cookiepolicy\">\n\t<summary class=\"cmplz-service-header\"><div>\n\t\t<h3>WordPress<\/h3>\n\t\t<p>Form\u00e5l venter p\u00e5 kontroll<\/p>\n\t\t<label for=\"cmplz_service_wordpress\" class=\"cmplz_consent_per_service_label\"><span class=\"screen-reader-text\">Samtykke til tjenesten WordPress<\/span><\/label>\n\t\t<input type=\"checkbox\" id=\"cmplz_service_wordpress\" class=\"cmplz-accept-service cmplz-hidden\" data-service=\"wordpress\" data-category=\"functional\"><\/div>\n\t<\/summary>\n\t<div class=\"cmplz-service-description\">\n\t\t<h4>Bruk<\/h4>\n\t\t<p>Vi bruker WordPress for website development. <a target=\"_blank\" rel=\"noopener noreferrer nofollow\" href=\"https:\/\/cookiedatabase.org\/service\/wordpress\/\">Les mer<\/a><\/p>\n\t<\/div>\n\t<div class=\"cmplz-sharing-data\">\n\t\t<h4>Deling av data<\/h4>\n\t\t<p>Disse data er ikke delt med tredjeparts-akt\u00f8rer.<\/p>\n\t<\/div>\n\t<div class=\"cookies-per-purpose\">\n    <div class=\"purpose\"><h4>Form\u00e5l venter p\u00e5 kontroll<\/h4><\/div>\n    <div class=\"name-header\">\n\t<h5>Navn<\/h5>\n<\/div>\n<div class=\"name\"><a target=\"_blank\" rel=\"noopener noreferrer nofollow\" href=\"https:\/\/cookiedatabase.org\/cookie\/wordpress\/wp_preferences_user_\/\">WP_PREFERENCES_USER_*<\/a><\/div>\n<div class=\"retention-header\">\n\t<h5>Utl\u00f8p<\/h5>\n<\/div>\n<div class=\"retention\"><\/div>\n<div class=\"function-header\">\n\t<h5>Funksjon<\/h5>\n<\/div>\n<div class=\"function\"><\/div>\n\n<\/div>\n<\/details>\n<details class=\"cmplz-dropdown cmplz-service-desc cmplz-dropdown-cookiepolicy\">\n\t<summary class=\"cmplz-service-header\"><div>\n\t\t<h3>Diverse<\/h3>\n\t\t<p>Form\u00e5l venter p\u00e5 kontroll<\/p>\n\t\t<label for=\"cmplz_service_diverse\" class=\"cmplz_consent_per_service_label\"><span class=\"screen-reader-text\">Consent to service diverse<\/span><\/label>\n\t\t<input type=\"checkbox\" id=\"cmplz_service_diverse\" class=\"cmplz-accept-service cmplz-hidden\" data-service=\"diverse\" data-category=\"functional\"><\/div>\n\t<\/summary>\n\t<div class=\"cmplz-service-description\">\n\t\t<h4>Bruk<\/h4>\n\t\t<p><\/p>\n\t<\/div>\n\t<div class=\"cmplz-sharing-data\">\n\t\t<h4>Deling av data<\/h4>\n\t\t<p>Deling av data venter p\u00e5 revidering<\/p>\n\t<\/div>\n\t<div class=\"cookies-per-purpose\">\n    <div class=\"purpose\"><h4>Form\u00e5l venter p\u00e5 kontroll<\/h4><\/div>\n    <div class=\"name-header\">\n\t<h5>Navn<\/h5>\n<\/div>\n<div class=\"name\">e_kit-elementer-standard<\/div>\n<div class=\"retention-header\">\n\t<h5>Utl\u00f8p<\/h5>\n<\/div>\n<div class=\"retention\"><\/div>\n<div class=\"function-header\">\n\t<h5>Funksjon<\/h5>\n<\/div>\n<div class=\"function\"><\/div>\n<div class=\"name-header\">\n\t<h5>Navn<\/h5>\n<\/div>\n<div class=\"name\"><a target=\"_blank\" rel=\"noopener noreferrer nofollow\" href=\"https:\/\/cookiedatabase.org\/cookie\/unknown-service\/isreturningvisitor-2\/\">erBes\u00f8kende<\/a><\/div>\n<div class=\"retention-header\">\n\t<h5>Utl\u00f8p<\/h5>\n<\/div>\n<div class=\"retention\"><\/div>\n<div class=\"function-header\">\n\t<h5>Funksjon<\/h5>\n<\/div>\n<div class=\"function\"><\/div>\n<div class=\"name-header\">\n\t<h5>Navn<\/h5>\n<\/div>\n<div class=\"name\">trp_spr\u00e5k<\/div>\n<div class=\"retention-header\">\n\t<h5>Utl\u00f8p<\/h5>\n<\/div>\n<div class=\"retention\"><\/div>\n<div class=\"function-header\">\n\t<h5>Funksjon<\/h5>\n<\/div>\n<div class=\"function\"><\/div>\n<div class=\"name-header\">\n\t<h5>Navn<\/h5>\n<\/div>\n<div class=\"name\">wp_spr\u00e5k<\/div>\n<div class=\"retention-header\">\n\t<h5>Utl\u00f8p<\/h5>\n<\/div>\n<div class=\"retention\"><\/div>\n<div class=\"function-header\">\n\t<h5>Funksjon<\/h5>\n<\/div>\n<div class=\"function\"><\/div>\n<div class=\"name-header\">\n\t<h5>Navn<\/h5>\n<\/div>\n<div class=\"name\">_ga<\/div>\n<div class=\"retention-header\">\n\t<h5>Utl\u00f8p<\/h5>\n<\/div>\n<div class=\"retention\"><\/div>\n<div class=\"function-header\">\n\t<h5>Funksjon<\/h5>\n<\/div>\n<div class=\"function\"><\/div>\n<div class=\"name-header\">\n\t<h5>Navn<\/h5>\n<\/div>\n<div class=\"name\">_ga_LJ848TJT4D<\/div>\n<div class=\"retention-header\">\n\t<h5>Utl\u00f8p<\/h5>\n<\/div>\n<div class=\"retention\"><\/div>\n<div class=\"function-header\">\n\t<h5>Funksjon<\/h5>\n<\/div>\n<div class=\"function\"><\/div>\n\n<\/div>\n<\/details>\n<\/div><h2>4. Nettleser- og enhetsbasert samtykke<\/h2><p>N\u00e5r du bes\u00f8ker nettstedet v\u00e5rt for f\u00f8rste gang, vil vi vise deg et popup-vindu med en forklaring om informasjonskapsler. Du har rett til \u00e5 reservere deg mot videre bruk av ikke-funksjonelle informasjonskapsler.<\/p><p class=\"cmplz-subtitle\">4.1 Administrer dine preferanser for fravalg<\/p><div id=\"cmplz-manage-consent-container-nojavascript\">Du har lastet Cookie-erkl\u00e6ringen uten javascript-st\u00f8tte.&nbsp;P\u00e5 AMP kan du bruke administrer samtykke-knappen nederst p\u00e5 siden.<\/div><div id=\"cmplz-manage-consent-container\" class=\"cmplz-manage-consent-container\"><\/div><h2>5. aktivere\/deaktivere og slette informasjonskapsler<\/h2><p>Du kan bruke nettleseren din til \u00e5 slette informasjonskapsler automatisk eller manuelt. Du kan ogs\u00e5 angi at visse informasjonskapsler ikke skal plasseres. Du kan ogs\u00e5 endre innstillingene i nettleseren din slik at du f\u00e5r en melding hver gang en informasjonskapsel plasseres. Hvis du vil ha mer informasjon om disse alternativene, kan du se instruksjonene i hjelpeseksjonen i nettleseren din.<\/p><p>V\u00e6r oppmerksom p\u00e5 at nettleseren din ikke vil fungere som den skal hvis alle informasjonskapsler er deaktivert. Hvis du ikke godtar alle informasjonskapsler i nettleseren din, vil du ikke kunne slette dem hvis du deaktiverer dem.<\/p><h2>6. dine rettigheter med hensyn til personopplysninger<\/h2><p>Du har f\u00f8lgende rettigheter med hensyn til personopplysningene dine:<\/p><ul>\n                <li>kan du be om innsyn i opplysningene vi behandler om deg;<\/li>\n                <li>kan du protestere mot behandlingen;<\/li>\n                <li>kan du be om en oversikt, i et vanlig format, over opplysningene vi behandler om deg;<\/li>\n                <li>du kan be om korrigering eller sletting av opplysningene hvis de er uriktige eller ikke eller ikke lenger er relevante, eller be om at behandlingen av opplysningene begrenses.<\/li>\n            <\/ul><p>For \u00e5 ut\u00f8ve disse rettighetene, vennligst kontakt oss. Se kontaktopplysningene nederst i disse retningslinjene for informasjonskapsler. Hvis du har en klage p\u00e5 hvordan vi h\u00e5ndterer opplysningene dine, vil vi gjerne h\u00f8re fra deg.<\/p><p>For mer informasjon om dine rettigheter med hensyn til personopplysninger, vennligst se v\u00e5r <a href=\"https:\/\/imf-defense.com\/nb\/databeskyttelse\/\" target=\"_blank\">Personvernerkl\u00e6ring<\/a><\/p><h2>7. Kontaktinformasjon<\/h2><p>Hvis du har sp\u00f8rsm\u00e5l og\/eller kommentarer om v\u00e5re retningslinjer for informasjonskapsler og denne erkl\u00e6ringen, kan du kontakte oss ved \u00e5 bruke f\u00f8lgende kontaktinformasjon:<\/p><p><span class=\"cmplz-contact-organisation\">International Metal Foam AG<\/span><br \/>\n                      <span class=\"cmplz-contact-address\">Zeltweg 11, CH-8023 Z\u00fcrich<\/span><br \/>\n                      <span class=\"cmplz-contact-country\">Sveits<\/span><br \/>\n                      Nettsted: <span class=\"cmplz-contact-domain\"><a href=\"https:\/\/imf-defense.com\/nb\">https:\/\/imf-defense.com\/nb<\/a><\/span><br \/>\n                      E-post: <span class=\"cmplz-contact-email\">info@imf-ag.com<\/span><br \/>\n                      <span class=\"cmplz-contact-telephone\">Telefonnummer: +41 44 256 16 07<\/span><\/p><p>Disse retningslinjene for informasjonskapsler ble synkronisert med <a href=\"https:\/\/cookiedatabase.org\/\" target=\"_blank\">cookiedatabase.org<\/a> on april 30, 2026.<\/p><\/div>","protected":false},"excerpt":{"rendered":"","protected":false},"author":1,"featured_media":0,"parent":0,"menu_order":0,"comment_status":"closed","ping_status":"closed","template":"","meta":{"_acf_changed":false,"iawp_total_views":2,"footnotes":""},"class_list":["post-6490","page","type-page","status-publish","hentry"],"yoast_head":"<!-- This site is optimized with the Yoast SEO plugin v24.9 - https:\/\/yoast.com\/wordpress\/plugins\/seo\/ -->\n<title>Opt-out preferences - International Metal Foam AG<\/title>\n<meta name=\"robots\" content=\"index, follow, max-snippet:-1, max-image-preview:large, max-video-preview:-1\" \/>\n<link rel=\"canonical\" href=\"https:\/\/imf-defense.com\/nb\/velge-bort-preferanser\/\" \/>\n<meta property=\"og:locale\" content=\"nb_NO\" \/>\n<meta property=\"og:type\" content=\"article\" \/>\n<meta property=\"og:title\" content=\"Opt-out preferences - International Metal Foam AG\" \/>\n<meta property=\"og:url\" content=\"https:\/\/imf-defense.com\/nb\/velge-bort-preferanser\/\" \/>\n<meta property=\"og:site_name\" content=\"International Metal Foam AG\" \/>\n<meta name=\"twitter:card\" content=\"summary_large_image\" \/>\n<script type=\"application\/ld+json\" class=\"yoast-schema-graph\">{\"@context\":\"https:\/\/schema.org\",\"@graph\":[{\"@type\":\"WebPage\",\"@id\":\"https:\/\/imf-defense.com\/opt-out-preferences\/\",\"url\":\"https:\/\/imf-defense.com\/opt-out-preferences\/\",\"name\":\"Opt-out preferences - International Metal Foam AG\",\"isPartOf\":{\"@id\":\"https:\/\/imf-defense.com\/#website\"},\"datePublished\":\"2025-04-24T12:23:51+00:00\",\"breadcrumb\":{\"@id\":\"https:\/\/imf-defense.com\/opt-out-preferences\/#breadcrumb\"},\"inLanguage\":\"nb-NO\",\"potentialAction\":[{\"@type\":\"ReadAction\",\"target\":[\"https:\/\/imf-defense.com\/opt-out-preferences\/\"]}]},{\"@type\":\"BreadcrumbList\",\"@id\":\"https:\/\/imf-defense.com\/opt-out-preferences\/#breadcrumb\",\"itemListElement\":[{\"@type\":\"ListItem\",\"position\":1,\"name\":\"Startseite\",\"item\":\"https:\/\/imf-defense.com\/\"},{\"@type\":\"ListItem\",\"position\":2,\"name\":\"Opt-out preferences\"}]},{\"@type\":\"WebSite\",\"@id\":\"https:\/\/imf-defense.com\/#website\",\"url\":\"https:\/\/imf-defense.com\/\",\"name\":\"International Metal Foam AG\",\"description\":\"\",\"potentialAction\":[{\"@type\":\"SearchAction\",\"target\":{\"@type\":\"EntryPoint\",\"urlTemplate\":\"https:\/\/imf-defense.com\/?s={search_term_string}\"},\"query-input\":{\"@type\":\"PropertyValueSpecification\",\"valueRequired\":true,\"valueName\":\"search_term_string\"}}],\"inLanguage\":\"nb-NO\"}]}<\/script>\n<!-- \/ Yoast SEO plugin. -->","yoast_head_json":{"title":"Opt-out preferences - International Metal Foam AG","robots":{"index":"index","follow":"follow","max-snippet":"max-snippet:-1","max-image-preview":"max-image-preview:large","max-video-preview":"max-video-preview:-1"},"canonical":"https:\/\/imf-defense.com\/nb\/velge-bort-preferanser\/","og_locale":"nb_NO","og_type":"article","og_title":"Opt-out preferences - International Metal Foam AG","og_url":"https:\/\/imf-defense.com\/nb\/velge-bort-preferanser\/","og_site_name":"International Metal Foam AG","twitter_card":"summary_large_image","schema":{"@context":"https:\/\/schema.org","@graph":[{"@type":"WebPage","@id":"https:\/\/imf-defense.com\/opt-out-preferences\/","url":"https:\/\/imf-defense.com\/opt-out-preferences\/","name":"Opt-out preferences - International Metal Foam AG","isPartOf":{"@id":"https:\/\/imf-defense.com\/#website"},"datePublished":"2025-04-24T12:23:51+00:00","breadcrumb":{"@id":"https:\/\/imf-defense.com\/opt-out-preferences\/#breadcrumb"},"inLanguage":"nb-NO","potentialAction":[{"@type":"ReadAction","target":["https:\/\/imf-defense.com\/opt-out-preferences\/"]}]},{"@type":"BreadcrumbList","@id":"https:\/\/imf-defense.com\/opt-out-preferences\/#breadcrumb","itemListElement":[{"@type":"ListItem","position":1,"name":"Startseite","item":"https:\/\/imf-defense.com\/"},{"@type":"ListItem","position":2,"name":"Opt-out preferences"}]},{"@type":"WebSite","@id":"https:\/\/imf-defense.com\/#website","url":"https:\/\/imf-defense.com\/","name":"International Metal Foam AG","description":"","potentialAction":[{"@type":"SearchAction","target":{"@type":"EntryPoint","urlTemplate":"https:\/\/imf-defense.com\/?s={search_term_string}"},"query-input":{"@type":"PropertyValueSpecification","valueRequired":true,"valueName":"search_term_string"}}],"inLanguage":"nb-NO"}]}},"acf":[],"_links":{"self":[{"href":"https:\/\/imf-defense.com\/nb\/wp-json\/wp\/v2\/pages\/6490","targetHints":{"allow":["GET"]}}],"collection":[{"href":"https:\/\/imf-defense.com\/nb\/wp-json\/wp\/v2\/pages"}],"about":[{"href":"https:\/\/imf-defense.com\/nb\/wp-json\/wp\/v2\/types\/page"}],"author":[{"embeddable":true,"href":"https:\/\/imf-defense.com\/nb\/wp-json\/wp\/v2\/users\/1"}],"replies":[{"embeddable":true,"href":"https:\/\/imf-defense.com\/nb\/wp-json\/wp\/v2\/comments?post=6490"}],"version-history":[{"count":0,"href":"https:\/\/imf-defense.com\/nb\/wp-json\/wp\/v2\/pages\/6490\/revisions"}],"wp:attachment":[{"href":"https:\/\/imf-defense.com\/nb\/wp-json\/wp\/v2\/media?parent=6490"}],"curies":[{"name":"wp","href":"https:\/\/api.w.org\/{rel}","templated":true}]}}