{"id":6463,"date":"2025-04-24T09:56:19","date_gmt":"2025-04-24T09:56:19","guid":{"rendered":"https:\/\/imf-defense.com\/?page_id=6463"},"modified":"2025-12-19T12:51:19","modified_gmt":"2025-12-19T12:51:19","slug":"impressum","status":"publish","type":"page","link":"https:\/\/imf-defense.com\/nb\/avtrykk\/","title":{"rendered":"Avtrykk"},"content":{"rendered":"<div data-elementor-type=\"wp-page\" data-elementor-id=\"6463\" class=\"elementor elementor-6463\" data-elementor-post-type=\"page\">\n\t\t\t\t<div class=\"elementor-element elementor-element-89f9380 e-con-full e-flex e-con e-parent\" data-id=\"89f9380\" data-element_type=\"container\" data-settings=\"{&quot;background_background&quot;:&quot;classic&quot;}\">\n\t\t\t\t<\/div>\n\t\t<div class=\"elementor-element elementor-element-f875d08 e-con-full e-flex e-con e-parent\" data-id=\"f875d08\" data-element_type=\"container\">\n\t\t\t\t<div class=\"elementor-element elementor-element-4768b9e elementor-widget elementor-widget-text-editor\" data-id=\"4768b9e\" data-element_type=\"widget\" data-widget_type=\"text-editor.default\">\n\t\t\t\t<div class=\"elementor-widget-container\">\n\t\t\t\t\t\t\t\t\t<h2>Avtrykk<\/h2><p>International Metal Foam AG<br \/>Zeltweg 11, CH-8023 Z\u00fcrich<\/p><p><strong>e-post:<\/strong> info@imf-ag.com<br \/><strong>Telefon:<\/strong> +41 44 256 16 07<br \/><strong>Nettsted:<\/strong> imf-ag.com<br \/><strong>Styret:<\/strong> Frank Schiffer, Z\u00fcrich<br \/><strong>Styret:<\/strong> Prof. Dr. Dirk Zielke, Brandenburg a. d. Havel<br \/><strong>Handelsregister:<\/strong> Handelsregister Z\u00fcrich<br \/><strong>MVA-nummer:<\/strong> CHE-106.156.173<\/p><h3>Juridisk informasjon<\/h3><p>EU-tvistel\u00f8sning Forbrukerne har mulighet til \u00e5 sende inn klager til EUs nettbaserte plattform for tvistel\u00f8sning: <a href=\"https:\/\/ec.europa.eu\/consumers\/odr\/main\">https:\/\/ec.europa.eu\/consumers\/odr\/main<\/a> eller hvis du bor i \u00d8sterrike: <a href=\"https:\/\/europakonsument.at\">https:\/\/europakonsument.at<\/a> . Du kan ogs\u00e5 sende eventuelle klager til e-postadressen som er oppgitt ovenfor.<\/p><p>Merknad om tvistel\u00f8sning Vi er ikke villige eller forpliktet til \u00e5 delta i tvistel\u00f8sningsprosedyrer i en voldgiftsnemnd for forbrukere.<\/p><p>Ansvarsfraskrivelse for innhold og lenker Vi bestreber oss p\u00e5 \u00e5 oppdatere innholdet p\u00e5 dette nettstedet fortl\u00f8pende og \u00e5 presentere det korrekt. Vi kan likevel ikke garantere at informasjonen er n\u00f8yaktig, fullstendig og aktuell, s\u00e6rlig ikke n\u00e5r den kommer fra tredjeparter. Vi forbeholder oss retten til \u00e5 endre, supplere eller fjerne innhold uten forvarsel.<\/p><p>Nettstedet v\u00e5rt inneholder lenker til eksterne tredjeparts nettsteder som vi ikke har noen innflytelse over innholdet p\u00e5. Det er alltid den respektive leverand\u00f8ren eller operat\u00f8ren av sidene som er ansvarlig for innholdet p\u00e5 de lenkede sidene. P\u00e5 tidspunktet for lenkingen var det ikke mulig \u00e5 gjenkjenne noe ulovlig innhold. Det er imidlertid ikke rimelig \u00e5 overv\u00e5ke innholdet p\u00e5 de lenkede sidene permanent uten konkrete bevis p\u00e5 lovbrudd. Hvis vi blir oppmerksomme p\u00e5 lovbrudd, vil slike lenker bli fjernet umiddelbart.<\/p><p>Merknad om opphavsrett Innholdet som publiseres p\u00e5 dette nettstedet, inkludert grafikk, bilder, fotografier, tekster og videoer (heretter kalt \"innhold\"), er underlagt opphavsrett. Vi bestreber oss p\u00e5 \u00e5 kun bruke innhold som vi selv har laget, eller \u00e5 benytte oss av lisensfritt materiale, og \u00e5 overholde gjeldende lover om opphavsrett.<\/p><p>Lisenser for visse grafiske elementer, bilder og fotografier som brukes p\u00e5 dette nettstedet, er innhentet fra eksterne leverand\u00f8rer. All bruk av dette lisensierte innholdet er underlagt de respektive lisensvilk\u00e5rene. Videre bruk, duplisering, bearbeiding eller distribusjon av dette innholdet er ikke tillatt uten v\u00e5rt uttrykkelige samtykke og uten \u00e5 overholde de relevante lisensvilk\u00e5rene.<\/p><p>Innholdet p\u00e5 dette nettstedet som er opprettet av oss, kan heller ikke reproduseres, redigeres, distribueres eller brukes p\u00e5 annen m\u00e5te uten skriftlig tillatelse p\u00e5 forh\u00e5nd.<\/p><p>Tredjepartsinnhold er merket som slikt med mindre det stammer fra oss. Skulle du likevel bli oppmerksom p\u00e5 et mulig brudd p\u00e5 opphavsretten, ber vi deg om \u00e5 informere oss umiddelbart. Hvis vi blir oppmerksomme p\u00e5 lovbrudd, vil vi fjerne det aktuelle innholdet umiddelbart.<\/p>\t\t\t\t\t\t\t\t<\/div>\n\t\t\t\t<\/div>\n\t\t\t\t<\/div>\n\t\t\t\t<\/div>","protected":false},"excerpt":{"rendered":"<p>Impressum International Metal Foam AGZeltweg 11, CH-8023 Z\u00fcrich E-Mail: info@imf-ag.comTelefon: +41 44 256 16 07Website: imf-ag.comVerwaltungsrat: Frank Schiffer, Z\u00fcrichVerwaltungsrat: Prof. Dr.-Ing. Dirk Zielke, Brandenburg a. d. HavelHandelsregister: Handelsregister Z\u00fcrichUID-Nummer: CHE-106.156.173 Rechtliche Hinweise EU-Streitschlichtung Verbraucher haben die M\u00f6glichkeit, Beschwerden an die Online-Streitbeilegungsplattform der EU zu richten: https:\/\/ec.europa.eu\/consumers\/odr\/main oder ggf. wenn Sie in \u00d6sterreich leben: https:\/\/europakonsument.at . [&hellip;]<\/p>","protected":false},"author":1,"featured_media":0,"parent":0,"menu_order":0,"comment_status":"closed","ping_status":"closed","template":"","meta":{"_acf_changed":false,"iawp_total_views":163,"footnotes":""},"class_list":["post-6463","page","type-page","status-publish","hentry"],"yoast_head":"<!-- This site is optimized with the Yoast SEO plugin v24.9 - https:\/\/yoast.com\/wordpress\/plugins\/seo\/ -->\n<title>Rechtliche Angaben &amp; Kontakt | IMF Defense<\/title>\n<meta name=\"description\" content=\"Impressum: Hier finden Sie alle rechtlichen Angaben, Handelsregistereintrag, Vertretungsberechtigte und Kontaktm\u00f6glichkeiten in Z\u00fcrich.\" \/>\n<meta name=\"robots\" content=\"index, follow, max-snippet:-1, max-image-preview:large, max-video-preview:-1\" \/>\n<link rel=\"canonical\" href=\"https:\/\/imf-defense.com\/nb\/avtrykk\/\" \/>\n<meta property=\"og:locale\" content=\"nb_NO\" \/>\n<meta property=\"og:type\" content=\"article\" \/>\n<meta property=\"og:title\" content=\"Rechtliche Angaben &amp; Kontakt | IMF Defense\" \/>\n<meta property=\"og:description\" content=\"Impressum: Hier finden Sie alle rechtlichen Angaben, Handelsregistereintrag, Vertretungsberechtigte und Kontaktm\u00f6glichkeiten in Z\u00fcrich.\" \/>\n<meta property=\"og:url\" content=\"https:\/\/imf-defense.com\/nb\/avtrykk\/\" \/>\n<meta property=\"og:site_name\" content=\"International Metal Foam AG\" \/>\n<meta property=\"article:modified_time\" content=\"2025-12-19T12:51:19+00:00\" \/>\n<meta name=\"twitter:card\" content=\"summary_large_image\" \/>\n<meta name=\"twitter:label1\" content=\"Ansl. lesetid\" \/>\n\t<meta name=\"twitter:data1\" content=\"2 minutter\" \/>\n<script type=\"application\/ld+json\" class=\"yoast-schema-graph\">{\"@context\":\"https:\/\/schema.org\",\"@graph\":[{\"@type\":\"WebPage\",\"@id\":\"https:\/\/imf-defense.com\/impressum\/\",\"url\":\"https:\/\/imf-defense.com\/impressum\/\",\"name\":\"Rechtliche Angaben & Kontakt | IMF Defense\",\"isPartOf\":{\"@id\":\"https:\/\/imf-defense.com\/#website\"},\"datePublished\":\"2025-04-24T09:56:19+00:00\",\"dateModified\":\"2025-12-19T12:51:19+00:00\",\"description\":\"Impressum: Hier finden Sie alle rechtlichen Angaben, Handelsregistereintrag, Vertretungsberechtigte und Kontaktm\u00f6glichkeiten in Z\u00fcrich.\",\"breadcrumb\":{\"@id\":\"https:\/\/imf-defense.com\/impressum\/#breadcrumb\"},\"inLanguage\":\"nb-NO\",\"potentialAction\":[{\"@type\":\"ReadAction\",\"target\":[\"https:\/\/imf-defense.com\/impressum\/\"]}]},{\"@type\":\"BreadcrumbList\",\"@id\":\"https:\/\/imf-defense.com\/impressum\/#breadcrumb\",\"itemListElement\":[{\"@type\":\"ListItem\",\"position\":1,\"name\":\"Startseite\",\"item\":\"https:\/\/imf-defense.com\/\"},{\"@type\":\"ListItem\",\"position\":2,\"name\":\"Impressum\"}]},{\"@type\":\"WebSite\",\"@id\":\"https:\/\/imf-defense.com\/#website\",\"url\":\"https:\/\/imf-defense.com\/\",\"name\":\"International Metal Foam AG\",\"description\":\"\",\"potentialAction\":[{\"@type\":\"SearchAction\",\"target\":{\"@type\":\"EntryPoint\",\"urlTemplate\":\"https:\/\/imf-defense.com\/?s={search_term_string}\"},\"query-input\":{\"@type\":\"PropertyValueSpecification\",\"valueRequired\":true,\"valueName\":\"search_term_string\"}}],\"inLanguage\":\"nb-NO\"}]}<\/script>\n<!-- \/ Yoast SEO plugin. -->","yoast_head_json":{"title":"Rechtliche Angaben & Kontakt | IMF Defense","description":"Impressum: Hier finden Sie alle rechtlichen Angaben, Handelsregistereintrag, Vertretungsberechtigte und Kontaktm\u00f6glichkeiten in Z\u00fcrich.","robots":{"index":"index","follow":"follow","max-snippet":"max-snippet:-1","max-image-preview":"max-image-preview:large","max-video-preview":"max-video-preview:-1"},"canonical":"https:\/\/imf-defense.com\/nb\/avtrykk\/","og_locale":"nb_NO","og_type":"article","og_title":"Rechtliche Angaben & Kontakt | IMF Defense","og_description":"Impressum: Hier finden Sie alle rechtlichen Angaben, Handelsregistereintrag, Vertretungsberechtigte und Kontaktm\u00f6glichkeiten in Z\u00fcrich.","og_url":"https:\/\/imf-defense.com\/nb\/avtrykk\/","og_site_name":"International Metal Foam AG","article_modified_time":"2025-12-19T12:51:19+00:00","twitter_card":"summary_large_image","twitter_misc":{"Ansl. lesetid":"2 minutter"},"schema":{"@context":"https:\/\/schema.org","@graph":[{"@type":"WebPage","@id":"https:\/\/imf-defense.com\/impressum\/","url":"https:\/\/imf-defense.com\/impressum\/","name":"Rechtliche Angaben & Kontakt | IMF Defense","isPartOf":{"@id":"https:\/\/imf-defense.com\/#website"},"datePublished":"2025-04-24T09:56:19+00:00","dateModified":"2025-12-19T12:51:19+00:00","description":"Impressum: Hier finden Sie alle rechtlichen Angaben, Handelsregistereintrag, Vertretungsberechtigte und Kontaktm\u00f6glichkeiten in Z\u00fcrich.","breadcrumb":{"@id":"https:\/\/imf-defense.com\/impressum\/#breadcrumb"},"inLanguage":"nb-NO","potentialAction":[{"@type":"ReadAction","target":["https:\/\/imf-defense.com\/impressum\/"]}]},{"@type":"BreadcrumbList","@id":"https:\/\/imf-defense.com\/impressum\/#breadcrumb","itemListElement":[{"@type":"ListItem","position":1,"name":"Startseite","item":"https:\/\/imf-defense.com\/"},{"@type":"ListItem","position":2,"name":"Impressum"}]},{"@type":"WebSite","@id":"https:\/\/imf-defense.com\/#website","url":"https:\/\/imf-defense.com\/","name":"International Metal Foam AG","description":"","potentialAction":[{"@type":"SearchAction","target":{"@type":"EntryPoint","urlTemplate":"https:\/\/imf-defense.com\/?s={search_term_string}"},"query-input":{"@type":"PropertyValueSpecification","valueRequired":true,"valueName":"search_term_string"}}],"inLanguage":"nb-NO"}]}},"acf":[],"_links":{"self":[{"href":"https:\/\/imf-defense.com\/nb\/wp-json\/wp\/v2\/pages\/6463","targetHints":{"allow":["GET"]}}],"collection":[{"href":"https:\/\/imf-defense.com\/nb\/wp-json\/wp\/v2\/pages"}],"about":[{"href":"https:\/\/imf-defense.com\/nb\/wp-json\/wp\/v2\/types\/page"}],"author":[{"embeddable":true,"href":"https:\/\/imf-defense.com\/nb\/wp-json\/wp\/v2\/users\/1"}],"replies":[{"embeddable":true,"href":"https:\/\/imf-defense.com\/nb\/wp-json\/wp\/v2\/comments?post=6463"}],"version-history":[{"count":25,"href":"https:\/\/imf-defense.com\/nb\/wp-json\/wp\/v2\/pages\/6463\/revisions"}],"predecessor-version":[{"id":7935,"href":"https:\/\/imf-defense.com\/nb\/wp-json\/wp\/v2\/pages\/6463\/revisions\/7935"}],"wp:attachment":[{"href":"https:\/\/imf-defense.com\/nb\/wp-json\/wp\/v2\/media?parent=6463"}],"curies":[{"name":"wp","href":"https:\/\/api.w.org\/{rel}","templated":true}]}}