{"id":6463,"date":"2025-04-24T09:56:19","date_gmt":"2025-04-24T09:56:19","guid":{"rendered":"https:\/\/imf-defense.com\/?page_id=6463"},"modified":"2025-12-19T12:51:19","modified_gmt":"2025-12-19T12:51:19","slug":"impressum","status":"publish","type":"page","link":"https:\/\/imf-defense.com\/ko\/%ea%b0%81%ec%9d%b8\/","title":{"rendered":"\uc784\ud504\ub9b0\ud2b8"},"content":{"rendered":"<div data-elementor-type=\"wp-page\" data-elementor-id=\"6463\" class=\"elementor elementor-6463\" data-elementor-post-type=\"page\">\n\t\t\t\t<div class=\"elementor-element elementor-element-89f9380 e-con-full e-flex e-con e-parent\" data-id=\"89f9380\" data-element_type=\"container\" data-settings=\"{&quot;background_background&quot;:&quot;classic&quot;}\">\n\t\t\t\t<\/div>\n\t\t<div class=\"elementor-element elementor-element-f875d08 e-con-full e-flex e-con e-parent\" data-id=\"f875d08\" data-element_type=\"container\">\n\t\t\t\t<div class=\"elementor-element elementor-element-4768b9e elementor-widget elementor-widget-text-editor\" data-id=\"4768b9e\" data-element_type=\"widget\" data-widget_type=\"text-editor.default\">\n\t\t\t\t<div class=\"elementor-widget-container\">\n\t\t\t\t\t\t\t\t\t<h2>\uc784\ud504\ub9b0\ud2b8<\/h2><p>\uad6d\uc81c \uba54\ud0c8 \ud3fc AG<br \/>Zeltweg 11, CH-8023 \ucde8\ub9ac\ud788<\/p><p><strong>\uc774\uba54\uc77c:<\/strong> info@imf-ag.com<br \/><strong>\uc804\ud654:<\/strong> +41 44 256 16 07<br \/><strong>\uc6f9\uc0ac\uc774\ud2b8:<\/strong> imf-ag.com<br \/><strong>\uc774\uc0ac\ud68c:<\/strong> \ud504\ub7ad\ud06c \uc26c\ud37c, \ucde8\ub9ac\ud788<br \/><strong>\uc774\uc0ac\ud68c:<\/strong> \ub354\ud06c \uc9c8\ucf00 \ubc15\uc0ac, \ube0c\ub780\ub374\ubd80\ub974\ud06c \ud558\ubca8 \uad50\uc218<br \/><strong>\uc0c1\uc5c5\uc6a9 \ub4f1\ub85d:<\/strong> \ucde8\ub9ac\ud788 \uc0c1\uc5c5 \ub4f1\uae30\uc18c<br \/><strong>\ubd80\uac00\uac00\uce58\uc138 \ubc88\ud638:<\/strong> che-106.156.173<\/p><h3>\ubc95\ub960 \uc815\ubcf4<\/h3><p>EU \ubd84\uc7c1 \ud574\uacb0 \uc18c\ube44\uc790\ub294 EU\uc758 \uc628\ub77c\uc778 \ubd84\uc7c1 \ud574\uacb0 \ud50c\ub7ab\ud3fc\uc5d0 \ubd88\ub9cc \uc0ac\ud56d\uc744 \uc81c\ucd9c\ud560 \uc218 \uc788\uc2b5\ub2c8\ub2e4: <a href=\"https:\/\/ec.europa.eu\/consumers\/odr\/main\">https:\/\/ec.europa.eu\/consumers\/odr\/main<\/a> \ub610\ub294 \uc624\uc2a4\ud2b8\ub9ac\uc544\uc5d0 \uac70\uc8fc\ud558\ub294 \uacbd\uc6b0: <a href=\"https:\/\/europakonsument.at\">https:\/\/europakonsument.at<\/a> . \uc704\uc5d0 \uc81c\uacf5\ub41c \uc774\uba54\uc77c \uc8fc\uc18c\ub85c \ubd88\ub9cc \uc0ac\ud56d\uc744 \ubcf4\ub0bc \uc218\ub3c4 \uc788\uc2b5\ub2c8\ub2e4.<\/p><p>\ubd84\uc7c1 \ud574\uacb0\uc5d0 \ub300\ud55c \ucc38\uace0 \uc0ac\ud56d \ub2f9\uc0ac\ub294 \uc18c\ube44\uc790 \uc911\uc7ac \uc704\uc6d0\ud68c\uc758 \ubd84\uc7c1 \ud574\uacb0 \uc808\ucc28\uc5d0 \ucc38\uc5ec\ud560 \uc758\ud5a5\uc774 \uc5c6\uac70\ub098 \ucc38\uc5ec\ud560 \uc758\ubb34\uac00 \uc5c6\uc2b5\ub2c8\ub2e4.<\/p><p>\ucf58\ud150\uce20 \ubc0f \ub9c1\ud06c\uc5d0 \ub300\ud55c \uba74\ucc45 \uc870\ud56d \ub2f9\uc0ac\ub294 \uc774 \uc6f9\uc0ac\uc774\ud2b8\uc5d0 \uc81c\uacf5\ub418\ub294 \ucf58\ud150\uce20\ub97c \uc9c0\uc18d\uc801\uc73c\ub85c \uc5c5\ub370\uc774\ud2b8\ud558\uace0 \uc62c\ubc14\ub974\uac8c \uc81c\uacf5\ud558\uae30 \uc704\ud574 \ub178\ub825\ud558\uace0 \uc788\uc2b5\ub2c8\ub2e4. \uadf8\ub7fc\uc5d0\ub3c4 \ubd88\uad6c\ud558\uace0 \ub2f9\uc0ac\ub294 \uc81c\uacf5\ub41c \uc815\ubcf4, \ud2b9\ud788 \uc81c3\uc790\uac00 \uc81c\uacf5\ud558\ub294 \uc815\ubcf4\uc758 \uc815\ud655\uc131, \uc644\uc804\uc131 \ubc0f \uc801\uc2dc\uc131\uc744 \ubcf4\uc7a5\ud558\uc9c0 \uc54a\uc2b5\ub2c8\ub2e4. \ub2f9\uc0ac\ub294 \uc0ac\uc804 \ud1b5\uc9c0 \uc5c6\uc774 \ucf58\ud150\uce20\ub97c \ubcc0\uacbd, \ubcf4\uc644 \ub610\ub294 \uc0ad\uc81c\ud560 \uc218 \uc788\ub294 \uad8c\ub9ac\ub97c \ubcf4\uc720\ud569\ub2c8\ub2e4.<\/p><p>\ub2f9\uc0ac \uc6f9\uc0ac\uc774\ud2b8\uc5d0\ub294 \ub2f9\uc0ac\uac00 \ucf58\ud150\uce20\uc5d0 \uc601\ud5a5\uc744 \ubbf8\uce58\uc9c0 \uc54a\ub294 \uc678\ubd80 \ud0c0\uc0ac \uc6f9\uc0ac\uc774\ud2b8\ub85c \uc5f0\uacb0\ub418\ub294 \ub9c1\ud06c\uac00 \ud3ec\ud568\ub418\uc5b4 \uc788\uc2b5\ub2c8\ub2e4. \ub9c1\ud06c\ub41c \ud398\uc774\uc9c0\uc758 \ucf58\ud150\uce20\uc5d0 \ub300\ud55c \ucc45\uc784\uc740 \ud56d\uc0c1 \ud574\ub2f9 \ud398\uc774\uc9c0\uc758 \uc81c\uacf5\uc790 \ub610\ub294 \uc6b4\uc601\uc790\uc5d0\uac8c \uc788\uc2b5\ub2c8\ub2e4. \ub9c1\ud06c \ub2f9\uc2dc\uc5d0\ub294 \ubd88\ubc95\uc801\uc778 \ucf58\ud150\uce20\ub97c \uc778\uc2dd\ud560 \uc218 \uc5c6\uc5c8\uc2b5\ub2c8\ub2e4. \uadf8\ub7ec\ub098 \ub9c1\ud06c\ub41c \ud398\uc774\uc9c0\uc758 \ucf58\ud150\uce20\ub97c \uc601\uad6c\uc801\uc73c\ub85c \ubaa8\ub2c8\ud130\ub9c1\ud558\ub294 \uac83\uc740 \uce68\ud574\uc5d0 \ub300\ud55c \uad6c\uccb4\uc801\uc778 \uc99d\uac70 \uc5c6\uc774\ub294 \ud569\ub9ac\uc801\uc774\uc9c0 \uc54a\uc2b5\ub2c8\ub2e4. \ub2f9\uc0ac\uac00 \ubc95\uc801 \uce68\ud574\ub97c \uc778\uc9c0\ud558\ub294 \uacbd\uc6b0 \ud574\ub2f9 \ub9c1\ud06c\ub294 \uc989\uc2dc \uc0ad\uc81c\ub429\ub2c8\ub2e4.<\/p><p>\uc800\uc791\uad8c \uace0\uc9c0 \uadf8\ub798\ud53d, \uc774\ubbf8\uc9c0, \uc0ac\uc9c4, \ud14d\uc2a4\ud2b8, \ub3d9\uc601\uc0c1 \ub4f1 \ubcf8 \uc6f9\uc0ac\uc774\ud2b8\uc5d0 \uac8c\uc2dc\ub41c \ucf58\ud150\uce20(\uc774\ud558 '\ucf58\ud150\uce20'\ub77c \ud568)\ub294 \uc800\uc791\uad8c\uc758 \ubcf4\ud638\ub97c \ubc1b\uc2b5\ub2c8\ub2e4. \ub2f9\uc0ac\ub294 \ub2f9\uc0ac\uac00 \uc9c1\uc811 \uc81c\uc791\ud55c \ucf58\ud150\uce20\ub9cc \uc0ac\uc6a9\ud558\uac70\ub098 \ub77c\uc774\uc120\uc2a4\uac00 \uc5c6\ub294 \uc790\ub8cc\ub97c \uc0ac\uc6a9\ud558\uace0 \uad00\ub828 \uc800\uc791\uad8c\ubc95\uc744 \uc900\uc218\ud558\uae30 \uc704\ud574 \ub178\ub825\ud569\ub2c8\ub2e4.<\/p><p>\uc774 \uc6f9\uc0ac\uc774\ud2b8\uc5d0 \uc0ac\uc6a9\ub41c \ud2b9\uc815 \uadf8\ub798\ud53d, \uc774\ubbf8\uc9c0 \ubc0f \uc0ac\uc9c4\uc5d0 \ub300\ud55c \ub77c\uc774\uc120\uc2a4\ub294 \uc678\ubd80 \uc81c\uacf5\uc5c5\uccb4\ub85c\ubd80\ud130 \ucde8\ub4dd\ud588\uc2b5\ub2c8\ub2e4. \uc774 \ub77c\uc774\uc120\uc2a4 \ucf58\ud150\uce20\uc758 \ubaa8\ub4e0 \uc0ac\uc6a9\uc740 \ud574\ub2f9 \ub77c\uc774\uc120\uc2a4 \uc870\uac74\uc758 \uc801\uc6a9\uc744 \ubc1b\uc2b5\ub2c8\ub2e4. \ub2f9\uc0ac\uc758 \uba85\uc2dc\uc801\uc778 \ub3d9\uc758 \uc5c6\uc774 \uad00\ub828 \ub77c\uc774\uc120\uc2a4 \uc870\uac74\uc744 \uc900\uc218\ud558\uc9c0 \uc54a\uace0 \uc774 \ucf58\ud150\uce20\ub97c \ucd94\uac00\ub85c \uc0ac\uc6a9, \ubcf5\uc81c, \ucc98\ub9ac \ub610\ub294 \ubc30\ud3ec\ud558\ub294 \uac83\uc740 \ud5c8\uc6a9\ub418\uc9c0 \uc54a\uc2b5\ub2c8\ub2e4.<\/p><p>\ub2f9\uc0ac\uac00 \uc81c\uc791\ud55c \uc774 \uc6f9\uc0ac\uc774\ud2b8\uc758 \ucf58\ud150\uce20 \uc5ed\uc2dc \uc0ac\uc804 \uc11c\uba74 \ud5c8\uac00 \uc5c6\uc774 \ubcf5\uc81c, \ud3b8\uc9d1, \ubc30\ud3ec \ub610\ub294 \uae30\ud0c0 \ubc29\uc2dd\uc73c\ub85c \ud65c\uc6a9\ud560 \uc218 \uc5c6\uc2b5\ub2c8\ub2e4.<\/p><p>\ud0c0\uc0ac \ucf58\ud150\uce20\ub294 \ub2f9\uc0ac\uc5d0\uc11c \uc81c\uacf5\ud558\uc9c0 \uc54a\ub294 \ud55c \ud574\ub2f9 \ucf58\ud150\uce20\uc5d0 \ud45c\uc2dc\uac00 \ub418\uc5b4 \uc788\uc2b5\ub2c8\ub2e4. \uadf8\ub7fc\uc5d0\ub3c4 \ubd88\uad6c\ud558\uace0 \uc800\uc791\uad8c \uce68\ud574 \uac00\ub2a5\uc131\uc744 \uc778\uc9c0\ud55c \uacbd\uc6b0 \uc989\uc2dc \uc54c\ub824\uc8fc\uc2dc\uae30 \ubc14\ub78d\ub2c8\ub2e4. \ub2f9\uc0ac\ub294 \ubc95\uc801 \uce68\ud574\ub97c \uc778\uc9c0\ud558\ub294 \uacbd\uc6b0 \ud574\ub2f9 \ucf58\ud150\uce20\ub97c \uc989\uc2dc \uc0ad\uc81c\ud569\ub2c8\ub2e4.<\/p>\t\t\t\t\t\t\t\t<\/div>\n\t\t\t\t<\/div>\n\t\t\t\t<\/div>\n\t\t\t\t<\/div>","protected":false},"excerpt":{"rendered":"<p>Impressum International Metal Foam AGZeltweg 11, CH-8023 Z\u00fcrich E-Mail: info@imf-ag.comTelefon: +41 44 256 16 07Website: imf-ag.comVerwaltungsrat: Frank Schiffer, Z\u00fcrichVerwaltungsrat: Prof. Dr.-Ing. Dirk Zielke, Brandenburg a. d. HavelHandelsregister: Handelsregister Z\u00fcrichUID-Nummer: CHE-106.156.173 Rechtliche Hinweise EU-Streitschlichtung Verbraucher haben die M\u00f6glichkeit, Beschwerden an die Online-Streitbeilegungsplattform der EU zu richten: https:\/\/ec.europa.eu\/consumers\/odr\/main oder ggf. wenn Sie in \u00d6sterreich leben: https:\/\/europakonsument.at . [&hellip;]<\/p>","protected":false},"author":1,"featured_media":0,"parent":0,"menu_order":0,"comment_status":"closed","ping_status":"closed","template":"","meta":{"_acf_changed":false,"iawp_total_views":165,"footnotes":""},"class_list":["post-6463","page","type-page","status-publish","hentry"],"yoast_head":"<!-- This site is optimized with the Yoast SEO plugin v24.9 - https:\/\/yoast.com\/wordpress\/plugins\/seo\/ -->\n<title>Rechtliche Angaben &amp; Kontakt | IMF Defense<\/title>\n<meta name=\"description\" content=\"Impressum: Hier finden Sie alle rechtlichen Angaben, Handelsregistereintrag, Vertretungsberechtigte und Kontaktm\u00f6glichkeiten in Z\u00fcrich.\" \/>\n<meta name=\"robots\" content=\"index, follow, max-snippet:-1, max-image-preview:large, max-video-preview:-1\" \/>\n<link rel=\"canonical\" href=\"https:\/\/imf-defense.com\/ko\/\uac01\uc778\/\" \/>\n<meta property=\"og:locale\" content=\"ko_KR\" \/>\n<meta property=\"og:type\" content=\"article\" \/>\n<meta property=\"og:title\" content=\"Rechtliche Angaben &amp; Kontakt | IMF Defense\" \/>\n<meta property=\"og:description\" content=\"Impressum: Hier finden Sie alle rechtlichen Angaben, Handelsregistereintrag, Vertretungsberechtigte und Kontaktm\u00f6glichkeiten in Z\u00fcrich.\" \/>\n<meta property=\"og:url\" content=\"https:\/\/imf-defense.com\/ko\/\uac01\uc778\/\" \/>\n<meta property=\"og:site_name\" content=\"International Metal Foam AG\" \/>\n<meta property=\"article:modified_time\" content=\"2025-12-19T12:51:19+00:00\" \/>\n<meta name=\"twitter:card\" content=\"summary_large_image\" \/>\n<meta name=\"twitter:label1\" content=\"\uc608\uc0c1 \ub418\ub294 \ud310\ub3c5 \uc2dc\uac04\" \/>\n\t<meta name=\"twitter:data1\" content=\"2\ubd84\" \/>\n<script type=\"application\/ld+json\" class=\"yoast-schema-graph\">{\"@context\":\"https:\/\/schema.org\",\"@graph\":[{\"@type\":\"WebPage\",\"@id\":\"https:\/\/imf-defense.com\/impressum\/\",\"url\":\"https:\/\/imf-defense.com\/impressum\/\",\"name\":\"Rechtliche Angaben & Kontakt | IMF Defense\",\"isPartOf\":{\"@id\":\"https:\/\/imf-defense.com\/#website\"},\"datePublished\":\"2025-04-24T09:56:19+00:00\",\"dateModified\":\"2025-12-19T12:51:19+00:00\",\"description\":\"Impressum: Hier finden Sie alle rechtlichen Angaben, Handelsregistereintrag, Vertretungsberechtigte und Kontaktm\u00f6glichkeiten in Z\u00fcrich.\",\"breadcrumb\":{\"@id\":\"https:\/\/imf-defense.com\/impressum\/#breadcrumb\"},\"inLanguage\":\"ko-KR\",\"potentialAction\":[{\"@type\":\"ReadAction\",\"target\":[\"https:\/\/imf-defense.com\/impressum\/\"]}]},{\"@type\":\"BreadcrumbList\",\"@id\":\"https:\/\/imf-defense.com\/impressum\/#breadcrumb\",\"itemListElement\":[{\"@type\":\"ListItem\",\"position\":1,\"name\":\"Startseite\",\"item\":\"https:\/\/imf-defense.com\/\"},{\"@type\":\"ListItem\",\"position\":2,\"name\":\"Impressum\"}]},{\"@type\":\"WebSite\",\"@id\":\"https:\/\/imf-defense.com\/#website\",\"url\":\"https:\/\/imf-defense.com\/\",\"name\":\"International Metal Foam AG\",\"description\":\"\",\"potentialAction\":[{\"@type\":\"SearchAction\",\"target\":{\"@type\":\"EntryPoint\",\"urlTemplate\":\"https:\/\/imf-defense.com\/?s={search_term_string}\"},\"query-input\":{\"@type\":\"PropertyValueSpecification\",\"valueRequired\":true,\"valueName\":\"search_term_string\"}}],\"inLanguage\":\"ko-KR\"}]}<\/script>\n<!-- \/ Yoast SEO plugin. -->","yoast_head_json":{"title":"Rechtliche Angaben & Kontakt | IMF Defense","description":"Impressum: Hier finden Sie alle rechtlichen Angaben, Handelsregistereintrag, Vertretungsberechtigte und Kontaktm\u00f6glichkeiten in Z\u00fcrich.","robots":{"index":"index","follow":"follow","max-snippet":"max-snippet:-1","max-image-preview":"max-image-preview:large","max-video-preview":"max-video-preview:-1"},"canonical":"https:\/\/imf-defense.com\/ko\/\uac01\uc778\/","og_locale":"ko_KR","og_type":"article","og_title":"Rechtliche Angaben & Kontakt | IMF Defense","og_description":"Impressum: Hier finden Sie alle rechtlichen Angaben, Handelsregistereintrag, Vertretungsberechtigte und Kontaktm\u00f6glichkeiten in Z\u00fcrich.","og_url":"https:\/\/imf-defense.com\/ko\/\uac01\uc778\/","og_site_name":"International Metal Foam AG","article_modified_time":"2025-12-19T12:51:19+00:00","twitter_card":"summary_large_image","twitter_misc":{"\uc608\uc0c1 \ub418\ub294 \ud310\ub3c5 \uc2dc\uac04":"2\ubd84"},"schema":{"@context":"https:\/\/schema.org","@graph":[{"@type":"WebPage","@id":"https:\/\/imf-defense.com\/impressum\/","url":"https:\/\/imf-defense.com\/impressum\/","name":"Rechtliche Angaben & Kontakt | IMF Defense","isPartOf":{"@id":"https:\/\/imf-defense.com\/#website"},"datePublished":"2025-04-24T09:56:19+00:00","dateModified":"2025-12-19T12:51:19+00:00","description":"Impressum: Hier finden Sie alle rechtlichen Angaben, Handelsregistereintrag, Vertretungsberechtigte und Kontaktm\u00f6glichkeiten in Z\u00fcrich.","breadcrumb":{"@id":"https:\/\/imf-defense.com\/impressum\/#breadcrumb"},"inLanguage":"ko-KR","potentialAction":[{"@type":"ReadAction","target":["https:\/\/imf-defense.com\/impressum\/"]}]},{"@type":"BreadcrumbList","@id":"https:\/\/imf-defense.com\/impressum\/#breadcrumb","itemListElement":[{"@type":"ListItem","position":1,"name":"Startseite","item":"https:\/\/imf-defense.com\/"},{"@type":"ListItem","position":2,"name":"Impressum"}]},{"@type":"WebSite","@id":"https:\/\/imf-defense.com\/#website","url":"https:\/\/imf-defense.com\/","name":"International Metal Foam AG","description":"","potentialAction":[{"@type":"SearchAction","target":{"@type":"EntryPoint","urlTemplate":"https:\/\/imf-defense.com\/?s={search_term_string}"},"query-input":{"@type":"PropertyValueSpecification","valueRequired":true,"valueName":"search_term_string"}}],"inLanguage":"ko-KR"}]}},"acf":[],"_links":{"self":[{"href":"https:\/\/imf-defense.com\/ko\/wp-json\/wp\/v2\/pages\/6463","targetHints":{"allow":["GET"]}}],"collection":[{"href":"https:\/\/imf-defense.com\/ko\/wp-json\/wp\/v2\/pages"}],"about":[{"href":"https:\/\/imf-defense.com\/ko\/wp-json\/wp\/v2\/types\/page"}],"author":[{"embeddable":true,"href":"https:\/\/imf-defense.com\/ko\/wp-json\/wp\/v2\/users\/1"}],"replies":[{"embeddable":true,"href":"https:\/\/imf-defense.com\/ko\/wp-json\/wp\/v2\/comments?post=6463"}],"version-history":[{"count":25,"href":"https:\/\/imf-defense.com\/ko\/wp-json\/wp\/v2\/pages\/6463\/revisions"}],"predecessor-version":[{"id":7935,"href":"https:\/\/imf-defense.com\/ko\/wp-json\/wp\/v2\/pages\/6463\/revisions\/7935"}],"wp:attachment":[{"href":"https:\/\/imf-defense.com\/ko\/wp-json\/wp\/v2\/media?parent=6463"}],"curies":[{"name":"wp","href":"https:\/\/api.w.org\/{rel}","templated":true}]}}