{"id":6463,"date":"2025-04-24T09:56:19","date_gmt":"2025-04-24T09:56:19","guid":{"rendered":"https:\/\/imf-defense.com\/?page_id=6463"},"modified":"2025-12-19T12:51:19","modified_gmt":"2025-12-19T12:51:19","slug":"impressum","status":"publish","type":"page","link":"https:\/\/imf-defense.com\/hu\/impresszum\/","title":{"rendered":"Impresszum"},"content":{"rendered":"<div data-elementor-type=\"wp-page\" data-elementor-id=\"6463\" class=\"elementor elementor-6463\" data-elementor-post-type=\"page\">\n\t\t\t\t<div class=\"elementor-element elementor-element-89f9380 e-con-full e-flex e-con e-parent\" data-id=\"89f9380\" data-element_type=\"container\" data-settings=\"{&quot;background_background&quot;:&quot;classic&quot;}\">\n\t\t\t\t<\/div>\n\t\t<div class=\"elementor-element elementor-element-f875d08 e-con-full e-flex e-con e-parent\" data-id=\"f875d08\" data-element_type=\"container\">\n\t\t\t\t<div class=\"elementor-element elementor-element-4768b9e elementor-widget elementor-widget-text-editor\" data-id=\"4768b9e\" data-element_type=\"widget\" data-widget_type=\"text-editor.default\">\n\t\t\t\t<div class=\"elementor-widget-container\">\n\t\t\t\t\t\t\t\t\t<h2>Impresszum<\/h2><p>International Metal Foam AG<br \/>Zeltweg 11, CH-8023 Z\u00fcrich<\/p><p><strong>e-mail:<\/strong> info@imf-ag.com<br \/><strong>Telefon:<\/strong> +41 44 256 16 07<br \/><strong>Weboldal:<\/strong> imf-ag.com<br \/><strong>Igazgat\u00f3tan\u00e1cs:<\/strong> Frank Schiffer, Z\u00fcrich<br \/><strong>Igazgat\u00f3tan\u00e1cs:<\/strong> Prof. Dr. Dirk Zielke, Brandenburg a. d. Havel<br \/><strong>Kereskedelmi nyilv\u00e1ntart\u00e1s:<\/strong> Kereskedelmi nyilv\u00e1ntart\u00e1s Z\u00fcrich<br \/><strong>\u00c1FA sz\u00e1m:<\/strong> CHE-106.156.173<\/p><h3>Jogi inform\u00e1ci\u00f3k<\/h3><p>EU-s vitarendez\u00e9s A fogyaszt\u00f3knak lehet\u0151s\u00e9g\u00fck van arra, hogy panaszaikat az EU online vitarendez\u00e9si platformj\u00e1n ny\u00fajts\u00e1k be: <a href=\"https:\/\/ec.europa.eu\/consumers\/odr\/main\">https:\/\/ec.europa.eu\/consumers\/odr\/main<\/a> vagy ha Ausztri\u00e1ban \u00e9l: <a href=\"https:\/\/europakonsument.at\">https:\/\/europakonsument.at<\/a> . Panaszait a fent megadott e-mail c\u00edmre is elk\u00fcldheti.<\/p><p>Megjegyz\u00e9s a vitarendez\u00e9sr\u0151l Nem vagyunk hajland\u00f3ak vagy k\u00f6telesek r\u00e9szt venni a fogyaszt\u00f3i d\u00f6nt\u0151bizotts\u00e1g el\u0151tti vitarendez\u00e9si elj\u00e1r\u00e1sban.<\/p><p>Jogi nyilatkozat a tartalomra \u00e9s a linkekre vonatkoz\u00f3an Igyeksz\u00fcnk folyamatosan friss\u00edteni \u00e9s helyesen bemutatni a weboldalon tal\u00e1lhat\u00f3 tartalmat. Mindazon\u00e1ltal nem garant\u00e1ljuk a k\u00f6z\u00f6lt inform\u00e1ci\u00f3k pontoss\u00e1g\u00e1t, teljess\u00e9g\u00e9t \u00e9s id\u0151szer\u0171s\u00e9g\u00e9t, k\u00fcl\u00f6n\u00f6sen, ha azok harmadik f\u00e9lt\u0151l sz\u00e1rmaznak. Fenntartjuk a jogot a tartalom el\u0151zetes \u00e9rtes\u00edt\u00e9s n\u00e9lk\u00fcli megv\u00e1ltoztat\u00e1s\u00e1ra, kieg\u00e9sz\u00edt\u00e9s\u00e9re vagy elt\u00e1vol\u00edt\u00e1s\u00e1ra.<\/p><p>Weboldalunk k\u00fcls\u0151, harmadik felek weboldalaira mutat\u00f3 linkeket tartalmaz, amelyek tartalm\u00e1ra nincs befoly\u00e1sunk. A hivatkozott oldalak tartalm\u00e1\u00e9rt mindig az adott szolg\u00e1ltat\u00f3 vagy \u00fczemeltet\u0151 felel. A linkel\u00e9s id\u0151pontj\u00e1ban nem volt felismerhet\u0151 illeg\u00e1lis tartalom. A linkelt oldalak tartalm\u00e1nak \u00e1lland\u00f3 ellen\u0151rz\u00e9se azonban nem \u00e9sszer\u0171 a jogs\u00e9rt\u00e9s konkr\u00e9t bizony\u00edt\u00e9ka n\u00e9lk\u00fcl. Amennyiben jogszab\u00e1lys\u00e9rt\u00e9sr\u0151l szerez\u00fcnk tudom\u00e1st, az ilyen linkeket azonnal elt\u00e1vol\u00edtjuk.<\/p><p>Szerz\u0151i jogi nyilatkozat A weboldalon k\u00f6zz\u00e9tett tartalom, bele\u00e9rtve a grafik\u00e1kat, k\u00e9peket, fot\u00f3kat, sz\u00f6vegeket \u00e9s vide\u00f3kat (a tov\u00e1bbiakban: \"tartalom\"), szerz\u0151i jogv\u00e9delem alatt \u00e1ll. Arra t\u00f6reksz\u00fcnk, hogy csak olyan tartalmat haszn\u00e1ljunk, amelyet mi magunk k\u00e9sz\u00edtett\u00fcnk, vagy licencmentes anyagokat haszn\u00e1lunk, \u00e9s betartjuk a vonatkoz\u00f3 szerz\u0151i jogi t\u00f6rv\u00e9nyeket.<\/p><p>A weboldalon haszn\u00e1lt egyes grafik\u00e1k, k\u00e9pek \u00e9s fot\u00f3k licenceit k\u00fcls\u0151 szolg\u00e1ltat\u00f3kt\u00f3l szerezt\u00fck be. A licencelt tartalom b\u00e1rmilyen felhaszn\u00e1l\u00e1sa a vonatkoz\u00f3 licencfelt\u00e9telek hat\u00e1lya al\u00e1 tartozik. A tartalom tov\u00e1bbi felhaszn\u00e1l\u00e1sa, sokszoros\u00edt\u00e1sa, feldolgoz\u00e1sa vagy terjeszt\u00e9se kifejezett hozz\u00e1j\u00e1rul\u00e1sunk \u00e9s a vonatkoz\u00f3 licencfelt\u00e9telek betart\u00e1sa n\u00e9lk\u00fcl tilos.<\/p><p>A weboldal \u00e1ltalunk l\u00e9trehozott tartalma el\u0151zetes \u00edr\u00e1sbeli enged\u00e9ly n\u00e9lk\u00fcl nem reproduk\u00e1lhat\u00f3, nem szerkeszthet\u0151, nem terjeszthet\u0151 vagy m\u00e1s m\u00f3don nem hasznos\u00edthat\u00f3.<\/p><p>A harmadik f\u00e9lt\u0151l sz\u00e1rmaz\u00f3 tartalmat ilyenk\u00e9nt jel\u00f6lj\u00fck, kiv\u00e9ve, ha az t\u0151l\u00fcnk sz\u00e1rmazik. Amennyiben m\u00e9gis tudom\u00e1s\u00e1ra jutna, hogy a szerz\u0151i jogokat esetleg megs\u00e9rtett\u00e9k, k\u00e9rj\u00fck, halad\u00e9ktalanul \u00e9rtes\u00edtsen minket. Ha tudom\u00e1st szerz\u00fcnk b\u00e1rmilyen jogs\u00e9rt\u00e9sr\u0151l, azonnal elt\u00e1vol\u00edtjuk az \u00e9rintett tartalmat.<\/p>\t\t\t\t\t\t\t\t<\/div>\n\t\t\t\t<\/div>\n\t\t\t\t<\/div>\n\t\t\t\t<\/div>","protected":false},"excerpt":{"rendered":"<p>Impressum International Metal Foam AGZeltweg 11, CH-8023 Z\u00fcrich E-Mail: info@imf-ag.comTelefon: +41 44 256 16 07Website: imf-ag.comVerwaltungsrat: Frank Schiffer, Z\u00fcrichVerwaltungsrat: Prof. Dr.-Ing. Dirk Zielke, Brandenburg a. d. HavelHandelsregister: Handelsregister Z\u00fcrichUID-Nummer: CHE-106.156.173 Rechtliche Hinweise EU-Streitschlichtung Verbraucher haben die M\u00f6glichkeit, Beschwerden an die Online-Streitbeilegungsplattform der EU zu richten: https:\/\/ec.europa.eu\/consumers\/odr\/main oder ggf. wenn Sie in \u00d6sterreich leben: https:\/\/europakonsument.at . [&hellip;]<\/p>","protected":false},"author":1,"featured_media":0,"parent":0,"menu_order":0,"comment_status":"closed","ping_status":"closed","template":"","meta":{"_acf_changed":false,"iawp_total_views":163,"footnotes":""},"class_list":["post-6463","page","type-page","status-publish","hentry"],"yoast_head":"<!-- This site is optimized with the Yoast SEO plugin v24.9 - https:\/\/yoast.com\/wordpress\/plugins\/seo\/ -->\n<title>Rechtliche Angaben &amp; Kontakt | IMF Defense<\/title>\n<meta name=\"description\" content=\"Impressum: Hier finden Sie alle rechtlichen Angaben, Handelsregistereintrag, Vertretungsberechtigte und Kontaktm\u00f6glichkeiten in Z\u00fcrich.\" \/>\n<meta name=\"robots\" content=\"index, follow, max-snippet:-1, max-image-preview:large, max-video-preview:-1\" \/>\n<link rel=\"canonical\" href=\"https:\/\/imf-defense.com\/hu\/impresszum\/\" \/>\n<meta property=\"og:locale\" content=\"hu_HU\" \/>\n<meta property=\"og:type\" content=\"article\" \/>\n<meta property=\"og:title\" content=\"Rechtliche Angaben &amp; Kontakt | IMF Defense\" \/>\n<meta property=\"og:description\" content=\"Impressum: Hier finden Sie alle rechtlichen Angaben, Handelsregistereintrag, Vertretungsberechtigte und Kontaktm\u00f6glichkeiten in Z\u00fcrich.\" \/>\n<meta property=\"og:url\" content=\"https:\/\/imf-defense.com\/hu\/impresszum\/\" \/>\n<meta property=\"og:site_name\" content=\"International Metal Foam AG\" \/>\n<meta property=\"article:modified_time\" content=\"2025-12-19T12:51:19+00:00\" \/>\n<meta name=\"twitter:card\" content=\"summary_large_image\" \/>\n<meta name=\"twitter:label1\" content=\"Becs\u00fclt olvas\u00e1si id\u0151\" \/>\n\t<meta name=\"twitter:data1\" content=\"2 perc\" \/>\n<script type=\"application\/ld+json\" class=\"yoast-schema-graph\">{\"@context\":\"https:\/\/schema.org\",\"@graph\":[{\"@type\":\"WebPage\",\"@id\":\"https:\/\/imf-defense.com\/impressum\/\",\"url\":\"https:\/\/imf-defense.com\/impressum\/\",\"name\":\"Rechtliche Angaben & Kontakt | IMF Defense\",\"isPartOf\":{\"@id\":\"https:\/\/imf-defense.com\/#website\"},\"datePublished\":\"2025-04-24T09:56:19+00:00\",\"dateModified\":\"2025-12-19T12:51:19+00:00\",\"description\":\"Impressum: Hier finden Sie alle rechtlichen Angaben, Handelsregistereintrag, Vertretungsberechtigte und Kontaktm\u00f6glichkeiten in Z\u00fcrich.\",\"breadcrumb\":{\"@id\":\"https:\/\/imf-defense.com\/impressum\/#breadcrumb\"},\"inLanguage\":\"hu\",\"potentialAction\":[{\"@type\":\"ReadAction\",\"target\":[\"https:\/\/imf-defense.com\/impressum\/\"]}]},{\"@type\":\"BreadcrumbList\",\"@id\":\"https:\/\/imf-defense.com\/impressum\/#breadcrumb\",\"itemListElement\":[{\"@type\":\"ListItem\",\"position\":1,\"name\":\"Startseite\",\"item\":\"https:\/\/imf-defense.com\/\"},{\"@type\":\"ListItem\",\"position\":2,\"name\":\"Impressum\"}]},{\"@type\":\"WebSite\",\"@id\":\"https:\/\/imf-defense.com\/#website\",\"url\":\"https:\/\/imf-defense.com\/\",\"name\":\"International Metal Foam AG\",\"description\":\"\",\"potentialAction\":[{\"@type\":\"SearchAction\",\"target\":{\"@type\":\"EntryPoint\",\"urlTemplate\":\"https:\/\/imf-defense.com\/?s={search_term_string}\"},\"query-input\":{\"@type\":\"PropertyValueSpecification\",\"valueRequired\":true,\"valueName\":\"search_term_string\"}}],\"inLanguage\":\"hu\"}]}<\/script>\n<!-- \/ Yoast SEO plugin. -->","yoast_head_json":{"title":"Rechtliche Angaben & Kontakt | IMF Defense","description":"Impressum: Hier finden Sie alle rechtlichen Angaben, Handelsregistereintrag, Vertretungsberechtigte und Kontaktm\u00f6glichkeiten in Z\u00fcrich.","robots":{"index":"index","follow":"follow","max-snippet":"max-snippet:-1","max-image-preview":"max-image-preview:large","max-video-preview":"max-video-preview:-1"},"canonical":"https:\/\/imf-defense.com\/hu\/impresszum\/","og_locale":"hu_HU","og_type":"article","og_title":"Rechtliche Angaben & Kontakt | IMF Defense","og_description":"Impressum: Hier finden Sie alle rechtlichen Angaben, Handelsregistereintrag, Vertretungsberechtigte und Kontaktm\u00f6glichkeiten in Z\u00fcrich.","og_url":"https:\/\/imf-defense.com\/hu\/impresszum\/","og_site_name":"International Metal Foam AG","article_modified_time":"2025-12-19T12:51:19+00:00","twitter_card":"summary_large_image","twitter_misc":{"Becs\u00fclt olvas\u00e1si id\u0151":"2 perc"},"schema":{"@context":"https:\/\/schema.org","@graph":[{"@type":"WebPage","@id":"https:\/\/imf-defense.com\/impressum\/","url":"https:\/\/imf-defense.com\/impressum\/","name":"Rechtliche Angaben & Kontakt | IMF Defense","isPartOf":{"@id":"https:\/\/imf-defense.com\/#website"},"datePublished":"2025-04-24T09:56:19+00:00","dateModified":"2025-12-19T12:51:19+00:00","description":"Impressum: Hier finden Sie alle rechtlichen Angaben, Handelsregistereintrag, Vertretungsberechtigte und Kontaktm\u00f6glichkeiten in Z\u00fcrich.","breadcrumb":{"@id":"https:\/\/imf-defense.com\/impressum\/#breadcrumb"},"inLanguage":"hu","potentialAction":[{"@type":"ReadAction","target":["https:\/\/imf-defense.com\/impressum\/"]}]},{"@type":"BreadcrumbList","@id":"https:\/\/imf-defense.com\/impressum\/#breadcrumb","itemListElement":[{"@type":"ListItem","position":1,"name":"Startseite","item":"https:\/\/imf-defense.com\/"},{"@type":"ListItem","position":2,"name":"Impressum"}]},{"@type":"WebSite","@id":"https:\/\/imf-defense.com\/#website","url":"https:\/\/imf-defense.com\/","name":"International Metal Foam AG","description":"","potentialAction":[{"@type":"SearchAction","target":{"@type":"EntryPoint","urlTemplate":"https:\/\/imf-defense.com\/?s={search_term_string}"},"query-input":{"@type":"PropertyValueSpecification","valueRequired":true,"valueName":"search_term_string"}}],"inLanguage":"hu"}]}},"acf":[],"_links":{"self":[{"href":"https:\/\/imf-defense.com\/hu\/wp-json\/wp\/v2\/pages\/6463","targetHints":{"allow":["GET"]}}],"collection":[{"href":"https:\/\/imf-defense.com\/hu\/wp-json\/wp\/v2\/pages"}],"about":[{"href":"https:\/\/imf-defense.com\/hu\/wp-json\/wp\/v2\/types\/page"}],"author":[{"embeddable":true,"href":"https:\/\/imf-defense.com\/hu\/wp-json\/wp\/v2\/users\/1"}],"replies":[{"embeddable":true,"href":"https:\/\/imf-defense.com\/hu\/wp-json\/wp\/v2\/comments?post=6463"}],"version-history":[{"count":25,"href":"https:\/\/imf-defense.com\/hu\/wp-json\/wp\/v2\/pages\/6463\/revisions"}],"predecessor-version":[{"id":7935,"href":"https:\/\/imf-defense.com\/hu\/wp-json\/wp\/v2\/pages\/6463\/revisions\/7935"}],"wp:attachment":[{"href":"https:\/\/imf-defense.com\/hu\/wp-json\/wp\/v2\/media?parent=6463"}],"curies":[{"name":"wp","href":"https:\/\/api.w.org\/{rel}","templated":true}]}}