{"id":6463,"date":"2025-04-24T09:56:19","date_gmt":"2025-04-24T09:56:19","guid":{"rendered":"https:\/\/imf-defense.com\/?page_id=6463"},"modified":"2025-12-19T12:51:19","modified_gmt":"2025-12-19T12:51:19","slug":"impressum","status":"publish","type":"page","link":"https:\/\/imf-defense.com\/hi\/%e0%a4%9b%e0%a4%be%e0%a4%aa\/","title":{"rendered":"\u091b\u093e\u092a"},"content":{"rendered":"<div data-elementor-type=\"wp-page\" data-elementor-id=\"6463\" class=\"elementor elementor-6463\" data-elementor-post-type=\"page\">\n\t\t\t\t<div class=\"elementor-element elementor-element-89f9380 e-con-full e-flex e-con e-parent\" data-id=\"89f9380\" data-element_type=\"container\" data-settings=\"{&quot;background_background&quot;:&quot;classic&quot;}\">\n\t\t\t\t<\/div>\n\t\t<div class=\"elementor-element elementor-element-f875d08 e-con-full e-flex e-con e-parent\" data-id=\"f875d08\" data-element_type=\"container\">\n\t\t\t\t<div class=\"elementor-element elementor-element-4768b9e elementor-widget elementor-widget-text-editor\" data-id=\"4768b9e\" data-element_type=\"widget\" data-widget_type=\"text-editor.default\">\n\t\t\t\t<div class=\"elementor-widget-container\">\n\t\t\t\t\t\t\t\t\t<h2>\u091b\u093e\u092a<\/h2><p>\u0907\u0902\u091f\u0930\u0928\u0947\u0936\u0928\u0932 \u092e\u0947\u091f\u0932 \u092b\u094b\u092e \u090f\u091c\u0940<br \/>Zeltweg 11, CH-8023 Z\u00fcrich<\/p><p><strong>\u0908-\u092e\u0947\u0932:<\/strong> info@imf-ag.com<br \/><strong>\u092b\u093c\u094b\u0928:<\/strong> +41 44 256 16 07<br \/><strong>\u0935\u0947\u092c\u0938\u093e\u0907\u091f:<\/strong> imf-ag.com<br \/><strong>\u0928\u093f\u0926\u0947\u0936\u0915 \u092e\u0902\u0921\u0932:<\/strong> \u092b\u094d\u0930\u0948\u0902\u0915 \u0936\u093f\u092b\u0930, \u091c\u094d\u092f\u0942\u0930\u093f\u0916<br \/><strong>\u0928\u093f\u0926\u0947\u0936\u0915 \u092e\u0902\u0921\u0932:<\/strong> \u092a\u094d\u0930\u094b. \u0921\u0949.-\u0906\u0908\u090f\u0928\u091c\u0940. \u0921\u093f\u0930\u094d\u0915 \u091c\u093c\u093f\u0932\u094d\u0915\u0947, \u092c\u094d\u0930\u0948\u0902\u0921\u0947\u0928\u092c\u0930\u094d\u0917 \u090f\u0928 \u0921\u0947\u0930 \u0939\u0935\u0947\u0932<br \/><strong>\u0935\u093e\u0923\u093f\u091c\u094d\u092f\u093f\u0915 \u0930\u091c\u093f\u0938\u094d\u091f\u0930:<\/strong> \u0935\u093e\u0923\u093f\u091c\u094d\u092f\u093f\u0915 \u0930\u091c\u093f\u0938\u094d\u091f\u0930 \u091c\u094d\u092f\u0942\u0930\u093f\u0916<br \/><strong>\u0935\u0948\u091f \u0938\u0902\u0916\u094d\u092f\u093e:<\/strong> \u0938\u0940\u090f\u091a\u0908-106.156.173<\/p><h3>\u0915\u093e\u0928\u0942\u0928\u0940 \u0928\u094b\u091f\u093f\u0938<\/h3><p>\u092f\u0942\u0930\u094b\u092a\u0940\u092f \u0938\u0902\u0918 \u0935\u093f\u0935\u093e\u0926 \u0938\u092e\u093e\u0927\u093e\u0928 \u0909\u092a\u092d\u094b\u0915\u094d\u0924\u093e\u0913\u0902 \u0915\u0947 \u092a\u093e\u0938 \u092f\u0942\u0930\u094b\u092a\u0940\u092f \u0938\u0902\u0918 \u0915\u0947 \u0911\u0928\u0932\u093e\u0907\u0928 \u0935\u093f\u0935\u093e\u0926 \u0938\u092e\u093e\u0927\u093e\u0928 \u092e\u0902\u091a \u092a\u0930 \u0936\u093f\u0915\u093e\u092f\u0924 \u092a\u094d\u0930\u0938\u094d\u0924\u0941\u0924 \u0915\u0930\u0928\u0947 \u0915\u093e \u0905\u0935\u0938\u0930 \u0939\u0948: <a href=\"https:\/\/ec.europa.eu\/consumers\/odr\/main\">https:\/\/ec.europa.eu\/consumers\/odr\/main<\/a> \u092f\u093e \u092f\u0926\u093f \u0906\u092a \u0911\u0938\u094d\u091f\u094d\u0930\u093f\u092f\u093e \u092e\u0947\u0902 \u0930\u0939\u0924\u0947 \u0939\u0948\u0902: <a href=\"https:\/\/europakonsument.at\">https:\/\/europakonsument.at<\/a> \u0906\u092a \u0915\u094b\u0908 \u092d\u0940 \u0936\u093f\u0915\u093e\u092f\u0924 \u090a\u092a\u0930 \u0926\u093f\u090f \u0917\u090f \u0908\u092e\u0947\u0932 \u092a\u0924\u0947 \u092a\u0930 \u092d\u0940 \u092d\u0947\u091c \u0938\u0915\u0924\u0947 \u0939\u0948\u0902\u0964<\/p><p>\u0935\u093f\u0935\u093e\u0926 \u0938\u092e\u093e\u0927\u093e\u0928 \u092a\u0930 \u091f\u093f\u092a\u094d\u092a\u0923\u0940 \u0939\u092e \u0909\u092a\u092d\u094b\u0915\u094d\u0924\u093e \u092e\u0927\u094d\u092f\u0938\u094d\u0925\u0924\u093e \u092c\u094b\u0930\u094d\u0921 \u0915\u0947 \u0938\u092e\u0915\u094d\u0937 \u0935\u093f\u0935\u093e\u0926 \u0938\u092e\u093e\u0927\u093e\u0928 \u0915\u093e\u0930\u094d\u092f\u0935\u093e\u0939\u0940 \u092e\u0947\u0902 \u092d\u093e\u0917 \u0932\u0947\u0928\u0947 \u0915\u0947 \u0932\u093f\u090f \u0907\u091a\u094d\u091b\u0941\u0915 \u092f\u093e \u092c\u093e\u0927\u094d\u092f \u0928\u0939\u0940\u0902 \u0939\u0948\u0902\u0964<\/p><p>\u0938\u093e\u092e\u0917\u094d\u0930\u0940 \u0914\u0930 \u0932\u093f\u0902\u0915 \u0915\u0947 \u0932\u093f\u090f \u0905\u0938\u094d\u0935\u0940\u0915\u0930\u0923: \u0939\u092e \u0907\u0938 \u0935\u0947\u092c\u0938\u093e\u0907\u091f \u092a\u0930 \u0909\u092a\u0932\u092c\u094d\u0927 \u0915\u0930\u093e\u0908 \u0917\u0908 \u0938\u093e\u092e\u0917\u094d\u0930\u0940 \u0915\u094b \u0928\u093f\u0930\u0902\u0924\u0930 \u0905\u0926\u094d\u092f\u0924\u0928 \u0914\u0930 \u0938\u091f\u0940\u0915 \u0930\u0942\u092a \u0938\u0947 \u092a\u094d\u0930\u0938\u094d\u0924\u0941\u0924 \u0915\u0930\u0928\u0947 \u0915\u093e \u092a\u094d\u0930\u092f\u093e\u0938 \u0915\u0930\u0924\u0947 \u0939\u0948\u0902\u0964 \u0939\u093e\u0932\u093e\u0901\u0915\u093f, \u0939\u092e \u092a\u094d\u0930\u0926\u093e\u0928 \u0915\u0940 \u0917\u0908 \u091c\u093e\u0928\u0915\u093e\u0930\u0940, \u0935\u093f\u0936\u0947\u0937 \u0930\u0942\u092a \u0938\u0947 \u0924\u0943\u0924\u0940\u092f \u092a\u0915\u094d\u0937\u094b\u0902 \u0926\u094d\u0935\u093e\u0930\u093e \u092a\u094d\u0930\u0926\u093e\u0928 \u0915\u0940 \u0917\u0908 \u091c\u093e\u0928\u0915\u093e\u0930\u0940, \u0915\u0940 \u0938\u091f\u0940\u0915\u0924\u093e, \u092a\u0942\u0930\u094d\u0923\u0924\u093e \u092f\u093e \u0938\u092e\u092f\u092c\u0926\u094d\u0927\u0924\u093e \u0915\u0947 \u0932\u093f\u090f \u0915\u094b\u0908 \u0926\u093e\u092f\u093f\u0924\u094d\u0935 \u0928\u0939\u0940\u0902 \u0932\u0947\u0924\u0947 \u0939\u0948\u0902\u0964 \u0939\u092e \u092c\u093f\u0928\u093e \u0915\u093f\u0938\u0940 \u092a\u0942\u0930\u094d\u0935 \u0938\u0942\u091a\u0928\u093e \u0915\u0947 \u0938\u093e\u092e\u0917\u094d\u0930\u0940 \u092e\u0947\u0902 \u092a\u0930\u093f\u0935\u0930\u094d\u0924\u0928, \u091c\u094b\u0921\u093c\u0928\u0947 \u092f\u093e \u0939\u091f\u093e\u0928\u0947 \u0915\u093e \u0905\u0927\u093f\u0915\u093e\u0930 \u0938\u0941\u0930\u0915\u094d\u0937\u093f\u0924 \u0930\u0916\u0924\u0947 \u0939\u0948\u0902\u0964<\/p><p>\u0939\u092e\u093e\u0930\u0940 \u0935\u0947\u092c\u0938\u093e\u0907\u091f \u092e\u0947\u0902 \u092c\u093e\u0939\u0930\u0940 \u0924\u0943\u0924\u0940\u092f-\u092a\u0915\u094d\u0937 \u0935\u0947\u092c\u0938\u093e\u0907\u091f\u094b\u0902 \u0915\u0947 \u0932\u093f\u0902\u0915 \u0939\u0948\u0902 \u091c\u093f\u0928\u0915\u0940 \u0938\u093e\u092e\u0917\u094d\u0930\u0940 \u092a\u0930 \u0939\u092e\u093e\u0930\u093e \u0915\u094b\u0908 \u092a\u094d\u0930\u092d\u093e\u0935 \u0928\u0939\u0940\u0902 \u0939\u0948\u0964 \u0932\u093f\u0902\u0915 \u0915\u093f\u090f \u0917\u090f \u092a\u0943\u0937\u094d\u0920\u094b\u0902 \u0915\u093e \u0938\u0902\u092c\u0902\u0927\u093f\u0924 \u092a\u094d\u0930\u0926\u093e\u0924\u093e \u092f\u093e \u0938\u0902\u091a\u093e\u0932\u0915 \u0939\u092e\u0947\u0936\u093e \u0932\u093f\u0902\u0915 \u0915\u093f\u090f \u0917\u090f \u092a\u0943\u0937\u094d\u0920\u094b\u0902 \u0915\u0940 \u0938\u093e\u092e\u0917\u094d\u0930\u0940 \u0915\u0947 \u0932\u093f\u090f \u091c\u093c\u093f\u092e\u094d\u092e\u0947\u0926\u093e\u0930 \u0939\u094b\u0924\u093e \u0939\u0948\u0964 \u0932\u093f\u0902\u0915 \u0915\u0930\u0924\u0947 \u0938\u092e\u092f, \u0915\u094b\u0908 \u092d\u0940 \u0905\u0935\u0948\u0927 \u0938\u093e\u092e\u0917\u094d\u0930\u0940 \u0938\u094d\u092a\u0937\u094d\u091f \u0928\u0939\u0940\u0902 \u0925\u0940\u0964 \u0939\u093e\u0932\u093e\u0901\u0915\u093f, \u0915\u093e\u0928\u0942\u0928\u0940 \u0909\u0932\u094d\u0932\u0902\u0918\u0928 \u0915\u0947 \u0920\u094b\u0938 \u0938\u092c\u0942\u0924 \u0915\u0947 \u092c\u093f\u0928\u093e \u0932\u093f\u0902\u0915 \u0915\u093f\u090f \u0917\u090f \u092a\u0943\u0937\u094d\u0920\u094b\u0902 \u0915\u0940 \u0938\u093e\u092e\u0917\u094d\u0930\u0940 \u0915\u0940 \u0938\u094d\u0925\u093e\u092f\u0940 \u0928\u093f\u0917\u0930\u093e\u0928\u0940 \u0905\u0928\u0941\u091a\u093f\u0924 \u0939\u0948\u0964 \u0915\u093f\u0938\u0940 \u092d\u0940 \u0915\u093e\u0928\u0942\u0928\u0940 \u0909\u0932\u094d\u0932\u0902\u0918\u0928 \u0915\u0940 \u0938\u0942\u091a\u0928\u093e \u092e\u093f\u0932\u0928\u0947 \u092a\u0930, \u0910\u0938\u0947 \u0932\u093f\u0902\u0915 \u0924\u0941\u0930\u0902\u0924 \u0939\u091f\u093e \u0926\u093f\u090f \u091c\u093e\u090f\u0901\u0917\u0947\u0964<\/p><p>\u0915\u0949\u092a\u0940\u0930\u093e\u0907\u091f \u0928\u094b\u091f\u093f\u0938: \u0907\u0938 \u0935\u0947\u092c\u0938\u093e\u0907\u091f \u092a\u0930 \u092a\u094d\u0930\u0915\u093e\u0936\u093f\u0924 \u0938\u093e\u092e\u0917\u094d\u0930\u0940, \u091c\u093f\u0938\u092e\u0947\u0902 \u0917\u094d\u0930\u093e\u092b\u093c\u093f\u0915\u094d\u0938, \u091a\u093f\u0924\u094d\u0930, \u092b\u093c\u094b\u091f\u094b, \u091f\u0947\u0915\u094d\u0938\u094d\u091f \u0914\u0930 \u0935\u0940\u0921\u093f\u092f\u094b (\u091c\u093f\u0928\u094d\u0939\u0947\u0902 \u0906\u0917\u0947 &quot;\u0938\u093e\u092e\u0917\u094d\u0930\u0940&quot; \u0915\u0939\u093e \u091c\u093e\u090f\u0917\u093e) \u0936\u093e\u092e\u093f\u0932 \u0939\u0948\u0902, \u0915\u0949\u092a\u0940\u0930\u093e\u0907\u091f \u0915\u0947 \u0905\u0927\u0940\u0928 \u0939\u0948\u0964 \u0939\u092e \u0932\u093e\u0917\u0942 \u0915\u0949\u092a\u0940\u0930\u093e\u0907\u091f \u0915\u093e\u0928\u0942\u0928\u094b\u0902 \u0915\u093e \u0938\u092e\u094d\u092e\u093e\u0928 \u0915\u0930\u0924\u0947 \u0939\u0941\u090f, \u0915\u0947\u0935\u0932 \u0938\u094d\u0935-\u0928\u093f\u0930\u094d\u092e\u093f\u0924 \u0938\u093e\u092e\u0917\u094d\u0930\u0940 \u092f\u093e \u0932\u093e\u0907\u0938\u0947\u0902\u0938-\u092e\u0941\u0915\u094d\u0924 \u0938\u093e\u092e\u0917\u094d\u0930\u0940 \u0915\u093e \u0909\u092a\u092f\u094b\u0917 \u0915\u0930\u0928\u0947 \u0915\u093e \u092a\u094d\u0930\u092f\u093e\u0938 \u0915\u0930\u0924\u0947 \u0939\u0948\u0902\u0964<\/p><p>\u0907\u0938 \u0935\u0947\u092c\u0938\u093e\u0907\u091f \u092a\u0930 \u092a\u094d\u0930\u092f\u0941\u0915\u094d\u0924 \u0915\u0941\u091b \u0917\u094d\u0930\u093e\u092b\u093c\u093f\u0915\u094d\u0938, \u091b\u0935\u093f\u092f\u094b\u0902 \u0914\u0930 \u092b\u093c\u094b\u091f\u094b \u0915\u0947 \u0932\u093e\u0907\u0938\u0947\u0902\u0938 \u092c\u093e\u0939\u0930\u0940 \u092a\u094d\u0930\u0926\u093e\u0924\u093e\u0913\u0902 \u0938\u0947 \u092a\u094d\u0930\u093e\u092a\u094d\u0924 \u0915\u093f\u090f \u0917\u090f \u0939\u0948\u0902\u0964 \u0907\u0938 \u0932\u093e\u0907\u0938\u0947\u0902\u0938 \u092a\u094d\u0930\u093e\u092a\u094d\u0924 \u0938\u093e\u092e\u0917\u094d\u0930\u0940 \u0915\u093e \u0915\u094b\u0908 \u092d\u0940 \u0909\u092a\u092f\u094b\u0917 \u0938\u0902\u092c\u0902\u0927\u093f\u0924 \u0932\u093e\u0907\u0938\u0947\u0902\u0938 \u0936\u0930\u094d\u0924\u094b\u0902 \u0915\u0947 \u0905\u0927\u0940\u0928 \u0939\u0948\u0964 \u0939\u092e\u093e\u0930\u0940 \u0938\u094d\u092a\u0937\u094d\u091f \u0938\u0939\u092e\u0924\u093f \u0915\u0947 \u092c\u093f\u0928\u093e \u0914\u0930 \u0932\u093e\u0917\u0942 \u0932\u093e\u0907\u0938\u0947\u0902\u0938 \u0936\u0930\u094d\u0924\u094b\u0902 \u0915\u0947 \u0905\u0928\u0941\u092a\u093e\u0932\u0928 \u0915\u0947 \u092c\u093f\u0928\u093e \u0907\u0938 \u0938\u093e\u092e\u0917\u094d\u0930\u0940 \u0915\u093e \u092a\u0941\u0928: \u0909\u092a\u092f\u094b\u0917, \u092a\u0941\u0928\u0930\u0941\u0924\u094d\u092a\u093e\u0926\u0928, \u0938\u0902\u092a\u093e\u0926\u0928 \u092f\u093e \u0935\u093f\u0924\u0930\u0923 \u0928\u093f\u0937\u093f\u0926\u094d\u0927 \u0939\u0948\u0964<\/p><p>\u0939\u092e\u093e\u0930\u0947 \u0926\u094d\u0935\u093e\u0930\u093e \u0928\u093f\u0930\u094d\u092e\u093f\u0924 \u0907\u0938 \u0935\u0947\u092c\u0938\u093e\u0907\u091f \u0915\u0940 \u0938\u093e\u092e\u0917\u094d\u0930\u0940 \u0915\u094b \u092a\u0942\u0930\u094d\u0935 \u0932\u093f\u0916\u093f\u0924 \u0905\u0928\u0941\u092e\u0924\u093f \u0915\u0947 \u092c\u093f\u0928\u093e \u092a\u0941\u0928\u0930\u0941\u0924\u094d\u092a\u093e\u0926\u093f\u0924, \u0938\u0902\u092a\u093e\u0926\u093f\u0924, \u0935\u093f\u0924\u0930\u093f\u0924 \u092f\u093e \u0905\u0928\u094d\u092f\u0925\u093e \u0909\u092a\u092f\u094b\u0917 \u0928\u0939\u0940\u0902 \u0915\u093f\u092f\u093e \u091c\u093e \u0938\u0915\u0924\u093e \u0939\u0948\u0964<\/p><p>\u0924\u0943\u0924\u0940\u092f-\u092a\u0915\u094d\u0937 \u0938\u093e\u092e\u0917\u094d\u0930\u0940 \u0915\u094b \u0907\u0938 \u092a\u094d\u0930\u0915\u093e\u0930 \u091a\u093f\u0939\u094d\u0928\u093f\u0924 \u0915\u093f\u092f\u093e \u091c\u093e\u0924\u093e \u0939\u0948, \u091c\u092c \u0924\u0915 \u0915\u093f \u0935\u0939 \u0939\u092e\u093e\u0930\u0940 \u0913\u0930 \u0938\u0947 \u0928 \u0939\u094b\u0964 \u092b\u093f\u0930 \u092d\u0940, \u092f\u0926\u093f \u0906\u092a\u0915\u094b \u0915\u093f\u0938\u0940 \u0938\u0902\u092d\u093e\u0935\u093f\u0924 \u0915\u0949\u092a\u0940\u0930\u093e\u0907\u091f \u0909\u0932\u094d\u0932\u0902\u0918\u0928 \u0915\u093e \u092a\u0924\u093e \u091a\u0932\u0924\u093e \u0939\u0948, \u0924\u094b \u0915\u0943\u092a\u092f\u093e \u0939\u092e\u0947\u0902 \u0924\u0941\u0930\u0902\u0924 \u0938\u0942\u091a\u093f\u0924 \u0915\u0930\u0947\u0902\u0964 \u0915\u093f\u0938\u0940 \u092d\u0940 \u0909\u0932\u094d\u0932\u0902\u0918\u0928 \u0915\u0940 \u0938\u0942\u091a\u0928\u093e \u092e\u093f\u0932\u0928\u0947 \u092a\u0930, \u0939\u092e \u092a\u094d\u0930\u092d\u093e\u0935\u093f\u0924 \u0938\u093e\u092e\u0917\u094d\u0930\u0940 \u0915\u094b \u0924\u0941\u0930\u0902\u0924 \u0939\u091f\u093e \u0926\u0947\u0902\u0917\u0947\u0964<\/p>\t\t\t\t\t\t\t\t<\/div>\n\t\t\t\t<\/div>\n\t\t\t\t<\/div>\n\t\t\t\t<\/div>","protected":false},"excerpt":{"rendered":"<p>Impressum International Metal Foam AGZeltweg 11, CH-8023 Z\u00fcrich E-Mail: info@imf-ag.comTelefon: +41 44 256 16 07Website: imf-ag.comVerwaltungsrat: Frank Schiffer, Z\u00fcrichVerwaltungsrat: Prof. Dr.-Ing. Dirk Zielke, Brandenburg a. d. HavelHandelsregister: Handelsregister Z\u00fcrichUID-Nummer: CHE-106.156.173 Rechtliche Hinweise EU-Streitschlichtung Verbraucher haben die M\u00f6glichkeit, Beschwerden an die Online-Streitbeilegungsplattform der EU zu richten: https:\/\/ec.europa.eu\/consumers\/odr\/main oder ggf. wenn Sie in \u00d6sterreich leben: https:\/\/europakonsument.at . [&hellip;]<\/p>","protected":false},"author":1,"featured_media":0,"parent":0,"menu_order":0,"comment_status":"closed","ping_status":"closed","template":"","meta":{"_acf_changed":false,"iawp_total_views":163,"footnotes":""},"class_list":["post-6463","page","type-page","status-publish","hentry"],"yoast_head":"<!-- This site is optimized with the Yoast SEO plugin v24.9 - https:\/\/yoast.com\/wordpress\/plugins\/seo\/ -->\n<title>Rechtliche Angaben &amp; Kontakt | IMF Defense<\/title>\n<meta name=\"description\" content=\"Impressum: Hier finden Sie alle rechtlichen Angaben, Handelsregistereintrag, Vertretungsberechtigte und Kontaktm\u00f6glichkeiten in Z\u00fcrich.\" \/>\n<meta name=\"robots\" content=\"index, follow, max-snippet:-1, max-image-preview:large, max-video-preview:-1\" \/>\n<link rel=\"canonical\" href=\"https:\/\/imf-defense.com\/hi\/\u091b\u093e\u092a\/\" \/>\n<meta property=\"og:locale\" content=\"hi_IN\" \/>\n<meta property=\"og:type\" content=\"article\" \/>\n<meta property=\"og:title\" content=\"Rechtliche Angaben &amp; Kontakt | IMF Defense\" \/>\n<meta property=\"og:description\" content=\"Impressum: Hier finden Sie alle rechtlichen Angaben, Handelsregistereintrag, Vertretungsberechtigte und Kontaktm\u00f6glichkeiten in Z\u00fcrich.\" \/>\n<meta property=\"og:url\" content=\"https:\/\/imf-defense.com\/hi\/\u091b\u093e\u092a\/\" \/>\n<meta property=\"og:site_name\" content=\"International Metal Foam AG\" \/>\n<meta property=\"article:modified_time\" content=\"2025-12-19T12:51:19+00:00\" \/>\n<meta name=\"twitter:card\" content=\"summary_large_image\" \/>\n<meta name=\"twitter:label1\" content=\"\u0905\u0928\u0941\u092e\u093e\u0928\u093f\u0924 \u092a\u0922\u093c\u0928\u0947 \u0915\u093e \u0938\u092e\u092f\" \/>\n\t<meta name=\"twitter:data1\" content=\"2 \u092e\u093f\u0928\u091f\" \/>\n<script type=\"application\/ld+json\" class=\"yoast-schema-graph\">{\"@context\":\"https:\/\/schema.org\",\"@graph\":[{\"@type\":\"WebPage\",\"@id\":\"https:\/\/imf-defense.com\/impressum\/\",\"url\":\"https:\/\/imf-defense.com\/impressum\/\",\"name\":\"Rechtliche Angaben & Kontakt | IMF Defense\",\"isPartOf\":{\"@id\":\"https:\/\/imf-defense.com\/#website\"},\"datePublished\":\"2025-04-24T09:56:19+00:00\",\"dateModified\":\"2025-12-19T12:51:19+00:00\",\"description\":\"Impressum: Hier finden Sie alle rechtlichen Angaben, Handelsregistereintrag, Vertretungsberechtigte und Kontaktm\u00f6glichkeiten in Z\u00fcrich.\",\"breadcrumb\":{\"@id\":\"https:\/\/imf-defense.com\/impressum\/#breadcrumb\"},\"inLanguage\":\"hi-IN\",\"potentialAction\":[{\"@type\":\"ReadAction\",\"target\":[\"https:\/\/imf-defense.com\/impressum\/\"]}]},{\"@type\":\"BreadcrumbList\",\"@id\":\"https:\/\/imf-defense.com\/impressum\/#breadcrumb\",\"itemListElement\":[{\"@type\":\"ListItem\",\"position\":1,\"name\":\"Startseite\",\"item\":\"https:\/\/imf-defense.com\/\"},{\"@type\":\"ListItem\",\"position\":2,\"name\":\"Impressum\"}]},{\"@type\":\"WebSite\",\"@id\":\"https:\/\/imf-defense.com\/#website\",\"url\":\"https:\/\/imf-defense.com\/\",\"name\":\"International Metal Foam AG\",\"description\":\"\",\"potentialAction\":[{\"@type\":\"SearchAction\",\"target\":{\"@type\":\"EntryPoint\",\"urlTemplate\":\"https:\/\/imf-defense.com\/?s={search_term_string}\"},\"query-input\":{\"@type\":\"PropertyValueSpecification\",\"valueRequired\":true,\"valueName\":\"search_term_string\"}}],\"inLanguage\":\"hi-IN\"}]}<\/script>\n<!-- \/ Yoast SEO plugin. -->","yoast_head_json":{"title":"Rechtliche Angaben & Kontakt | IMF Defense","description":"Impressum: Hier finden Sie alle rechtlichen Angaben, Handelsregistereintrag, Vertretungsberechtigte und Kontaktm\u00f6glichkeiten in Z\u00fcrich.","robots":{"index":"index","follow":"follow","max-snippet":"max-snippet:-1","max-image-preview":"max-image-preview:large","max-video-preview":"max-video-preview:-1"},"canonical":"https:\/\/imf-defense.com\/hi\/\u091b\u093e\u092a\/","og_locale":"hi_IN","og_type":"article","og_title":"Rechtliche Angaben & Kontakt | IMF Defense","og_description":"Impressum: Hier finden Sie alle rechtlichen Angaben, Handelsregistereintrag, Vertretungsberechtigte und Kontaktm\u00f6glichkeiten in Z\u00fcrich.","og_url":"https:\/\/imf-defense.com\/hi\/\u091b\u093e\u092a\/","og_site_name":"International Metal Foam AG","article_modified_time":"2025-12-19T12:51:19+00:00","twitter_card":"summary_large_image","twitter_misc":{"\u0905\u0928\u0941\u092e\u093e\u0928\u093f\u0924 \u092a\u0922\u093c\u0928\u0947 \u0915\u093e \u0938\u092e\u092f":"2 \u092e\u093f\u0928\u091f"},"schema":{"@context":"https:\/\/schema.org","@graph":[{"@type":"WebPage","@id":"https:\/\/imf-defense.com\/impressum\/","url":"https:\/\/imf-defense.com\/impressum\/","name":"Rechtliche Angaben & Kontakt | IMF Defense","isPartOf":{"@id":"https:\/\/imf-defense.com\/#website"},"datePublished":"2025-04-24T09:56:19+00:00","dateModified":"2025-12-19T12:51:19+00:00","description":"Impressum: Hier finden Sie alle rechtlichen Angaben, Handelsregistereintrag, Vertretungsberechtigte und Kontaktm\u00f6glichkeiten in Z\u00fcrich.","breadcrumb":{"@id":"https:\/\/imf-defense.com\/impressum\/#breadcrumb"},"inLanguage":"hi-IN","potentialAction":[{"@type":"ReadAction","target":["https:\/\/imf-defense.com\/impressum\/"]}]},{"@type":"BreadcrumbList","@id":"https:\/\/imf-defense.com\/impressum\/#breadcrumb","itemListElement":[{"@type":"ListItem","position":1,"name":"Startseite","item":"https:\/\/imf-defense.com\/"},{"@type":"ListItem","position":2,"name":"Impressum"}]},{"@type":"WebSite","@id":"https:\/\/imf-defense.com\/#website","url":"https:\/\/imf-defense.com\/","name":"International Metal Foam AG","description":"","potentialAction":[{"@type":"SearchAction","target":{"@type":"EntryPoint","urlTemplate":"https:\/\/imf-defense.com\/?s={search_term_string}"},"query-input":{"@type":"PropertyValueSpecification","valueRequired":true,"valueName":"search_term_string"}}],"inLanguage":"hi-IN"}]}},"acf":[],"_links":{"self":[{"href":"https:\/\/imf-defense.com\/hi\/wp-json\/wp\/v2\/pages\/6463","targetHints":{"allow":["GET"]}}],"collection":[{"href":"https:\/\/imf-defense.com\/hi\/wp-json\/wp\/v2\/pages"}],"about":[{"href":"https:\/\/imf-defense.com\/hi\/wp-json\/wp\/v2\/types\/page"}],"author":[{"embeddable":true,"href":"https:\/\/imf-defense.com\/hi\/wp-json\/wp\/v2\/users\/1"}],"replies":[{"embeddable":true,"href":"https:\/\/imf-defense.com\/hi\/wp-json\/wp\/v2\/comments?post=6463"}],"version-history":[{"count":25,"href":"https:\/\/imf-defense.com\/hi\/wp-json\/wp\/v2\/pages\/6463\/revisions"}],"predecessor-version":[{"id":7935,"href":"https:\/\/imf-defense.com\/hi\/wp-json\/wp\/v2\/pages\/6463\/revisions\/7935"}],"wp:attachment":[{"href":"https:\/\/imf-defense.com\/hi\/wp-json\/wp\/v2\/media?parent=6463"}],"curies":[{"name":"wp","href":"https:\/\/api.w.org\/{rel}","templated":true}]}}