{"id":8282,"date":"2025-11-04T10:54:56","date_gmt":"2025-11-04T10:54:56","guid":{"rendered":"https:\/\/imf-defense.com\/?page_id=8282"},"modified":"2026-01-22T16:54:38","modified_gmt":"2026-01-22T16:54:38","slug":"brochures","status":"publish","type":"page","link":"https:\/\/imf-defense.com\/es\/folletos\/","title":{"rendered":"Folletos"},"content":{"rendered":"<div data-elementor-type=\"wp-page\" data-elementor-id=\"8282\" class=\"elementor elementor-8282\" data-elementor-post-type=\"page\">\n\t\t\t\t<div class=\"elementor-element elementor-element-1fab70c e-con-full e-flex e-con e-parent\" data-id=\"1fab70c\" data-element_type=\"container\" data-settings=\"{&quot;background_background&quot;:&quot;classic&quot;}\">\n\t\t\t\t<\/div>\n\t\t<div class=\"elementor-element elementor-element-8dc80b9 e-con-full e-flex e-con e-parent\" data-id=\"8dc80b9\" data-element_type=\"container\">\n\t\t<div class=\"elementor-element elementor-element-d1b8bc0 e-con-full e-flex elementor-invisible e-con e-child\" data-id=\"d1b8bc0\" data-element_type=\"container\" data-settings=\"{&quot;animation&quot;:&quot;fadeInRight&quot;}\">\n\t\t\t\t<div class=\"elementor-element elementor-element-ef8d47c elementor-widget elementor-widget-heading\" data-id=\"ef8d47c\" data-element_type=\"widget\" data-widget_type=\"heading.default\">\n\t\t\t\t<div class=\"elementor-widget-container\">\n\t\t\t\t\t<h2 class=\"elementor-heading-title elementor-size-default\">Folletos del FMI<\/h2>\t\t\t\t<\/div>\n\t\t\t\t<\/div>\n\t\t<div class=\"elementor-element elementor-element-7b97d57 e-grid e-con-full e-con e-child\" data-id=\"7b97d57\" data-element_type=\"container\">\n\t\t<a class=\"elementor-element elementor-element-b3e8835 e-con-full e-flex e-con e-child\" data-id=\"b3e8835\" data-element_type=\"container\" data-settings=\"{&quot;background_background&quot;:&quot;classic&quot;}\" href=\"https:\/\/imf-defense.com\/es\/prospecto-2025\/\">\n\t\t<div class=\"elementor-element elementor-element-e6a02f3 e-con-full e-flex e-con e-child\" data-id=\"e6a02f3\" data-element_type=\"container\" data-settings=\"{&quot;background_background&quot;:&quot;classic&quot;}\">\n\t\t\t\t<div class=\"elementor-element elementor-element-b576afd elementor-widget elementor-widget-heading\" data-id=\"b576afd\" data-element_type=\"widget\" data-widget_type=\"heading.default\">\n\t\t\t\t<div class=\"elementor-widget-container\">\n\t\t\t\t\t<h2 class=\"elementor-heading-title elementor-size-default\">Alem\u00e1n<\/h2>\t\t\t\t<\/div>\n\t\t\t\t<\/div>\n\t\t\t\t<\/div>\n\t\t\t\t<\/a>\n\t\t<a class=\"elementor-element elementor-element-7ef0b97 e-con-full e-flex e-con e-child\" data-id=\"7ef0b97\" data-element_type=\"container\" data-settings=\"{&quot;background_background&quot;:&quot;classic&quot;}\" href=\"https:\/\/imf-defense.com\/es\/folleto-2025\/\">\n\t\t<div class=\"elementor-element elementor-element-6b7eb17 e-con-full e-flex e-con e-child\" data-id=\"6b7eb17\" data-element_type=\"container\" data-settings=\"{&quot;background_background&quot;:&quot;classic&quot;}\">\n\t\t\t\t<div class=\"elementor-element elementor-element-eec8e16 elementor-widget elementor-widget-heading\" data-id=\"eec8e16\" data-element_type=\"widget\" data-widget_type=\"heading.default\">\n\t\t\t\t<div class=\"elementor-widget-container\">\n\t\t\t\t\t<h2 class=\"elementor-heading-title elementor-size-default\">Ingl\u00e9s<\/h2>\t\t\t\t<\/div>\n\t\t\t\t<\/div>\n\t\t\t\t<\/div>\n\t\t\t\t<\/a>\n\t\t<a class=\"elementor-element elementor-element-11872b1 e-con-full e-flex e-con e-child\" data-id=\"11872b1\" data-element_type=\"container\" data-settings=\"{&quot;background_background&quot;:&quot;classic&quot;}\" href=\"https:\/\/imf-defense.com\/es\/prospetto-2025\/\">\n\t\t<div class=\"elementor-element elementor-element-efc2d5b e-con-full e-flex e-con e-child\" data-id=\"efc2d5b\" data-element_type=\"container\" data-settings=\"{&quot;background_background&quot;:&quot;classic&quot;}\">\n\t\t\t\t<div class=\"elementor-element elementor-element-dd260d7 elementor-widget elementor-widget-heading\" data-id=\"dd260d7\" data-element_type=\"widget\" data-widget_type=\"heading.default\">\n\t\t\t\t<div class=\"elementor-widget-container\">\n\t\t\t\t\t<h2 class=\"elementor-heading-title elementor-size-default\">Italiano<\/h2>\t\t\t\t<\/div>\n\t\t\t\t<\/div>\n\t\t\t\t<\/div>\n\t\t\t\t<\/a>\n\t\t<a class=\"elementor-element elementor-element-43a5867 e-con-full e-flex e-con e-child\" data-id=\"43a5867\" data-element_type=\"container\" data-settings=\"{&quot;background_background&quot;:&quot;classic&quot;}\" href=\"https:\/\/imf-defense.com\/es\/folleto-2025-fr\/\">\n\t\t<div class=\"elementor-element elementor-element-17ec009 e-con-full e-flex e-con e-child\" data-id=\"17ec009\" data-element_type=\"container\" data-settings=\"{&quot;background_background&quot;:&quot;classic&quot;}\">\n\t\t\t\t<div class=\"elementor-element elementor-element-188d8b3 elementor-widget elementor-widget-heading\" data-id=\"188d8b3\" data-element_type=\"widget\" data-widget_type=\"heading.default\">\n\t\t\t\t<div class=\"elementor-widget-container\">\n\t\t\t\t\t<h2 class=\"elementor-heading-title elementor-size-default\">Franc\u00e9s<\/h2>\t\t\t\t<\/div>\n\t\t\t\t<\/div>\n\t\t\t\t<\/div>\n\t\t\t\t<\/a>\n\t\t<a class=\"elementor-element elementor-element-fec17e5 e-con-full e-flex e-con e-child\" data-id=\"fec17e5\" data-element_type=\"container\" data-settings=\"{&quot;background_background&quot;:&quot;classic&quot;}\" href=\"https:\/\/imf-defense.com\/es\/folleto-2025-no\/\">\n\t\t<div class=\"elementor-element elementor-element-b3c11e4 e-con-full e-flex e-con e-child\" data-id=\"b3c11e4\" data-element_type=\"container\" data-settings=\"{&quot;background_background&quot;:&quot;classic&quot;}\">\n\t\t\t\t<div class=\"elementor-element elementor-element-75fb3a7 elementor-widget elementor-widget-heading\" data-id=\"75fb3a7\" data-element_type=\"widget\" data-widget_type=\"heading.default\">\n\t\t\t\t<div class=\"elementor-widget-container\">\n\t\t\t\t\t<h2 class=\"elementor-heading-title elementor-size-default\">Noruega<\/h2>\t\t\t\t<\/div>\n\t\t\t\t<\/div>\n\t\t\t\t<\/div>\n\t\t\t\t<\/a>\n\t\t\t\t<\/div>\n\t\t\t\t<\/div>\n\t\t\t\t<\/div>\n\t\t\t\t<\/div>","protected":false},"excerpt":{"rendered":"<p>Folletos del FMI Ingl\u00e9s Alem\u00e1n Italiano Franc\u00e9s Noruego<\/p>","protected":false},"author":1,"featured_media":0,"parent":0,"menu_order":0,"comment_status":"closed","ping_status":"closed","template":"","meta":{"_acf_changed":false,"iawp_total_views":104,"footnotes":""},"class_list":["post-8282","page","type-page","status-publish","hentry"],"yoast_head":"<!-- This site is optimized with the Yoast SEO plugin v24.9 - https:\/\/yoast.com\/wordpress\/plugins\/seo\/ -->\n<title>Brochures - International Metal Foam AG<\/title>\n<meta name=\"robots\" content=\"noindex, nofollow\" \/>\n<meta property=\"og:locale\" content=\"es_ES\" \/>\n<meta property=\"og:type\" content=\"article\" \/>\n<meta property=\"og:title\" content=\"Brochures - International Metal Foam AG\" \/>\n<meta property=\"og:description\" content=\"IMF Brosch\u00fcren Deutsch Englisch Italienisch Franz\u00f6sisch Norwegisch\" \/>\n<meta property=\"og:url\" content=\"https:\/\/imf-defense.com\/es\/folletos\/\" \/>\n<meta property=\"og:site_name\" content=\"International Metal Foam AG\" \/>\n<meta property=\"article:modified_time\" content=\"2026-01-22T16:54:38+00:00\" \/>\n<meta name=\"twitter:card\" content=\"summary_large_image\" \/>\n<meta name=\"twitter:label1\" content=\"Tiempo de lectura\" \/>\n\t<meta name=\"twitter:data1\" content=\"1 minuto\" \/>\n<script type=\"application\/ld+json\" class=\"yoast-schema-graph\">{\"@context\":\"https:\/\/schema.org\",\"@graph\":[{\"@type\":\"WebPage\",\"@id\":\"https:\/\/imf-defense.com\/brochures\/\",\"url\":\"https:\/\/imf-defense.com\/brochures\/\",\"name\":\"Brochures - International Metal Foam AG\",\"isPartOf\":{\"@id\":\"https:\/\/imf-defense.com\/#website\"},\"datePublished\":\"2025-11-04T10:54:56+00:00\",\"dateModified\":\"2026-01-22T16:54:38+00:00\",\"breadcrumb\":{\"@id\":\"https:\/\/imf-defense.com\/brochures\/#breadcrumb\"},\"inLanguage\":\"es\",\"potentialAction\":[{\"@type\":\"ReadAction\",\"target\":[\"https:\/\/imf-defense.com\/brochures\/\"]}]},{\"@type\":\"BreadcrumbList\",\"@id\":\"https:\/\/imf-defense.com\/brochures\/#breadcrumb\",\"itemListElement\":[{\"@type\":\"ListItem\",\"position\":1,\"name\":\"Startseite\",\"item\":\"https:\/\/imf-defense.com\/\"},{\"@type\":\"ListItem\",\"position\":2,\"name\":\"Brochures\"}]},{\"@type\":\"WebSite\",\"@id\":\"https:\/\/imf-defense.com\/#website\",\"url\":\"https:\/\/imf-defense.com\/\",\"name\":\"International Metal Foam AG\",\"description\":\"\",\"potentialAction\":[{\"@type\":\"SearchAction\",\"target\":{\"@type\":\"EntryPoint\",\"urlTemplate\":\"https:\/\/imf-defense.com\/?s={search_term_string}\"},\"query-input\":{\"@type\":\"PropertyValueSpecification\",\"valueRequired\":true,\"valueName\":\"search_term_string\"}}],\"inLanguage\":\"es\"}]}<\/script>\n<!-- \/ Yoast SEO plugin. -->","yoast_head_json":{"title":"Brochures - International Metal Foam AG","robots":{"index":"noindex","follow":"nofollow"},"og_locale":"es_ES","og_type":"article","og_title":"Brochures - International Metal Foam AG","og_description":"IMF Brosch\u00fcren Deutsch Englisch Italienisch Franz\u00f6sisch Norwegisch","og_url":"https:\/\/imf-defense.com\/es\/folletos\/","og_site_name":"International Metal Foam AG","article_modified_time":"2026-01-22T16:54:38+00:00","twitter_card":"summary_large_image","twitter_misc":{"Tiempo de lectura":"1 minuto"},"schema":{"@context":"https:\/\/schema.org","@graph":[{"@type":"WebPage","@id":"https:\/\/imf-defense.com\/brochures\/","url":"https:\/\/imf-defense.com\/brochures\/","name":"Brochures - International Metal Foam AG","isPartOf":{"@id":"https:\/\/imf-defense.com\/#website"},"datePublished":"2025-11-04T10:54:56+00:00","dateModified":"2026-01-22T16:54:38+00:00","breadcrumb":{"@id":"https:\/\/imf-defense.com\/brochures\/#breadcrumb"},"inLanguage":"es","potentialAction":[{"@type":"ReadAction","target":["https:\/\/imf-defense.com\/brochures\/"]}]},{"@type":"BreadcrumbList","@id":"https:\/\/imf-defense.com\/brochures\/#breadcrumb","itemListElement":[{"@type":"ListItem","position":1,"name":"Startseite","item":"https:\/\/imf-defense.com\/"},{"@type":"ListItem","position":2,"name":"Brochures"}]},{"@type":"WebSite","@id":"https:\/\/imf-defense.com\/#website","url":"https:\/\/imf-defense.com\/","name":"International Metal Foam AG","description":"","potentialAction":[{"@type":"SearchAction","target":{"@type":"EntryPoint","urlTemplate":"https:\/\/imf-defense.com\/?s={search_term_string}"},"query-input":{"@type":"PropertyValueSpecification","valueRequired":true,"valueName":"search_term_string"}}],"inLanguage":"es"}]}},"acf":[],"_links":{"self":[{"href":"https:\/\/imf-defense.com\/es\/wp-json\/wp\/v2\/pages\/8282","targetHints":{"allow":["GET"]}}],"collection":[{"href":"https:\/\/imf-defense.com\/es\/wp-json\/wp\/v2\/pages"}],"about":[{"href":"https:\/\/imf-defense.com\/es\/wp-json\/wp\/v2\/types\/page"}],"author":[{"embeddable":true,"href":"https:\/\/imf-defense.com\/es\/wp-json\/wp\/v2\/users\/1"}],"replies":[{"embeddable":true,"href":"https:\/\/imf-defense.com\/es\/wp-json\/wp\/v2\/comments?post=8282"}],"version-history":[{"count":16,"href":"https:\/\/imf-defense.com\/es\/wp-json\/wp\/v2\/pages\/8282\/revisions"}],"predecessor-version":[{"id":8483,"href":"https:\/\/imf-defense.com\/es\/wp-json\/wp\/v2\/pages\/8282\/revisions\/8483"}],"wp:attachment":[{"href":"https:\/\/imf-defense.com\/es\/wp-json\/wp\/v2\/media?parent=8282"}],"curies":[{"name":"wp","href":"https:\/\/api.w.org\/{rel}","templated":true}]}}