{"id":600,"date":"2025-03-31T11:57:12","date_gmt":"2025-03-31T11:57:12","guid":{"rendered":"https:\/\/imf-defense.com\/?page_id=600"},"modified":"2025-12-19T12:34:02","modified_gmt":"2025-12-19T12:34:02","slug":"kontakt","status":"publish","type":"page","link":"https:\/\/imf-defense.com\/en\/contact\/","title":{"rendered":"Contact us"},"content":{"rendered":"<div data-elementor-type=\"wp-page\" data-elementor-id=\"600\" class=\"elementor elementor-600\" data-elementor-post-type=\"page\">\n\t\t\t\t<div class=\"elementor-element elementor-element-e914aec e-con-full e-flex e-con e-parent\" data-id=\"e914aec\" data-element_type=\"container\" data-settings=\"{&quot;background_background&quot;:&quot;classic&quot;}\">\n\t\t\t\t<div class=\"elementor-element elementor-element-638e4c3 elementor-widget elementor-widget-heading\" data-id=\"638e4c3\" data-element_type=\"widget\" data-widget_type=\"heading.default\">\n\t\t\t\t<div class=\"elementor-widget-container\">\n\t\t\t\t\t<h2 class=\"elementor-heading-title elementor-size-default\">Contact us<\/h2>\t\t\t\t<\/div>\n\t\t\t\t<\/div>\n\t\t<div class=\"elementor-element elementor-element-a787f65 e-con-full e-flex e-con e-child\" data-id=\"a787f65\" data-element_type=\"container\">\n\t\t<div class=\"elementor-element elementor-element-e190e44 e-con-full e-flex e-con e-child\" data-id=\"e190e44\" data-element_type=\"container\" id=\"mt-nav-sub-fixed\" data-settings=\"{&quot;background_background&quot;:&quot;classic&quot;}\">\n\t\t\t\t<div class=\"elementor-element elementor-element-30ddc8e e-full_width e-n-menu-layout-horizontal e-n-menu-tablet elementor-widget elementor-widget-n-menu\" data-id=\"30ddc8e\" data-element_type=\"widget\" data-settings=\"{&quot;menu_items&quot;:[{&quot;_id&quot;:&quot;048f559&quot;,&quot;item_title&quot;:&quot;IMF Kontaktm\\u00f6glichkeiten&quot;,&quot;item_link&quot;:{&quot;url&quot;:&quot;#imf-official&quot;,&quot;is_external&quot;:&quot;&quot;,&quot;nofollow&quot;:&quot;&quot;,&quot;custom_attributes&quot;:&quot;&quot;},&quot;item_dropdown_content&quot;:&quot;no&quot;,&quot;item_icon&quot;:{&quot;value&quot;:&quot;&quot;,&quot;library&quot;:&quot;&quot;},&quot;item_icon_active&quot;:null,&quot;element_id&quot;:&quot;&quot;}],&quot;content_width&quot;:&quot;full_width&quot;,&quot;item_layout&quot;:&quot;horizontal&quot;,&quot;open_on&quot;:&quot;hover&quot;,&quot;horizontal_scroll&quot;:&quot;disable&quot;,&quot;breakpoint_selector&quot;:&quot;tablet&quot;,&quot;menu_item_title_distance_from_content&quot;:{&quot;unit&quot;:&quot;px&quot;,&quot;size&quot;:0,&quot;sizes&quot;:[]},&quot;menu_item_title_distance_from_content_tablet&quot;:{&quot;unit&quot;:&quot;px&quot;,&quot;size&quot;:&quot;&quot;,&quot;sizes&quot;:[]},&quot;menu_item_title_distance_from_content_mobile&quot;:{&quot;unit&quot;:&quot;px&quot;,&quot;size&quot;:&quot;&quot;,&quot;sizes&quot;:[]}}\" data-widget_type=\"mega-menu.default\">\n\t\t\t\t<div class=\"elementor-widget-container\">\n\t\t\t\t\t\t\t<nav class=\"e-n-menu\" data-widget-number=\"512\" aria-label=\"Floating Menu\">\n\t\t\t\t\t<button class=\"e-n-menu-toggle\" id=\"menu-toggle-512\" aria-haspopup=\"true\" aria-expanded=\"false\" aria-controls=\"menubar-512\" aria-label=\"\u041f\u0435\u0440\u0435\u043a\u043b\u044e\u0447\u0430\u0442\u0435\u043b\u044c \u043c\u0435\u043d\u044e\" data-no-translation-aria-label=\"\">\n\t\t\t<span class=\"e-n-menu-toggle-icon e-open\">\n\t\t\t\t<svg class=\"e-font-icon-svg e-eicon-menu-bar\" viewbox=\"0 0 1000 1000\" xmlns=\"http:\/\/www.w3.org\/2000\/svg\"><path d=\"M104 333H896C929 333 958 304 958 271S929 208 896 208H104C71 208 42 237 42 271S71 333 104 333ZM104 583H896C929 583 958 554 958 521S929 458 896 458H104C71 458 42 487 42 521S71 583 104 583ZM104 833H896C929 833 958 804 958 771S929 708 896 708H104C71 708 42 737 42 771S71 833 104 833Z\"><\/path><\/svg>\t\t\t<\/span>\n\t\t\t<span class=\"e-n-menu-toggle-icon e-close\">\n\t\t\t\t<svg class=\"e-font-icon-svg e-eicon-close\" viewbox=\"0 0 1000 1000\" xmlns=\"http:\/\/www.w3.org\/2000\/svg\"><path d=\"M742 167L500 408 258 167C246 154 233 150 217 150 196 150 179 158 167 167 154 179 150 196 150 212 150 229 154 242 171 254L408 500 167 742C138 771 138 800 167 829 196 858 225 858 254 829L496 587 738 829C750 842 767 846 783 846 800 846 817 842 829 829 842 817 846 804 846 783 846 767 842 750 829 737L588 500 833 258C863 229 863 200 833 171 804 137 775 137 742 167Z\"><\/path><\/svg>\t\t\t<\/span>\n\t\t<\/button>\n\t\t\t\t\t<div class=\"e-n-menu-wrapper\" id=\"menubar-512\" aria-labelledby=\"menu-toggle-512\">\n\t\t\t\t<ul class=\"e-n-menu-heading\">\n\t\t\t\t\t\t\t\t<li class=\"e-n-menu-item\">\n\t\t\t\t<div id=\"e-n-menu-title-5121\" class=\"e-n-menu-title e-anchor\">\n\t\t\t\t\t<a class=\"e-n-menu-title-container e-focus e-link\" href=\"#imf-official\" aria-current=\"page\">\t\t\t\t\t\t\t\t\t\t\t\t<span class=\"e-n-menu-title-text\">\n\t\t\t\t\t\t\tIMF contact options\t\t\t\t\t\t<\/span>\n\t\t\t\t\t<\/a>\t\t\t\t\t\t\t\t\t<\/div>\n\t\t\t\t\t\t\t<\/li>\n\t\t\t\t\t\t<\/ul>\n\t\t\t<\/div>\n\t\t<\/nav>\n\t\t\t\t\t\t<\/div>\n\t\t\t\t<\/div>\n\t\t\t\t<\/div>\n\t\t<div class=\"elementor-element elementor-element-ddb8400 e-con-full e-flex e-con e-child\" data-id=\"ddb8400\" data-element_type=\"container\" data-settings=\"{&quot;background_background&quot;:&quot;classic&quot;}\">\n\t\t\t\t<div class=\"elementor-element elementor-element-cb1d810 elementor-widget elementor-widget-heading\" data-id=\"cb1d810\" data-element_type=\"widget\" data-widget_type=\"heading.default\">\n\t\t\t\t<div class=\"elementor-widget-container\">\n\t\t\t\t\t<h2 class=\"elementor-heading-title elementor-size-default\">Technology is our tool - dialog is our foundation.<\/h2>\t\t\t\t<\/div>\n\t\t\t\t<\/div>\n\t\t\t\t<\/div>\n\t\t\t\t<div class=\"elementor-element elementor-element-208eb1d elementor-absolute elementor-widget elementor-widget-html\" data-id=\"208eb1d\" data-element_type=\"widget\" data-settings=\"{&quot;_position&quot;:&quot;absolute&quot;}\" data-widget_type=\"html.default\">\n\t\t\t\t<div class=\"elementor-widget-container\">\n\t\t\t\t\t<script>\n    window.addEventListener('scroll', function() {\n      var headerHeight = 75;\n      \n      var nav = document.getElementById('mt-nav-sub-fixed');\n      const rect = nav.getBoundingClientRect();\n      const top = rect.top + 200;\n      \n      if (window.scrollY >= top) {\n        nav.classList.add('fixed');\n      } else {\n        nav.classList.remove('fixed');\n      }\n    });\n<\/script>\t\t\t\t<\/div>\n\t\t\t\t<\/div>\n\t\t\t\t<\/div>\n\t\t\t\t<\/div>\n\t\t<div class=\"elementor-element elementor-element-a5c6f99 e-con-full e-flex e-con e-parent\" data-id=\"a5c6f99\" data-element_type=\"container\" id=\"imf-official\">\n\t\t<div class=\"elementor-element elementor-element-51095a9 e-con-full e-flex elementor-invisible e-con e-child\" data-id=\"51095a9\" data-element_type=\"container\" data-settings=\"{&quot;animation&quot;:&quot;fadeInRight&quot;}\">\n\t\t\t\t<div class=\"elementor-element elementor-element-6095162 elementor-widget elementor-widget-heading\" data-id=\"6095162\" data-element_type=\"widget\" data-widget_type=\"heading.default\">\n\t\t\t\t<div class=\"elementor-widget-container\">\n\t\t\t\t\t<h2 class=\"elementor-heading-title elementor-size-default\">Contact us<\/h2>\t\t\t\t<\/div>\n\t\t\t\t<\/div>\n\t\t\t\t<div class=\"elementor-element elementor-element-c0c8ade elementor-widget elementor-widget-text-editor\" data-id=\"c0c8ade\" data-element_type=\"widget\" data-widget_type=\"text-editor.default\">\n\t\t\t\t<div class=\"elementor-widget-container\">\n\t\t\t\t\t\t\t\t\t<p class=\"\" data-start=\"200\" data-end=\"589\">Are you interested in our technology, are you planning a specific project or would you like to find out more about license models, applications or partnerships?<br data-start=\"356\" data-end=\"359\" \/>We look forward to exchanging ideas with companies, institutions and decision-makers who want to combine sustainable protection with technological depth.<br data-start=\"509\" data-end=\"512\" \/>Talk to us - discreetly, directly and with an eye for the essentials.<\/p>\t\t\t\t\t\t\t\t<\/div>\n\t\t\t\t<\/div>\n\t\t<div class=\"elementor-element elementor-element-cd07ced e-con-full e-flex e-con e-child\" data-id=\"cd07ced\" data-element_type=\"container\">\n\t\t<div class=\"elementor-element elementor-element-c9bdbb8 e-con-full e-flex e-con e-child\" data-id=\"c9bdbb8\" data-element_type=\"container\">\n\t\t\t\t<div class=\"elementor-element elementor-element-3716346 elementor-widget elementor-widget-heading\" data-id=\"3716346\" data-element_type=\"widget\" data-widget_type=\"heading.default\">\n\t\t\t\t<div class=\"elementor-widget-container\">\n\t\t\t\t\t<h2 class=\"elementor-heading-title elementor-size-default\">We are happy to help you<\/h2>\t\t\t\t<\/div>\n\t\t\t\t<\/div>\n\t\t\t\t<div class=\"elementor-element elementor-element-d9df345 elementor-widget elementor-widget-button\" data-id=\"d9df345\" data-element_type=\"widget\" data-widget_type=\"button.default\">\n\t\t\t\t<div class=\"elementor-widget-container\">\n\t\t\t\t\t\t\t\t\t<div class=\"elementor-button-wrapper\">\n\t\t\t\t\t<a class=\"elementor-button elementor-button-link elementor-size-sm\" href=\"mailto:info@imf-ag.com\">\n\t\t\t\t\t\t<span class=\"elementor-button-content-wrapper\">\n\t\t\t\t\t\t\t\t\t<span class=\"elementor-button-text\"> Contact us<\/span>\n\t\t\t\t\t<\/span>\n\t\t\t\t\t<\/a>\n\t\t\t\t<\/div>\n\t\t\t\t\t\t\t\t<\/div>\n\t\t\t\t<\/div>\n\t\t\t\t<\/div>\n\t\t\t\t<\/div>\n\t\t\t\t<\/div>\n\t\t<div class=\"elementor-element elementor-element-d6ad735 e-con-full e-flex e-con e-child\" data-id=\"d6ad735\" data-element_type=\"container\">\n\t\t<div class=\"elementor-element elementor-element-eef12db e-con-full e-flex e-con e-child\" data-id=\"eef12db\" data-element_type=\"container\" data-settings=\"{&quot;background_background&quot;:&quot;classic&quot;}\">\n\t\t\t\t<div class=\"elementor-element elementor-element-fb561e7 elementor-flip-box--effect-slide elementor-flip-box--direction-up elementor-widget elementor-widget-flip-box\" data-id=\"fb561e7\" data-element_type=\"widget\" data-widget_type=\"flip-box.default\">\n\t\t\t\t<div class=\"elementor-widget-container\">\n\t\t\t\t\t\t\t<div class=\"elementor-flip-box\" tabindex=\"0\">\n\t\t\t<div class=\"elementor-flip-box__layer elementor-flip-box__front\">\n\t\t\t\t<div class=\"elementor-flip-box__layer__overlay\">\n\t\t\t\t\t<div class=\"elementor-flip-box__layer__inner\">\n\t\t\t\t\t\t\n\t\t\t\t\t\t\n\t\t\t\t\t\t\t\t\t\t\t<\/div>\n\t\t\t\t<\/div>\n\t\t\t<\/div>\n\t\t\t<div class=\"elementor-flip-box__layer elementor-flip-box__back\">\n\t\t\t<div class=\"elementor-flip-box__layer__overlay\">\n\t\t\t\t<div class=\"elementor-flip-box__layer__inner\">\n\t\t\t\t\t\t\t\t\t\t\t<h2 class=\"elementor-flip-box__layer__title\">\n\t\t\t\t\t\t\tDipl.-Ing. Mirko Hartung\t\t\t\t\t\t<\/h2>\n\t\t\t\t\t\n\t\t\t\t\t\t\t\t\t\t\t<div class=\"elementor-flip-box__layer__description\">\n\t\t\t\t\t\t\tPreparation and development of franchise and license concepts,\n\nInvestor \/ co-investor for commercial properties \/ mixed real estate in A, B and C destinations,\n\nManagement consultant and real estate developer.\t\t\t\t\t\t<\/div>\n\t\t\t\t\t\n\t\t\t\t\t\t\t\t<\/div>\n\t\t<\/div>\n\t\t<\/div>\n\t\t<\/div>\n\t\t\t\t\t\t<\/div>\n\t\t\t\t<\/div>\n\t\t\t\t<\/div>\n\t\t<div class=\"elementor-element elementor-element-c37e1be e-con-full e-flex e-con e-child\" data-id=\"c37e1be\" data-element_type=\"container\">\n\t\t\t\t<div class=\"elementor-element elementor-element-cecdf74 elementor-widget elementor-widget-heading\" data-id=\"cecdf74\" data-element_type=\"widget\" data-widget_type=\"heading.default\">\n\t\t\t\t<div class=\"elementor-widget-container\">\n\t\t\t\t\t<h2 class=\"elementor-heading-title elementor-size-default\">Dipl.-Ing. Mirko Hartung<\/h2>\t\t\t\t<\/div>\n\t\t\t\t<\/div>\n\t\t\t\t<div class=\"elementor-element elementor-element-68e77fc elementor-widget elementor-widget-heading\" data-id=\"68e77fc\" data-element_type=\"widget\" data-widget_type=\"heading.default\">\n\t\t\t\t<div class=\"elementor-widget-container\">\n\t\t\t\t\t<h2 class=\"elementor-heading-title elementor-size-default\">Head of<\/h2>\t\t\t\t<\/div>\n\t\t\t\t<\/div>\n\t\t\t\t<div class=\"elementor-element elementor-element-a4dfe77 elementor-widget elementor-widget-heading\" data-id=\"a4dfe77\" data-element_type=\"widget\" data-widget_type=\"heading.default\">\n\t\t\t\t<div class=\"elementor-widget-container\">\n\t\t\t\t\t<h2 class=\"elementor-heading-title elementor-size-default\">Business<\/h2>\t\t\t\t<\/div>\n\t\t\t\t<\/div>\n\t\t\t\t<div class=\"elementor-element elementor-element-60a89f3 elementor-widget elementor-widget-heading\" data-id=\"60a89f3\" data-element_type=\"widget\" data-widget_type=\"heading.default\">\n\t\t\t\t<div class=\"elementor-widget-container\">\n\t\t\t\t\t<h2 class=\"elementor-heading-title elementor-size-default\">Development<\/h2>\t\t\t\t<\/div>\n\t\t\t\t<\/div>\n\t\t\t\t<div class=\"elementor-element elementor-element-9e8889f elementor-widget elementor-widget-heading\" data-id=\"9e8889f\" data-element_type=\"widget\" data-widget_type=\"heading.default\">\n\t\t\t\t<div class=\"elementor-widget-container\">\n\t\t\t\t\t<h2 class=\"elementor-heading-title elementor-size-default\">Cooperation<\/h2>\t\t\t\t<\/div>\n\t\t\t\t<\/div>\n\t\t\t\t<\/div>\n\t\t\t\t<\/div>\n\t\t\t\t<\/div>\n\t\t\t\t<\/div>","protected":false},"excerpt":{"rendered":"<p>Contact IMF Contact options Technology is our tool - dialog is our foundation. Contact If you are interested in our technology, are planning a specific project or would like to find out more about licensing models, applications or partnerships, we look forward to exchanging ideas with companies, institutions and decision-makers who want to combine sustainable protection with technological depth - talk to us - discreetly, directly [...].<\/p>","protected":false},"author":1,"featured_media":8091,"parent":0,"menu_order":0,"comment_status":"closed","ping_status":"closed","template":"","meta":{"_acf_changed":false,"iawp_total_views":435,"footnotes":""},"class_list":["post-600","page","type-page","status-publish","has-post-thumbnail","hentry"],"yoast_head":"<!-- This site is optimized with the Yoast SEO plugin v24.9 - https:\/\/yoast.com\/wordpress\/plugins\/seo\/ -->\n<title>Kontakt IMF Defense: Ihr Partner f\u00fcr Hochleistungsschutz | IMF<\/title>\n<meta name=\"description\" content=\"Nehmen Sie Kontakt auf. Wir beraten Sie gerne zu innovativen Metallschaum-L\u00f6sungen, globalen Lizenzen &amp; Kooperationen. Jetzt anfragen!\" \/>\n<meta name=\"robots\" content=\"index, follow, max-snippet:-1, max-image-preview:large, max-video-preview:-1\" \/>\n<link rel=\"canonical\" href=\"https:\/\/imf-defense.com\/en\/contact\/\" \/>\n<meta property=\"og:locale\" content=\"en_US\" \/>\n<meta property=\"og:type\" content=\"article\" \/>\n<meta property=\"og:title\" content=\"Kontakt IMF Defense: Ihr Partner f\u00fcr Hochleistungsschutz | IMF\" \/>\n<meta property=\"og:description\" content=\"Nehmen Sie Kontakt auf. Wir beraten Sie gerne zu innovativen Metallschaum-L\u00f6sungen, globalen Lizenzen &amp; Kooperationen. Jetzt anfragen!\" \/>\n<meta property=\"og:url\" content=\"https:\/\/imf-defense.com\/en\/contact\/\" \/>\n<meta property=\"og:site_name\" content=\"International Metal Foam AG\" \/>\n<meta property=\"article:modified_time\" content=\"2025-12-19T12:34:02+00:00\" \/>\n<meta property=\"og:image\" content=\"https:\/\/imf-defense.com\/wp-content\/uploads\/2025\/07\/6.jpg\" \/>\n\t<meta property=\"og:image:width\" content=\"813\" \/>\n\t<meta property=\"og:image:height\" content=\"650\" \/>\n\t<meta property=\"og:image:type\" content=\"image\/jpeg\" \/>\n<meta name=\"twitter:card\" content=\"summary_large_image\" \/>\n<meta name=\"twitter:label1\" content=\"Est. reading time\" \/>\n\t<meta name=\"twitter:data1\" content=\"1 minute\" \/>\n<script type=\"application\/ld+json\" class=\"yoast-schema-graph\">{\"@context\":\"https:\/\/schema.org\",\"@graph\":[{\"@type\":\"WebPage\",\"@id\":\"https:\/\/imf-defense.com\/kontakt\/\",\"url\":\"https:\/\/imf-defense.com\/kontakt\/\",\"name\":\"Kontakt IMF Defense: Ihr Partner f\u00fcr Hochleistungsschutz | IMF\",\"isPartOf\":{\"@id\":\"https:\/\/imf-defense.com\/#website\"},\"primaryImageOfPage\":{\"@id\":\"https:\/\/imf-defense.com\/kontakt\/#primaryimage\"},\"image\":{\"@id\":\"https:\/\/imf-defense.com\/kontakt\/#primaryimage\"},\"thumbnailUrl\":\"https:\/\/imf-defense.com\/wp-content\/uploads\/2025\/07\/6.jpg\",\"datePublished\":\"2025-03-31T11:57:12+00:00\",\"dateModified\":\"2025-12-19T12:34:02+00:00\",\"description\":\"Nehmen Sie Kontakt auf. Wir beraten Sie gerne zu innovativen Metallschaum-L\u00f6sungen, globalen Lizenzen & Kooperationen. Jetzt anfragen!\",\"breadcrumb\":{\"@id\":\"https:\/\/imf-defense.com\/kontakt\/#breadcrumb\"},\"inLanguage\":\"en-US\",\"potentialAction\":[{\"@type\":\"ReadAction\",\"target\":[\"https:\/\/imf-defense.com\/kontakt\/\"]}]},{\"@type\":\"ImageObject\",\"inLanguage\":\"en-US\",\"@id\":\"https:\/\/imf-defense.com\/kontakt\/#primaryimage\",\"url\":\"https:\/\/imf-defense.com\/wp-content\/uploads\/2025\/07\/6.jpg\",\"contentUrl\":\"https:\/\/imf-defense.com\/wp-content\/uploads\/2025\/07\/6.jpg\",\"width\":813,\"height\":650,\"caption\":\"F\u00fchrungsebene der International Metal Foam AG in der Diskussion \u00fcber globale Sicherheitsm\u00e4rkte und Lizenzvergaben\"},{\"@type\":\"BreadcrumbList\",\"@id\":\"https:\/\/imf-defense.com\/kontakt\/#breadcrumb\",\"itemListElement\":[{\"@type\":\"ListItem\",\"position\":1,\"name\":\"Startseite\",\"item\":\"https:\/\/imf-defense.com\/\"},{\"@type\":\"ListItem\",\"position\":2,\"name\":\"Kontakt\"}]},{\"@type\":\"WebSite\",\"@id\":\"https:\/\/imf-defense.com\/#website\",\"url\":\"https:\/\/imf-defense.com\/\",\"name\":\"International Metal Foam AG\",\"description\":\"\",\"potentialAction\":[{\"@type\":\"SearchAction\",\"target\":{\"@type\":\"EntryPoint\",\"urlTemplate\":\"https:\/\/imf-defense.com\/?s={search_term_string}\"},\"query-input\":{\"@type\":\"PropertyValueSpecification\",\"valueRequired\":true,\"valueName\":\"search_term_string\"}}],\"inLanguage\":\"en-US\"}]}<\/script>\n<!-- \/ Yoast SEO plugin. -->","yoast_head_json":{"title":"Kontakt IMF Defense: Ihr Partner f\u00fcr Hochleistungsschutz | IMF","description":"Nehmen Sie Kontakt auf. Wir beraten Sie gerne zu innovativen Metallschaum-L\u00f6sungen, globalen Lizenzen & Kooperationen. Jetzt anfragen!","robots":{"index":"index","follow":"follow","max-snippet":"max-snippet:-1","max-image-preview":"max-image-preview:large","max-video-preview":"max-video-preview:-1"},"canonical":"https:\/\/imf-defense.com\/en\/contact\/","og_locale":"en_US","og_type":"article","og_title":"Kontakt IMF Defense: Ihr Partner f\u00fcr Hochleistungsschutz | IMF","og_description":"Nehmen Sie Kontakt auf. Wir beraten Sie gerne zu innovativen Metallschaum-L\u00f6sungen, globalen Lizenzen & Kooperationen. Jetzt anfragen!","og_url":"https:\/\/imf-defense.com\/en\/contact\/","og_site_name":"International Metal Foam AG","article_modified_time":"2025-12-19T12:34:02+00:00","og_image":[{"width":813,"height":650,"url":"https:\/\/imf-defense.com\/wp-content\/uploads\/2025\/07\/6.jpg","type":"image\/jpeg"}],"twitter_card":"summary_large_image","twitter_misc":{"Est. reading time":"1 minute"},"schema":{"@context":"https:\/\/schema.org","@graph":[{"@type":"WebPage","@id":"https:\/\/imf-defense.com\/kontakt\/","url":"https:\/\/imf-defense.com\/kontakt\/","name":"Kontakt IMF Defense: Ihr Partner f\u00fcr Hochleistungsschutz | IMF","isPartOf":{"@id":"https:\/\/imf-defense.com\/#website"},"primaryImageOfPage":{"@id":"https:\/\/imf-defense.com\/kontakt\/#primaryimage"},"image":{"@id":"https:\/\/imf-defense.com\/kontakt\/#primaryimage"},"thumbnailUrl":"https:\/\/imf-defense.com\/wp-content\/uploads\/2025\/07\/6.jpg","datePublished":"2025-03-31T11:57:12+00:00","dateModified":"2025-12-19T12:34:02+00:00","description":"Nehmen Sie Kontakt auf. Wir beraten Sie gerne zu innovativen Metallschaum-L\u00f6sungen, globalen Lizenzen & Kooperationen. Jetzt anfragen!","breadcrumb":{"@id":"https:\/\/imf-defense.com\/kontakt\/#breadcrumb"},"inLanguage":"en-US","potentialAction":[{"@type":"ReadAction","target":["https:\/\/imf-defense.com\/kontakt\/"]}]},{"@type":"ImageObject","inLanguage":"en-US","@id":"https:\/\/imf-defense.com\/kontakt\/#primaryimage","url":"https:\/\/imf-defense.com\/wp-content\/uploads\/2025\/07\/6.jpg","contentUrl":"https:\/\/imf-defense.com\/wp-content\/uploads\/2025\/07\/6.jpg","width":813,"height":650,"caption":"F\u00fchrungsebene der International Metal Foam AG in der Diskussion \u00fcber globale Sicherheitsm\u00e4rkte und Lizenzvergaben"},{"@type":"BreadcrumbList","@id":"https:\/\/imf-defense.com\/kontakt\/#breadcrumb","itemListElement":[{"@type":"ListItem","position":1,"name":"Startseite","item":"https:\/\/imf-defense.com\/"},{"@type":"ListItem","position":2,"name":"Kontakt"}]},{"@type":"WebSite","@id":"https:\/\/imf-defense.com\/#website","url":"https:\/\/imf-defense.com\/","name":"International Metal Foam AG","description":"","potentialAction":[{"@type":"SearchAction","target":{"@type":"EntryPoint","urlTemplate":"https:\/\/imf-defense.com\/?s={search_term_string}"},"query-input":{"@type":"PropertyValueSpecification","valueRequired":true,"valueName":"search_term_string"}}],"inLanguage":"en-US"}]}},"acf":[],"_links":{"self":[{"href":"https:\/\/imf-defense.com\/en\/wp-json\/wp\/v2\/pages\/600","targetHints":{"allow":["GET"]}}],"collection":[{"href":"https:\/\/imf-defense.com\/en\/wp-json\/wp\/v2\/pages"}],"about":[{"href":"https:\/\/imf-defense.com\/en\/wp-json\/wp\/v2\/types\/page"}],"author":[{"embeddable":true,"href":"https:\/\/imf-defense.com\/en\/wp-json\/wp\/v2\/users\/1"}],"replies":[{"embeddable":true,"href":"https:\/\/imf-defense.com\/en\/wp-json\/wp\/v2\/comments?post=600"}],"version-history":[{"count":145,"href":"https:\/\/imf-defense.com\/en\/wp-json\/wp\/v2\/pages\/600\/revisions"}],"predecessor-version":[{"id":7909,"href":"https:\/\/imf-defense.com\/en\/wp-json\/wp\/v2\/pages\/600\/revisions\/7909"}],"wp:featuredmedia":[{"embeddable":true,"href":"https:\/\/imf-defense.com\/en\/wp-json\/wp\/v2\/media\/8091"}],"wp:attachment":[{"href":"https:\/\/imf-defense.com\/en\/wp-json\/wp\/v2\/media?parent=600"}],"curies":[{"name":"wp","href":"https:\/\/api.w.org\/{rel}","templated":true}]}}