{"id":6463,"date":"2025-04-24T09:56:19","date_gmt":"2025-04-24T09:56:19","guid":{"rendered":"https:\/\/imf-defense.com\/?page_id=6463"},"modified":"2025-12-19T12:51:19","modified_gmt":"2025-12-19T12:51:19","slug":"impressum","status":"publish","type":"page","link":"https:\/\/imf-defense.com\/cs\/otisk\/","title":{"rendered":"Otisk"},"content":{"rendered":"<div data-elementor-type=\"wp-page\" data-elementor-id=\"6463\" class=\"elementor elementor-6463\" data-elementor-post-type=\"page\">\n\t\t\t\t<div class=\"elementor-element elementor-element-89f9380 e-con-full e-flex e-con e-parent\" data-id=\"89f9380\" data-element_type=\"container\" data-settings=\"{&quot;background_background&quot;:&quot;classic&quot;}\">\n\t\t\t\t<\/div>\n\t\t<div class=\"elementor-element elementor-element-f875d08 e-con-full e-flex e-con e-parent\" data-id=\"f875d08\" data-element_type=\"container\">\n\t\t\t\t<div class=\"elementor-element elementor-element-4768b9e elementor-widget elementor-widget-text-editor\" data-id=\"4768b9e\" data-element_type=\"widget\" data-widget_type=\"text-editor.default\">\n\t\t\t\t<div class=\"elementor-widget-container\">\n\t\t\t\t\t\t\t\t\t<h2>Otisk<\/h2><p>International Metal Foam AG<br \/>Zeltweg 11, CH-8023 Curych<\/p><p><strong>e-mail:<\/strong> info@imf-ag.com<br \/><strong>Telefon:<\/strong> +41 44 256 16 07<br \/><strong>Webov\u00e9 str\u00e1nky:<\/strong> imf-ag.com<br \/><strong>P\u0159edstavenstvo:<\/strong> Frank Schiffer, Curych<br \/><strong>P\u0159edstavenstvo:<\/strong> Prof. Dr. Dirk Zielke, Brandenburg a. d. Havel<br \/><strong>Obchodn\u00ed rejst\u0159\u00edk:<\/strong> Obchodn\u00ed rejst\u0159\u00edk Curych<br \/><strong>\u010c\u00edslo DPH:<\/strong> CHE-106.156.173<\/p><h3>Pr\u00e1vn\u00ed informace<\/h3><p>\u0158e\u0161en\u00ed spor\u016f v EU Spot\u0159ebitel\u00e9 maj\u00ed mo\u017enost podat st\u00ed\u017enost na platform\u011b EU pro \u0159e\u0161en\u00ed spor\u016f online: <a href=\"https:\/\/ec.europa.eu\/consumers\/odr\/main\">https:\/\/ec.europa.eu\/consumers\/odr\/main<\/a> nebo pokud \u017eijete v Rakousku: <a href=\"https:\/\/europakonsument.at\">https:\/\/europakonsument.at<\/a> . St\u00ed\u017enosti m\u016f\u017eete zas\u00edlat tak\u00e9 na v\u00fd\u0161e uvedenou e-mailovou adresu.<\/p><p>Pozn\u00e1mka k \u0159e\u0161en\u00ed spor\u016f Nejsme ochotni ani povinni \u00fa\u010dastnit se \u0159\u00edzen\u00ed o \u0159e\u0161en\u00ed spor\u016f p\u0159ed spot\u0159ebitelskou rozhod\u010d\u00ed komis\u00ed.<\/p><p>Z\u0159eknut\u00ed se odpov\u011bdnosti za obsah a odkazy Sna\u017e\u00edme se obsah t\u011bchto webov\u00fdch str\u00e1nek pr\u016fb\u011b\u017en\u011b aktualizovat a spr\u00e1vn\u011b prezentovat. P\u0159esto nezaru\u010dujeme p\u0159esnost, \u00faplnost a aktu\u00e1lnost poskytovan\u00fdch informac\u00ed, zejm\u00e9na t\u011bch, kter\u00e9 poch\u00e1zej\u00ed od t\u0159et\u00edch stran. Vyhrazujeme si pr\u00e1vo m\u011bnit, dopl\u0148ovat nebo odstra\u0148ovat obsah bez p\u0159edchoz\u00edho upozorn\u011bn\u00ed.<\/p><p>Na\u0161e webov\u00e9 str\u00e1nky obsahuj\u00ed odkazy na extern\u00ed webov\u00e9 str\u00e1nky t\u0159et\u00edch stran, na jejich\u017e obsah nem\u00e1me \u017e\u00e1dn\u00fd vliv. Za obsah odkazovan\u00fdch str\u00e1nek je v\u017edy zodpov\u011bdn\u00fd p\u0159\u00edslu\u0161n\u00fd poskytovatel nebo provozovatel str\u00e1nek. V dob\u011b odkazov\u00e1n\u00ed nebyl rozpozn\u00e1n \u017e\u00e1dn\u00fd nez\u00e1konn\u00fd obsah. Trval\u00e1 kontrola obsahu odkazovan\u00fdch str\u00e1nek v\u0161ak nen\u00ed bez konkr\u00e9tn\u00edch d\u016fkaz\u016f o protipr\u00e1vn\u00edm jedn\u00e1n\u00ed \u00fa\u010deln\u00e1. Pokud se dozv\u00edme o jak\u00e9mkoli poru\u0161en\u00ed pr\u00e1vn\u00edch p\u0159edpis\u016f, budou takov\u00e9 odkazy okam\u017eit\u011b odstran\u011bny.<\/p><p>Upozorn\u011bn\u00ed na autorsk\u00e1 pr\u00e1va Obsah zve\u0159ejn\u011bn\u00fd na t\u011bchto webov\u00fdch str\u00e1nk\u00e1ch, v\u010detn\u011b grafiky, obr\u00e1zk\u016f, fotografi\u00ed, text\u016f a vide\u00ed (d\u00e1le jen \"obsah\"), podl\u00e9h\u00e1 autorsk\u00fdm pr\u00e1v\u016fm. Sna\u017e\u00edme se pou\u017e\u00edvat pouze obsah, kter\u00fd jsme sami vytvo\u0159ili, nebo vyu\u017e\u00edvat materi\u00e1ly bez licence a dodr\u017eovat platn\u00e9 z\u00e1kony o autorsk\u00fdch pr\u00e1vech.<\/p><p>Licence na n\u011bkter\u00e9 grafick\u00e9 prvky, obr\u00e1zky a fotografie pou\u017eit\u00e9 na t\u011bchto webov\u00fdch str\u00e1nk\u00e1ch byly z\u00edsk\u00e1ny od extern\u00edch poskytovatel\u016f. Jak\u00e9koli pou\u017eit\u00ed tohoto licencovan\u00e9ho obsahu podl\u00e9h\u00e1 p\u0159\u00edslu\u0161n\u00fdm licen\u010dn\u00edm podm\u00ednk\u00e1m. Jak\u00e9koli dal\u0161\u00ed pou\u017eit\u00ed, kop\u00edrov\u00e1n\u00ed, zpracov\u00e1n\u00ed nebo \u0161\u00ed\u0159en\u00ed tohoto obsahu nen\u00ed bez na\u0161eho v\u00fdslovn\u00e9ho souhlasu a bez dodr\u017een\u00ed p\u0159\u00edslu\u0161n\u00fdch licen\u010dn\u00edch podm\u00ednek povoleno.<\/p><p>N\u00e1mi vytvo\u0159en\u00fd obsah t\u011bchto webov\u00fdch str\u00e1nek nesm\u00ed b\u00fdt bez p\u0159edchoz\u00edho p\u00edsemn\u00e9ho souhlasu reprodukov\u00e1n, upravov\u00e1n, \u0161\u00ed\u0159en ani jinak vyu\u017e\u00edv\u00e1n.<\/p><p>Obsah t\u0159et\u00edch stran je jako takov\u00fd ozna\u010den, pokud nepoch\u00e1z\u00ed od n\u00e1s. Pokud se p\u0159esto dozv\u00edte o mo\u017en\u00e9m poru\u0161en\u00ed autorsk\u00fdch pr\u00e1v, neprodlen\u011b n\u00e1s informujte. Pokud se o poru\u0161en\u00ed dozv\u00edme, p\u0159\u00edslu\u0161n\u00fd obsah okam\u017eit\u011b odstran\u00edme.<\/p>\t\t\t\t\t\t\t\t<\/div>\n\t\t\t\t<\/div>\n\t\t\t\t<\/div>\n\t\t\t\t<\/div>","protected":false},"excerpt":{"rendered":"<p>Impressum International Metal Foam AGZeltweg 11, CH-8023 Z\u00fcrich E-Mail: info@imf-ag.comTelefon: +41 44 256 16 07Website: imf-ag.comVerwaltungsrat: Frank Schiffer, Z\u00fcrichVerwaltungsrat: Prof. Dr.-Ing. Dirk Zielke, Brandenburg a. d. HavelHandelsregister: Handelsregister Z\u00fcrichUID-Nummer: CHE-106.156.173 Rechtliche Hinweise EU-Streitschlichtung Verbraucher haben die M\u00f6glichkeit, Beschwerden an die Online-Streitbeilegungsplattform der EU zu richten: https:\/\/ec.europa.eu\/consumers\/odr\/main oder ggf. wenn Sie in \u00d6sterreich leben: https:\/\/europakonsument.at . [&hellip;]<\/p>","protected":false},"author":1,"featured_media":0,"parent":0,"menu_order":0,"comment_status":"closed","ping_status":"closed","template":"","meta":{"_acf_changed":false,"iawp_total_views":163,"footnotes":""},"class_list":["post-6463","page","type-page","status-publish","hentry"],"yoast_head":"<!-- This site is optimized with the Yoast SEO plugin v24.9 - https:\/\/yoast.com\/wordpress\/plugins\/seo\/ -->\n<title>Rechtliche Angaben &amp; Kontakt | IMF Defense<\/title>\n<meta name=\"description\" content=\"Impressum: Hier finden Sie alle rechtlichen Angaben, Handelsregistereintrag, Vertretungsberechtigte und Kontaktm\u00f6glichkeiten in Z\u00fcrich.\" \/>\n<meta name=\"robots\" content=\"index, follow, max-snippet:-1, max-image-preview:large, max-video-preview:-1\" \/>\n<link rel=\"canonical\" href=\"https:\/\/imf-defense.com\/cs\/otisk\/\" \/>\n<meta property=\"og:locale\" content=\"cs_CZ\" \/>\n<meta property=\"og:type\" content=\"article\" \/>\n<meta property=\"og:title\" content=\"Rechtliche Angaben &amp; Kontakt | IMF Defense\" \/>\n<meta property=\"og:description\" content=\"Impressum: Hier finden Sie alle rechtlichen Angaben, Handelsregistereintrag, Vertretungsberechtigte und Kontaktm\u00f6glichkeiten in Z\u00fcrich.\" \/>\n<meta property=\"og:url\" content=\"https:\/\/imf-defense.com\/cs\/otisk\/\" \/>\n<meta property=\"og:site_name\" content=\"International Metal Foam AG\" \/>\n<meta property=\"article:modified_time\" content=\"2025-12-19T12:51:19+00:00\" \/>\n<meta name=\"twitter:card\" content=\"summary_large_image\" \/>\n<meta name=\"twitter:label1\" content=\"Odhadovan\u00e1 doba \u010dten\u00ed\" \/>\n\t<meta name=\"twitter:data1\" content=\"2 minuty\" \/>\n<script type=\"application\/ld+json\" class=\"yoast-schema-graph\">{\"@context\":\"https:\/\/schema.org\",\"@graph\":[{\"@type\":\"WebPage\",\"@id\":\"https:\/\/imf-defense.com\/impressum\/\",\"url\":\"https:\/\/imf-defense.com\/impressum\/\",\"name\":\"Rechtliche Angaben & Kontakt | IMF Defense\",\"isPartOf\":{\"@id\":\"https:\/\/imf-defense.com\/#website\"},\"datePublished\":\"2025-04-24T09:56:19+00:00\",\"dateModified\":\"2025-12-19T12:51:19+00:00\",\"description\":\"Impressum: Hier finden Sie alle rechtlichen Angaben, Handelsregistereintrag, Vertretungsberechtigte und Kontaktm\u00f6glichkeiten in Z\u00fcrich.\",\"breadcrumb\":{\"@id\":\"https:\/\/imf-defense.com\/impressum\/#breadcrumb\"},\"inLanguage\":\"cs\",\"potentialAction\":[{\"@type\":\"ReadAction\",\"target\":[\"https:\/\/imf-defense.com\/impressum\/\"]}]},{\"@type\":\"BreadcrumbList\",\"@id\":\"https:\/\/imf-defense.com\/impressum\/#breadcrumb\",\"itemListElement\":[{\"@type\":\"ListItem\",\"position\":1,\"name\":\"Startseite\",\"item\":\"https:\/\/imf-defense.com\/\"},{\"@type\":\"ListItem\",\"position\":2,\"name\":\"Impressum\"}]},{\"@type\":\"WebSite\",\"@id\":\"https:\/\/imf-defense.com\/#website\",\"url\":\"https:\/\/imf-defense.com\/\",\"name\":\"International Metal Foam AG\",\"description\":\"\",\"potentialAction\":[{\"@type\":\"SearchAction\",\"target\":{\"@type\":\"EntryPoint\",\"urlTemplate\":\"https:\/\/imf-defense.com\/?s={search_term_string}\"},\"query-input\":{\"@type\":\"PropertyValueSpecification\",\"valueRequired\":true,\"valueName\":\"search_term_string\"}}],\"inLanguage\":\"cs\"}]}<\/script>\n<!-- \/ Yoast SEO plugin. -->","yoast_head_json":{"title":"Rechtliche Angaben & Kontakt | IMF Defense","description":"Impressum: Hier finden Sie alle rechtlichen Angaben, Handelsregistereintrag, Vertretungsberechtigte und Kontaktm\u00f6glichkeiten in Z\u00fcrich.","robots":{"index":"index","follow":"follow","max-snippet":"max-snippet:-1","max-image-preview":"max-image-preview:large","max-video-preview":"max-video-preview:-1"},"canonical":"https:\/\/imf-defense.com\/cs\/otisk\/","og_locale":"cs_CZ","og_type":"article","og_title":"Rechtliche Angaben & Kontakt | IMF Defense","og_description":"Impressum: Hier finden Sie alle rechtlichen Angaben, Handelsregistereintrag, Vertretungsberechtigte und Kontaktm\u00f6glichkeiten in Z\u00fcrich.","og_url":"https:\/\/imf-defense.com\/cs\/otisk\/","og_site_name":"International Metal Foam AG","article_modified_time":"2025-12-19T12:51:19+00:00","twitter_card":"summary_large_image","twitter_misc":{"Odhadovan\u00e1 doba \u010dten\u00ed":"2 minuty"},"schema":{"@context":"https:\/\/schema.org","@graph":[{"@type":"WebPage","@id":"https:\/\/imf-defense.com\/impressum\/","url":"https:\/\/imf-defense.com\/impressum\/","name":"Rechtliche Angaben & Kontakt | IMF Defense","isPartOf":{"@id":"https:\/\/imf-defense.com\/#website"},"datePublished":"2025-04-24T09:56:19+00:00","dateModified":"2025-12-19T12:51:19+00:00","description":"Impressum: Hier finden Sie alle rechtlichen Angaben, Handelsregistereintrag, Vertretungsberechtigte und Kontaktm\u00f6glichkeiten in Z\u00fcrich.","breadcrumb":{"@id":"https:\/\/imf-defense.com\/impressum\/#breadcrumb"},"inLanguage":"cs","potentialAction":[{"@type":"ReadAction","target":["https:\/\/imf-defense.com\/impressum\/"]}]},{"@type":"BreadcrumbList","@id":"https:\/\/imf-defense.com\/impressum\/#breadcrumb","itemListElement":[{"@type":"ListItem","position":1,"name":"Startseite","item":"https:\/\/imf-defense.com\/"},{"@type":"ListItem","position":2,"name":"Impressum"}]},{"@type":"WebSite","@id":"https:\/\/imf-defense.com\/#website","url":"https:\/\/imf-defense.com\/","name":"International Metal Foam AG","description":"","potentialAction":[{"@type":"SearchAction","target":{"@type":"EntryPoint","urlTemplate":"https:\/\/imf-defense.com\/?s={search_term_string}"},"query-input":{"@type":"PropertyValueSpecification","valueRequired":true,"valueName":"search_term_string"}}],"inLanguage":"cs"}]}},"acf":[],"_links":{"self":[{"href":"https:\/\/imf-defense.com\/cs\/wp-json\/wp\/v2\/pages\/6463","targetHints":{"allow":["GET"]}}],"collection":[{"href":"https:\/\/imf-defense.com\/cs\/wp-json\/wp\/v2\/pages"}],"about":[{"href":"https:\/\/imf-defense.com\/cs\/wp-json\/wp\/v2\/types\/page"}],"author":[{"embeddable":true,"href":"https:\/\/imf-defense.com\/cs\/wp-json\/wp\/v2\/users\/1"}],"replies":[{"embeddable":true,"href":"https:\/\/imf-defense.com\/cs\/wp-json\/wp\/v2\/comments?post=6463"}],"version-history":[{"count":25,"href":"https:\/\/imf-defense.com\/cs\/wp-json\/wp\/v2\/pages\/6463\/revisions"}],"predecessor-version":[{"id":7935,"href":"https:\/\/imf-defense.com\/cs\/wp-json\/wp\/v2\/pages\/6463\/revisions\/7935"}],"wp:attachment":[{"href":"https:\/\/imf-defense.com\/cs\/wp-json\/wp\/v2\/media?parent=6463"}],"curies":[{"name":"wp","href":"https:\/\/api.w.org\/{rel}","templated":true}]}}