{"id":6463,"date":"2025-04-24T09:56:19","date_gmt":"2025-04-24T09:56:19","guid":{"rendered":"https:\/\/imf-defense.com\/?page_id=6463"},"modified":"2025-12-19T12:51:19","modified_gmt":"2025-12-19T12:51:19","slug":"impressum","status":"publish","type":"page","link":"https:\/\/imf-defense.com\/bn\/%e0%a6%9b%e0%a6%be%e0%a6%aa\/","title":{"rendered":"\u099b\u09be\u09aa"},"content":{"rendered":"<div data-elementor-type=\"wp-page\" data-elementor-id=\"6463\" class=\"elementor elementor-6463\" data-elementor-post-type=\"page\">\n\t\t\t\t<div class=\"elementor-element elementor-element-89f9380 e-con-full e-flex e-con e-parent\" data-id=\"89f9380\" data-element_type=\"container\" data-settings=\"{&quot;background_background&quot;:&quot;classic&quot;}\">\n\t\t\t\t<\/div>\n\t\t<div class=\"elementor-element elementor-element-f875d08 e-con-full e-flex e-con e-parent\" data-id=\"f875d08\" data-element_type=\"container\">\n\t\t\t\t<div class=\"elementor-element elementor-element-4768b9e elementor-widget elementor-widget-text-editor\" data-id=\"4768b9e\" data-element_type=\"widget\" data-widget_type=\"text-editor.default\">\n\t\t\t\t<div class=\"elementor-widget-container\">\n\t\t\t\t\t\t\t\t\t<h2>\u099b\u09be\u09aa<\/h2><p>\u0986\u09a8\u09cd\u09a4\u09b0\u09cd\u099c\u09be\u09a4\u09bf\u0995 \u09a7\u09be\u09a4\u09ac \u09ab\u09cb\u09ae \u098f\u099c\u09bf<br \/>Zeltweg 11, CH-8023 Z\u00fcrich<\/p><p><strong>\u0987-\u09ae\u09c7\u0987\u09b2:<\/strong> info@imf-ag.com \u09b8\u09ae\u09cd\u09aa\u09b0\u09cd\u0995\u09c7<br \/><strong>\u09ab\u09cb\u09a8:<\/strong> +41 44 256 16 07<br \/><strong>\u0993\u09af\u09bc\u09c7\u09ac\u09b8\u09be\u0987\u099f:<\/strong> imf-ag.com \u09b8\u09ae\u09cd\u09aa\u09b0\u09cd\u0995\u09c7<br \/><strong>\u09aa\u09b0\u09bf\u099a\u09be\u09b2\u09a8\u09be \u09aa\u09b0\u09cd\u09b7\u09a6:<\/strong> \u09ab\u09cd\u09b0\u09cd\u09af\u09be\u0999\u09cd\u0995 \u09b6\u09bf\u09ab\u09be\u09b0, \u099c\u09c1\u09b0\u09bf\u0996<br \/><strong>\u09aa\u09b0\u09bf\u099a\u09be\u09b2\u09a8\u09be \u09aa\u09b0\u09cd\u09b7\u09a6:<\/strong> \u09aa\u09cd\u09b0\u09ab\u09c7\u09b8\u09b0 \u09a1.-\u0987\u0982. \u09a1\u09be\u09b0\u09cd\u0995 \u099c\u09bf\u09b2\u09cd\u0995\u09c7, \u09ac\u09cd\u09b0\u09cd\u09af\u09be\u09a8\u09cd\u09a1\u09c7\u09a8\u09ac\u09be\u09b0\u09cd\u0997 \u098f\u09ac\u0982 \u09a1\u09c7\u09b0 \u09b9\u09cd\u09af\u09be\u09ad\u09c7\u09b2<br \/><strong>\u09ac\u09be\u09a3\u09bf\u099c\u09cd\u09af\u09bf\u0995 \u09a8\u09bf\u09ac\u09a8\u09cd\u09a7\u09a8:<\/strong> \u09ac\u09be\u09a3\u09bf\u099c\u09cd\u09af\u09bf\u0995 \u09b0\u09c7\u099c\u09bf\u09b8\u09cd\u099f\u09be\u09b0 \u099c\u09c1\u09b0\u09bf\u0996<br \/><strong>\u09ad\u09cd\u09af\u09be\u099f \u09a8\u09ae\u09cd\u09ac\u09b0:<\/strong> CHE-106.156.173 \u09b8\u09ae\u09cd\u09aa\u09b0\u09cd\u0995\u09c7<\/p><h3>\u0986\u0987\u09a8\u09bf \u09a8\u09cb\u099f\u09bf\u09b6<\/h3><p>\u0987\u0987\u0989 \u09ac\u09bf\u09b0\u09cb\u09a7 \u09a8\u09bf\u09b7\u09cd\u09aa\u09a4\u09cd\u09a4\u09bf \u0997\u09cd\u09b0\u09be\u09b9\u0995\u09a6\u09c7\u09b0 \u0987\u0987\u0989 \u0985\u09a8\u09b2\u09be\u0987\u09a8 \u09ac\u09bf\u09b0\u09cb\u09a7 \u09a8\u09bf\u09b7\u09cd\u09aa\u09a4\u09cd\u09a4\u09bf \u09aa\u09cd\u09b2\u09cd\u09af\u09be\u099f\u09ab\u09b0\u09cd\u09ae\u09c7 \u0985\u09ad\u09bf\u09af\u09cb\u0997 \u099c\u09ae\u09be \u09a6\u09c7\u0993\u09af\u09bc\u09be\u09b0 \u09b8\u09c1\u09af\u09cb\u0997 \u09b0\u09af\u09bc\u09c7\u099b\u09c7: <a href=\"https:\/\/ec.europa.eu\/consumers\/odr\/main\">https:\/\/ec.europa.eu\/consumers\/odr\/main<\/a> \u0985\u09a5\u09ac\u09be \u0986\u09aa\u09a8\u09bf \u09af\u09a6\u09bf \u0985\u09b8\u09cd\u099f\u09cd\u09b0\u09bf\u09af\u09bc\u09be\u09af\u09bc \u09a5\u09be\u0995\u09c7\u09a8: <a href=\"https:\/\/europakonsument.at\">https:\/\/europakonsument.at<\/a> \u0986\u09aa\u09a8\u09bf \u0989\u09aa\u09b0\u09c7 \u09aa\u09cd\u09b0\u09a6\u09a4\u09cd\u09a4 \u0987\u09ae\u09c7\u09b2 \u09a0\u09bf\u0995\u09be\u09a8\u09be\u09af\u09bc \u09af\u09c7\u0995\u09cb\u09a8\u09cb \u0985\u09ad\u09bf\u09af\u09cb\u0997 \u09aa\u09be\u09a0\u09be\u09a4\u09c7 \u09aa\u09be\u09b0\u09c7\u09a8\u0964<\/p><p>\u09ac\u09bf\u09b0\u09cb\u09a7 \u09a8\u09bf\u09b7\u09cd\u09aa\u09a4\u09cd\u09a4\u09bf\u09b0 \u09ac\u09bf\u09b7\u09af\u09bc\u09c7 \u09a8\u09cb\u099f \u0986\u09ae\u09b0\u09be \u0995\u09cb\u09a8\u0993 \u09ad\u09cb\u0995\u09cd\u09a4\u09be \u09b8\u09be\u09b2\u09bf\u09b6 \u09ac\u09cb\u09b0\u09cd\u09a1\u09c7\u09b0 \u09b8\u09be\u09ae\u09a8\u09c7 \u09ac\u09bf\u09b0\u09cb\u09a7 \u09a8\u09bf\u09b7\u09cd\u09aa\u09a4\u09cd\u09a4\u09bf\u09b0 \u0995\u09be\u09b0\u09cd\u09af\u0995\u09cd\u09b0\u09ae\u09c7 \u0985\u0982\u09b6\u0997\u09cd\u09b0\u09b9\u09a3 \u0995\u09b0\u09a4\u09c7 \u0987\u099a\u09cd\u099b\u09c1\u0995 \u09ac\u09be \u09ac\u09be\u09a7\u09cd\u09af \u09a8\u0987\u0964<\/p><p>\u0995\u09a8\u09cd\u099f\u09c7\u09a8\u09cd\u099f \u098f\u09ac\u0982 \u09b2\u09bf\u0999\u09cd\u0995\u09c7\u09b0 \u099c\u09a8\u09cd\u09af \u09a6\u09be\u09ac\u09bf\u09a4\u09cd\u09af\u09be\u0997 \u0986\u09ae\u09b0\u09be \u098f\u0987 \u0993\u09af\u09bc\u09c7\u09ac\u09b8\u09be\u0987\u099f\u09c7 \u09aa\u09cd\u09b0\u09a6\u09a4\u09cd\u09a4 \u0995\u09a8\u09cd\u099f\u09c7\u09a8\u09cd\u099f \u0995\u09cd\u09b0\u09ae\u09be\u0997\u09a4 \u0986\u09aa\u09a1\u09c7\u099f \u098f\u09ac\u0982 \u09b8\u09a0\u09bf\u0995\u09ad\u09be\u09ac\u09c7 \u0989\u09aa\u09b8\u09cd\u09a5\u09be\u09aa\u09a8 \u0995\u09b0\u09be\u09b0 \u099a\u09c7\u09b7\u09cd\u099f\u09be \u0995\u09b0\u09bf\u0964 \u09a4\u09ac\u09c7, \u09aa\u09cd\u09b0\u09a6\u09a4\u09cd\u09a4 \u09a4\u09a5\u09cd\u09af\u09c7\u09b0 \u09a8\u09bf\u09b0\u09cd\u09ad\u09c1\u09b2\u09a4\u09be, \u09b8\u09ae\u09cd\u09aa\u09c2\u09b0\u09cd\u09a3\u09a4\u09be \u09ac\u09be \u09b8\u09ae\u09af\u09bc\u09cb\u09aa\u09af\u09cb\u0997\u09c0\u09a4\u09be\u09b0 \u099c\u09a8\u09cd\u09af \u0986\u09ae\u09b0\u09be \u0995\u09cb\u09a8\u0993 \u09a6\u09be\u09af\u09bc\u09ac\u09a6\u09cd\u09a7\u09a4\u09be \u0997\u09cd\u09b0\u09b9\u09a3 \u0995\u09b0\u09bf \u09a8\u09be, \u09ac\u09bf\u09b6\u09c7\u09b7 \u0995\u09b0\u09c7 \u09a4\u09c3\u09a4\u09c0\u09af\u09bc \u09aa\u0995\u09cd\u09b7\u09c7\u09b0 \u09a6\u09cd\u09ac\u09be\u09b0\u09be \u09aa\u09cd\u09b0\u09a6\u09a4\u09cd\u09a4 \u09a4\u09a5\u09cd\u09af\u09c7\u09b0 \u099c\u09a8\u09cd\u09af\u0964 \u0986\u09ae\u09b0\u09be \u09aa\u09c2\u09b0\u09cd\u09ac \u09a8\u09cb\u099f\u09bf\u09b6 \u099b\u09be\u09a1\u09bc\u09be\u0987 \u0995\u09a8\u09cd\u099f\u09c7\u09a8\u09cd\u099f \u09aa\u09b0\u09bf\u09ac\u09b0\u09cd\u09a4\u09a8, \u09af\u09cb\u0997 \u09ac\u09be \u0985\u09aa\u09b8\u09be\u09b0\u09a3\u09c7\u09b0 \u0985\u09a7\u09bf\u0995\u09be\u09b0 \u09b8\u0982\u09b0\u0995\u09cd\u09b7\u09a3 \u0995\u09b0\u09bf\u0964<\/p><p>\u0986\u09ae\u09be\u09a6\u09c7\u09b0 \u0993\u09af\u09bc\u09c7\u09ac\u09b8\u09be\u0987\u099f\u09c7 \u09ac\u09b9\u09bf\u09b0\u09be\u0997\u09a4 \u09a4\u09c3\u09a4\u09c0\u09af\u09bc \u09aa\u0995\u09cd\u09b7\u09c7\u09b0 \u0993\u09af\u09bc\u09c7\u09ac\u09b8\u09be\u0987\u099f\u09c7\u09b0 \u09b2\u09bf\u0999\u09cd\u0995 \u09b0\u09af\u09bc\u09c7\u099b\u09c7 \u09af\u09be\u09a6\u09c7\u09b0 \u0995\u09a8\u09cd\u099f\u09c7\u09a8\u09cd\u099f\u09c7\u09b0 \u0989\u09aa\u09b0 \u0986\u09ae\u09be\u09a6\u09c7\u09b0 \u0995\u09cb\u09a8\u0993 \u09aa\u09cd\u09b0\u09ad\u09be\u09ac \u09a8\u09c7\u0987\u0964 \u09b2\u09bf\u0999\u09cd\u0995 \u0995\u09b0\u09be \u09aa\u09c3\u09b7\u09cd\u09a0\u09be\u0997\u09c1\u09b2\u09bf\u09b0 \u09b8\u0982\u09b6\u09cd\u09b2\u09bf\u09b7\u09cd\u099f \u09b8\u09b0\u09ac\u09b0\u09be\u09b9\u0995\u09be\u09b0\u09c0 \u09ac\u09be \u0985\u09aa\u09be\u09b0\u09c7\u099f\u09b0 \u09b8\u09b0\u09cd\u09ac\u09a6\u09be \u09b2\u09bf\u0999\u09cd\u0995 \u0995\u09b0\u09be \u09aa\u09c3\u09b7\u09cd\u09a0\u09be\u0997\u09c1\u09b2\u09bf\u09b0 \u0995\u09a8\u09cd\u099f\u09c7\u09a8\u09cd\u099f\u09c7\u09b0 \u099c\u09a8\u09cd\u09af \u09a6\u09be\u09af\u09bc\u09c0\u0964 \u09b2\u09bf\u0999\u09cd\u0995 \u0995\u09b0\u09be\u09b0 \u09b8\u09ae\u09af\u09bc, \u0995\u09cb\u09a8\u0993 \u0985\u09ac\u09c8\u09a7 \u0995\u09a8\u09cd\u099f\u09c7\u09a8\u09cd\u099f \u09b8\u09cd\u09aa\u09b7\u09cd\u099f \u099b\u09bf\u09b2 \u09a8\u09be\u0964 \u09a4\u09ac\u09c7, \u0986\u0987\u09a8\u09bf \u09b2\u0999\u09cd\u0998\u09a8\u09c7\u09b0 \u09b8\u09c1\u09a8\u09bf\u09b0\u09cd\u09a6\u09bf\u09b7\u09cd\u099f \u09aa\u09cd\u09b0\u09ae\u09be\u09a3 \u099b\u09be\u09a1\u09bc\u09be \u09b2\u09bf\u0999\u09cd\u0995 \u0995\u09b0\u09be \u09aa\u09c3\u09b7\u09cd\u09a0\u09be\u0997\u09c1\u09b2\u09bf\u09b0 \u0995\u09a8\u09cd\u099f\u09c7\u09a8\u09cd\u099f\u09c7\u09b0 \u09b8\u09cd\u09a5\u09be\u09af\u09bc\u09c0 \u09aa\u09b0\u09cd\u09af\u09ac\u09c7\u0995\u09cd\u09b7\u09a3 \u0985\u09af\u09cc\u0995\u09cd\u09a4\u09bf\u0995\u0964 \u0995\u09cb\u09a8\u0993 \u0986\u0987\u09a8\u09bf \u09b2\u0999\u09cd\u0998\u09a8\u09c7\u09b0 \u09ac\u09bf\u099c\u09cd\u099e\u09aa\u09cd\u09a4\u09bf \u09aa\u09be\u0993\u09af\u09bc\u09be\u09b0 \u09aa\u09b0, \u098f\u0987 \u09a7\u09b0\u09a8\u09c7\u09b0 \u09b2\u09bf\u0999\u09cd\u0995\u0997\u09c1\u09b2\u09bf \u0985\u09ac\u09bf\u09b2\u09ae\u09cd\u09ac\u09c7 \u09b8\u09b0\u09bf\u09af\u09bc\u09c7 \u09ab\u09c7\u09b2\u09be \u09b9\u09ac\u09c7\u0964<\/p><p>\u0995\u09aa\u09bf\u09b0\u09be\u0987\u099f \u09ac\u09bf\u099c\u09cd\u099e\u09aa\u09cd\u09a4\u09bf: \u098f\u0987 \u0993\u09af\u09bc\u09c7\u09ac\u09b8\u09be\u0987\u099f\u09c7 \u09aa\u09cd\u09b0\u0995\u09be\u09b6\u09bf\u09a4 \u0997\u09cd\u09b0\u09be\u09ab\u09bf\u0995\u09cd\u09b8, \u099b\u09ac\u09bf, \u099b\u09ac\u09bf, \u09b2\u09c7\u0996\u09be \u098f\u09ac\u0982 \u09ad\u09bf\u09a1\u09bf\u0993 (\u098f\u09b0\u09aa\u09b0 \u09a5\u09c7\u0995\u09c7 &quot;\u09ac\u09bf\u09b7\u09af\u09bc\u09ac\u09b8\u09cd\u09a4\u09c1&quot; \u09b9\u09bf\u09b8\u09be\u09ac\u09c7 \u0989\u09b2\u09cd\u09b2\u09c7\u0996 \u0995\u09b0\u09be \u09b9\u09af\u09bc\u09c7\u099b\u09c7) \u09b8\u09b9 \u09b8\u09ae\u09b8\u09cd\u09a4 \u09b8\u09be\u09ae\u0997\u09cd\u09b0\u09c0 \u0995\u09aa\u09bf\u09b0\u09be\u0987\u099f \u09b8\u09be\u09aa\u09c7\u0995\u09cd\u09b7\u09c7\u0964 \u0986\u09ae\u09b0\u09be \u09aa\u09cd\u09b0\u09af\u09cb\u099c\u09cd\u09af \u0995\u09aa\u09bf\u09b0\u09be\u0987\u099f \u0986\u0987\u09a8\u0995\u09c7 \u09b8\u09ae\u09cd\u09ae\u09be\u09a8 \u0995\u09b0\u09c7 \u0995\u09c7\u09ac\u09b2 \u09b8\u09cd\u09ac-\u09a8\u09bf\u09b0\u09cd\u09ae\u09bf\u09a4 \u09b8\u09be\u09ae\u0997\u09cd\u09b0\u09c0 \u09ac\u09be \u09b2\u09be\u0987\u09b8\u09c7\u09a8\u09cd\u09b8-\u09ae\u09c1\u0995\u09cd\u09a4 \u09b8\u09be\u09ae\u0997\u09cd\u09b0\u09c0 \u09ac\u09cd\u09af\u09ac\u09b9\u09be\u09b0 \u0995\u09b0\u09be\u09b0 \u099a\u09c7\u09b7\u09cd\u099f\u09be \u0995\u09b0\u09bf\u0964<\/p><p>\u098f\u0987 \u0993\u09af\u09bc\u09c7\u09ac\u09b8\u09be\u0987\u099f\u09c7 \u09ac\u09cd\u09af\u09ac\u09b9\u09c3\u09a4 \u0995\u09bf\u099b\u09c1 \u0997\u09cd\u09b0\u09be\u09ab\u09bf\u0995\u09cd\u09b8, \u099b\u09ac\u09bf \u098f\u09ac\u0982 \u099b\u09ac\u09bf\u09b0 \u09b2\u09be\u0987\u09b8\u09c7\u09a8\u09cd\u09b8 \u09ac\u09b9\u09bf\u09b0\u09be\u0997\u09a4 \u09b8\u09b0\u09ac\u09b0\u09be\u09b9\u0995\u09be\u09b0\u09c0\u09a6\u09c7\u09b0 \u09ae\u09be\u09a7\u09cd\u09af\u09ae\u09c7 \u0985\u09b0\u09cd\u099c\u09bf\u09a4 \u09b9\u09af\u09bc\u09c7\u099b\u09c7\u0964 \u098f\u0987 \u09b2\u09be\u0987\u09b8\u09c7\u09a8\u09cd\u09b8\u09aa\u09cd\u09b0\u09be\u09aa\u09cd\u09a4 \u09b8\u09be\u09ae\u0997\u09cd\u09b0\u09c0\u09b0 \u09af\u09c7\u0995\u09cb\u09a8\u09cb \u09ac\u09cd\u09af\u09ac\u09b9\u09be\u09b0 \u09b8\u0982\u09b6\u09cd\u09b2\u09bf\u09b7\u09cd\u099f \u09b2\u09be\u0987\u09b8\u09c7\u09a8\u09cd\u09b8\u09c7\u09b0 \u09b6\u09b0\u09cd\u09a4\u09be\u09ac\u09b2\u09c0 \u09b8\u09be\u09aa\u09c7\u0995\u09cd\u09b7\u09c7\u0964 \u0986\u09ae\u09be\u09a6\u09c7\u09b0 \u09b8\u09cd\u09aa\u09b7\u09cd\u099f \u09b8\u09ae\u09cd\u09ae\u09a4\u09bf \u099b\u09be\u09a1\u09bc\u09be \u098f\u09ac\u0982 \u09aa\u09cd\u09b0\u09af\u09cb\u099c\u09cd\u09af \u09b2\u09be\u0987\u09b8\u09c7\u09a8\u09cd\u09b8\u09c7\u09b0 \u09b6\u09b0\u09cd\u09a4\u09be\u09ac\u09b2\u09c0 \u09ae\u09c7\u09a8\u09c7 \u09a8\u09be \u099a\u09b2\u09b2\u09c7 \u098f\u0987 \u09b8\u09be\u09ae\u0997\u09cd\u09b0\u09c0\u09b0 \u09aa\u09c1\u09a8\u0983\u09ac\u09cd\u09af\u09ac\u09b9\u09be\u09b0, \u09aa\u09c1\u09a8\u09b0\u09c1\u09ce\u09aa\u09be\u09a6\u09a8, \u09b8\u09ae\u09cd\u09aa\u09be\u09a6\u09a8\u09be \u09ac\u09be \u09ac\u09bf\u09a4\u09b0\u09a3 \u0985\u09a8\u09c1\u09ae\u09cb\u09a6\u09bf\u09a4 \u09a8\u09af\u09bc\u0964<\/p><p>\u0986\u09ae\u09be\u09a6\u09c7\u09b0 \u09a6\u09cd\u09ac\u09be\u09b0\u09be \u09a4\u09c8\u09b0\u09bf \u098f\u0987 \u0993\u09af\u09bc\u09c7\u09ac\u09b8\u09be\u0987\u099f\u09c7\u09b0 \u09ac\u09bf\u09b7\u09af\u09bc\u09ac\u09b8\u09cd\u09a4\u09c1 \u09aa\u09c2\u09b0\u09cd\u09ac \u09b2\u09bf\u0996\u09bf\u09a4 \u0985\u09a8\u09c1\u09ae\u09a4\u09bf \u099b\u09be\u09a1\u09bc\u09be \u09aa\u09c1\u09a8\u09b0\u09c1\u09a4\u09cd\u09aa\u09be\u09a6\u09a8, \u09b8\u09ae\u09cd\u09aa\u09be\u09a6\u09a8\u09be, \u09ac\u09bf\u09a4\u09b0\u09a3 \u09ac\u09be \u0985\u09a8\u09cd\u09af \u0995\u09cb\u09a8\u0993\u09ad\u09be\u09ac\u09c7 \u09ac\u09cd\u09af\u09ac\u09b9\u09be\u09b0 \u0995\u09b0\u09be \u09af\u09be\u09ac\u09c7 \u09a8\u09be\u0964<\/p><p>\u09a4\u09c3\u09a4\u09c0\u09af\u09bc \u09aa\u0995\u09cd\u09b7\u09c7\u09b0 \u0995\u09a8\u09cd\u099f\u09c7\u09a8\u09cd\u099f \u0986\u09ae\u09be\u09a6\u09c7\u09b0 \u0995\u09be\u099b \u09a5\u09c7\u0995\u09c7 \u09a8\u09be \u0986\u09b8\u09be \u09aa\u09b0\u09cd\u09af\u09a8\u09cd\u09a4 \u09b8\u09c7\u09ad\u09be\u09ac\u09c7\u0987 \u099a\u09bf\u09b9\u09cd\u09a8\u09bf\u09a4 \u0995\u09b0\u09be \u09b9\u09af\u09bc\u0964 \u09a4\u09ac\u09c1\u0993 \u09af\u09a6\u09bf \u0986\u09aa\u09a8\u09bf \u09b8\u09ae\u09cd\u09ad\u09be\u09ac\u09cd\u09af \u0995\u09aa\u09bf\u09b0\u09be\u0987\u099f \u09b2\u0999\u09cd\u0998\u09a8\u09c7\u09b0 \u09ac\u09bf\u09b7\u09af\u09bc\u09c7 \u09b8\u099a\u09c7\u09a4\u09a8 \u09b9\u09a8, \u09a4\u09be\u09b9\u09b2\u09c7 \u0985\u09a8\u09c1\u0997\u09cd\u09b0\u09b9 \u0995\u09b0\u09c7 \u0985\u09ac\u09bf\u09b2\u09ae\u09cd\u09ac\u09c7 \u0986\u09ae\u09be\u09a6\u09c7\u09b0 \u099c\u09be\u09a8\u09be\u09a8\u0964 \u09af\u09c7\u0995\u09cb\u09a8\u09cb \u09b2\u0999\u09cd\u0998\u09a8\u09c7\u09b0 \u09ac\u09bf\u099c\u09cd\u099e\u09aa\u09cd\u09a4\u09bf \u09aa\u09be\u0993\u09af\u09bc\u09be\u09b0 \u09aa\u09b0, \u0986\u09ae\u09b0\u09be \u0985\u09ac\u09bf\u09b2\u09ae\u09cd\u09ac\u09c7 \u09aa\u09cd\u09b0\u09ad\u09be\u09ac\u09bf\u09a4 \u0995\u09a8\u09cd\u099f\u09c7\u09a8\u09cd\u099f\u099f\u09bf \u09b8\u09b0\u09bf\u09af\u09bc\u09c7 \u09ab\u09c7\u09b2\u09ac\u0964<\/p>\t\t\t\t\t\t\t\t<\/div>\n\t\t\t\t<\/div>\n\t\t\t\t<\/div>\n\t\t\t\t<\/div>","protected":false},"excerpt":{"rendered":"<p>Impressum International Metal Foam AGZeltweg 11, CH-8023 Z\u00fcrich E-Mail: info@imf-ag.comTelefon: +41 44 256 16 07Website: imf-ag.comVerwaltungsrat: Frank Schiffer, Z\u00fcrichVerwaltungsrat: Prof. Dr.-Ing. Dirk Zielke, Brandenburg a. d. HavelHandelsregister: Handelsregister Z\u00fcrichUID-Nummer: CHE-106.156.173 Rechtliche Hinweise EU-Streitschlichtung Verbraucher haben die M\u00f6glichkeit, Beschwerden an die Online-Streitbeilegungsplattform der EU zu richten: https:\/\/ec.europa.eu\/consumers\/odr\/main oder ggf. wenn Sie in \u00d6sterreich leben: https:\/\/europakonsument.at . [&hellip;]<\/p>","protected":false},"author":1,"featured_media":0,"parent":0,"menu_order":0,"comment_status":"closed","ping_status":"closed","template":"","meta":{"_acf_changed":false,"iawp_total_views":163,"footnotes":""},"class_list":["post-6463","page","type-page","status-publish","hentry"],"yoast_head":"<!-- This site is optimized with the Yoast SEO plugin v24.9 - https:\/\/yoast.com\/wordpress\/plugins\/seo\/ -->\n<title>Rechtliche Angaben &amp; Kontakt | IMF Defense<\/title>\n<meta name=\"description\" content=\"Impressum: Hier finden Sie alle rechtlichen Angaben, Handelsregistereintrag, Vertretungsberechtigte und Kontaktm\u00f6glichkeiten in Z\u00fcrich.\" \/>\n<meta name=\"robots\" content=\"index, follow, max-snippet:-1, max-image-preview:large, max-video-preview:-1\" \/>\n<link rel=\"canonical\" href=\"https:\/\/imf-defense.com\/bn\/\u099b\u09be\u09aa\/\" \/>\n<meta property=\"og:locale\" content=\"en_US\" \/>\n<meta property=\"og:type\" content=\"article\" \/>\n<meta property=\"og:title\" content=\"Rechtliche Angaben &amp; Kontakt | IMF Defense\" \/>\n<meta property=\"og:description\" content=\"Impressum: Hier finden Sie alle rechtlichen Angaben, Handelsregistereintrag, Vertretungsberechtigte und Kontaktm\u00f6glichkeiten in Z\u00fcrich.\" \/>\n<meta property=\"og:url\" content=\"https:\/\/imf-defense.com\/bn\/\u099b\u09be\u09aa\/\" \/>\n<meta property=\"og:site_name\" content=\"International Metal Foam AG\" \/>\n<meta property=\"article:modified_time\" content=\"2025-12-19T12:51:19+00:00\" \/>\n<meta name=\"twitter:card\" content=\"summary_large_image\" \/>\n<meta name=\"twitter:label1\" content=\"Est. reading time\" \/>\n\t<meta name=\"twitter:data1\" content=\"2 \u09ae\u09bf\u09a8\u09bf\u099f\" \/>\n<script type=\"application\/ld+json\" class=\"yoast-schema-graph\">{\"@context\":\"https:\/\/schema.org\",\"@graph\":[{\"@type\":\"WebPage\",\"@id\":\"https:\/\/imf-defense.com\/impressum\/\",\"url\":\"https:\/\/imf-defense.com\/impressum\/\",\"name\":\"Rechtliche Angaben & Kontakt | IMF Defense\",\"isPartOf\":{\"@id\":\"https:\/\/imf-defense.com\/#website\"},\"datePublished\":\"2025-04-24T09:56:19+00:00\",\"dateModified\":\"2025-12-19T12:51:19+00:00\",\"description\":\"Impressum: Hier finden Sie alle rechtlichen Angaben, Handelsregistereintrag, Vertretungsberechtigte und Kontaktm\u00f6glichkeiten in Z\u00fcrich.\",\"breadcrumb\":{\"@id\":\"https:\/\/imf-defense.com\/impressum\/#breadcrumb\"},\"inLanguage\":\"bn-BD\",\"potentialAction\":[{\"@type\":\"ReadAction\",\"target\":[\"https:\/\/imf-defense.com\/impressum\/\"]}]},{\"@type\":\"BreadcrumbList\",\"@id\":\"https:\/\/imf-defense.com\/impressum\/#breadcrumb\",\"itemListElement\":[{\"@type\":\"ListItem\",\"position\":1,\"name\":\"Startseite\",\"item\":\"https:\/\/imf-defense.com\/\"},{\"@type\":\"ListItem\",\"position\":2,\"name\":\"Impressum\"}]},{\"@type\":\"WebSite\",\"@id\":\"https:\/\/imf-defense.com\/#website\",\"url\":\"https:\/\/imf-defense.com\/\",\"name\":\"International Metal Foam AG\",\"description\":\"\",\"potentialAction\":[{\"@type\":\"SearchAction\",\"target\":{\"@type\":\"EntryPoint\",\"urlTemplate\":\"https:\/\/imf-defense.com\/?s={search_term_string}\"},\"query-input\":{\"@type\":\"PropertyValueSpecification\",\"valueRequired\":true,\"valueName\":\"search_term_string\"}}],\"inLanguage\":\"bn-BD\"}]}<\/script>\n<!-- \/ Yoast SEO plugin. -->","yoast_head_json":{"title":"Rechtliche Angaben & Kontakt | IMF Defense","description":"Impressum: Hier finden Sie alle rechtlichen Angaben, Handelsregistereintrag, Vertretungsberechtigte und Kontaktm\u00f6glichkeiten in Z\u00fcrich.","robots":{"index":"index","follow":"follow","max-snippet":"max-snippet:-1","max-image-preview":"max-image-preview:large","max-video-preview":"max-video-preview:-1"},"canonical":"https:\/\/imf-defense.com\/bn\/\u099b\u09be\u09aa\/","og_locale":"en_US","og_type":"article","og_title":"Rechtliche Angaben & Kontakt | IMF Defense","og_description":"Impressum: Hier finden Sie alle rechtlichen Angaben, Handelsregistereintrag, Vertretungsberechtigte und Kontaktm\u00f6glichkeiten in Z\u00fcrich.","og_url":"https:\/\/imf-defense.com\/bn\/\u099b\u09be\u09aa\/","og_site_name":"International Metal Foam AG","article_modified_time":"2025-12-19T12:51:19+00:00","twitter_card":"summary_large_image","twitter_misc":{"Est. reading time":"2 \u09ae\u09bf\u09a8\u09bf\u099f"},"schema":{"@context":"https:\/\/schema.org","@graph":[{"@type":"WebPage","@id":"https:\/\/imf-defense.com\/impressum\/","url":"https:\/\/imf-defense.com\/impressum\/","name":"Rechtliche Angaben & Kontakt | IMF Defense","isPartOf":{"@id":"https:\/\/imf-defense.com\/#website"},"datePublished":"2025-04-24T09:56:19+00:00","dateModified":"2025-12-19T12:51:19+00:00","description":"Impressum: Hier finden Sie alle rechtlichen Angaben, Handelsregistereintrag, Vertretungsberechtigte und Kontaktm\u00f6glichkeiten in Z\u00fcrich.","breadcrumb":{"@id":"https:\/\/imf-defense.com\/impressum\/#breadcrumb"},"inLanguage":"bn-BD","potentialAction":[{"@type":"ReadAction","target":["https:\/\/imf-defense.com\/impressum\/"]}]},{"@type":"BreadcrumbList","@id":"https:\/\/imf-defense.com\/impressum\/#breadcrumb","itemListElement":[{"@type":"ListItem","position":1,"name":"Startseite","item":"https:\/\/imf-defense.com\/"},{"@type":"ListItem","position":2,"name":"Impressum"}]},{"@type":"WebSite","@id":"https:\/\/imf-defense.com\/#website","url":"https:\/\/imf-defense.com\/","name":"International Metal Foam AG","description":"","potentialAction":[{"@type":"SearchAction","target":{"@type":"EntryPoint","urlTemplate":"https:\/\/imf-defense.com\/?s={search_term_string}"},"query-input":{"@type":"PropertyValueSpecification","valueRequired":true,"valueName":"search_term_string"}}],"inLanguage":"bn-BD"}]}},"acf":[],"_links":{"self":[{"href":"https:\/\/imf-defense.com\/bn\/wp-json\/wp\/v2\/pages\/6463","targetHints":{"allow":["GET"]}}],"collection":[{"href":"https:\/\/imf-defense.com\/bn\/wp-json\/wp\/v2\/pages"}],"about":[{"href":"https:\/\/imf-defense.com\/bn\/wp-json\/wp\/v2\/types\/page"}],"author":[{"embeddable":true,"href":"https:\/\/imf-defense.com\/bn\/wp-json\/wp\/v2\/users\/1"}],"replies":[{"embeddable":true,"href":"https:\/\/imf-defense.com\/bn\/wp-json\/wp\/v2\/comments?post=6463"}],"version-history":[{"count":25,"href":"https:\/\/imf-defense.com\/bn\/wp-json\/wp\/v2\/pages\/6463\/revisions"}],"predecessor-version":[{"id":7935,"href":"https:\/\/imf-defense.com\/bn\/wp-json\/wp\/v2\/pages\/6463\/revisions\/7935"}],"wp:attachment":[{"href":"https:\/\/imf-defense.com\/bn\/wp-json\/wp\/v2\/media?parent=6463"}],"curies":[{"name":"wp","href":"https:\/\/api.w.org\/{rel}","templated":true}]}}